{"id":741449,"date":"2025-03-03T18:14:08","date_gmt":"2025-03-03T17:14:08","guid":{"rendered":"https:\/\/stoic-curie.212-227-153-4.plesk.page\/producto\/amortizer-sidermarine-mpp-t-7-mm-do-3000-kg\/"},"modified":"2026-02-25T00:00:53","modified_gmt":"2026-02-25T00:00:53","slug":"amortizer-sidermarine-mpp-t-7-mm-do-3000-kg","status":"publish","type":"product","link":"https:\/\/stoic-curie.212-227-153-4.plesk.page\/hr\/product\/amortizer-sidermarine-mpp-t-7-mm-do-3000-kg\/","title":{"rendered":"Sidermarine MPP\/T-007 do 1,8 tona"},"content":{"rendered":"<p>Sidermarine MPP\/T-007 do 1,8 tona &#8211; <\/p>\n<p style=\"color: rgb(34, 34, 34); font-family: Arial, Helvetica, sans-serif; font-size: small;\">MPP opruga je vrlo u\u010dinkovita zahvaljuju\u0107i materijalima i tehni\u010dkim rje\u0161enjima kori\u0161tenim u njenom dizajnu i proizvodnji.<\/p>\n<p style=\"color: rgb(34, 34, 34); font-family: Arial, Helvetica, sans-serif; font-size: small;\">Molimo vas da se upoznate s prilo\u017eenim tehni\u010dkim specifikacijama, koje isti\u010du superiorne damperske sposobnosti u usporedbi s drugim proizvodima na tr\u017ei\u0161tu.<\/p>\n<p style=\"color: rgb(34, 34, 34); font-family: Arial, Helvetica, sans-serif; font-size: small;\">Opruge za vezivanje posebno su dizajnirane za smanjenje napetosti u veznim u\u017eadi.<\/p>\n<p style=\"color: rgb(34, 34, 34); font-family: Arial, Helvetica, sans-serif; font-size: small;\">Na\u0161e patentirane opruge za vezivanje izra\u0111ene su od posebne legure nehr\u0111aju\u0107eg \u010delika, koja igra klju\u010dnu ulogu u fazi kompresije, \u010dine\u0107i 60-70% njene funkcije. To je dopunjeno komponentom Mollaflex-Elastomer, koja osigurava dodatnu podr\u0161ku pod ve\u0107im stresom. Ova kombinacija je jedini u\u010dinkovit sustav za minimiziranje oscilacija broda dok je vezan, osiguravaju\u0107i sigurnost pravilnim prigu\u0161enjem napetosti u veznim u\u017eadima. To zna\u010dajno smanjuje sile koje djeluju na stra\u017enje klupe, rezultiraju\u0107i stabilnijim i ugodnijim iskustvom za korisnika.<\/p>\n<p style=\"color: rgb(34, 34, 34); font-family: Arial, Helvetica, sans-serif; font-size: small;\">Va\u017eno je napomenuti da elastomer sam ne mo\u017ee pru\u017eiti u\u010dinkovito ubla\u017eavanje. Kao vrlo krut materijal, komprimira se samo pod jakim optere\u0107enjima i visokim optere\u0107enjima. Opruga za vezivanje iz Sidermarine, koja se tiho pona\u0161a, nudi izvrsno apsorbiranje \u0161oka, zahvaljuju\u0107i kompresiji opruge izra\u0111enoj od specijalne legure nehr\u0111aju\u0107eg \u010delika i elastomerima Mollaflex koji se aktiviraju pod ve\u0107im stresom.<\/p>\n","protected":false},"excerpt":{"rendered":"<p>Sidermarine MPP\/T-007 do 1,8 tona &#8211; MPP opruga je vrlo u\u010dinkovita zahvaljuju\u0107i materijalima i tehni\u010dkim rje\u0161enjima kori\u0161tenim u njenom dizajnu<\/p>\n","protected":false},"featured_media":5941693,"comment_status":"open","ping_status":"closed","template":"","meta":[],"product_brand":[3386],"product_cat":[1624],"product_tag":[],"class_list":{"0":"post-741449","1":"product","2":"type-product","3":"status-publish","4":"has-post-thumbnail","6":"product_brand-sidermarine-hr","7":"product_cat-amortizeri-za-konope-za-vez","9":"first","10":"instock","11":"shipping-taxable","12":"purchasable","13":"product-type-simple"},"_links":{"self":[{"href":"https:\/\/stoic-curie.212-227-153-4.plesk.page\/hr\/wp-json\/wp\/v2\/product\/741449","targetHints":{"allow":["GET"]}}],"collection":[{"href":"https:\/\/stoic-curie.212-227-153-4.plesk.page\/hr\/wp-json\/wp\/v2\/product"}],"about":[{"href":"https:\/\/stoic-curie.212-227-153-4.plesk.page\/hr\/wp-json\/wp\/v2\/types\/product"}],"replies":[{"embeddable":true,"href":"https:\/\/stoic-curie.212-227-153-4.plesk.page\/hr\/wp-json\/wp\/v2\/comments?post=741449"}],"version-history":[{"count":0,"href":"https:\/\/stoic-curie.212-227-153-4.plesk.page\/hr\/wp-json\/wp\/v2\/product\/741449\/revisions"}],"wp:featuredmedia":[{"embeddable":true,"href":"https:\/\/stoic-curie.212-227-153-4.plesk.page\/hr\/wp-json\/wp\/v2\/media\/5941693"}],"wp:attachment":[{"href":"https:\/\/stoic-curie.212-227-153-4.plesk.page\/hr\/wp-json\/wp\/v2\/media?parent=741449"}],"wp:term":[{"taxonomy":"product_brand","embeddable":true,"href":"https:\/\/stoic-curie.212-227-153-4.plesk.page\/hr\/wp-json\/wp\/v2\/product_brand?post=741449"},{"taxonomy":"product_cat","embeddable":true,"href":"https:\/\/stoic-curie.212-227-153-4.plesk.page\/hr\/wp-json\/wp\/v2\/product_cat?post=741449"},{"taxonomy":"product_tag","embeddable":true,"href":"https:\/\/stoic-curie.212-227-153-4.plesk.page\/hr\/wp-json\/wp\/v2\/product_tag?post=741449"}],"curies":[{"name":"wp","href":"https:\/\/api.w.org\/{rel}","templated":true}]}}