{"id":741455,"date":"2025-03-03T18:14:09","date_gmt":"2025-03-03T17:14:09","guid":{"rendered":"https:\/\/stoic-curie.212-227-153-4.plesk.page\/producto\/hidroizolacija-za-tkanine-i-navlake-za-camce-star-brite-379-l\/"},"modified":"2026-02-25T00:00:53","modified_gmt":"2026-02-25T00:00:53","slug":"hidroizolacija-za-tkanine-i-navlake-za-camce-star-brite-379-l","status":"publish","type":"product","link":"https:\/\/stoic-curie.212-227-153-4.plesk.page\/hr\/product\/hidroizolacija-za-tkanine-i-navlake-za-camce-star-brite-379-l\/","title":{"rendered":"Hidroizolacija za tkanine i navlake za \u010damce Star Brite 3,79 l"},"content":{"rendered":"<p>Hidroizolacija za tkanine i navlake za \u010damce Star Brite 3,79 l &#8211; <\/p>\n<p>\u2022 Sigurna i prikladna vodonepropusnost za sve tkanine <br \/>\u2022 Za pokriva\u010de brodova, bimini tende, pokriva\u010de jedara, odje\u0107u i \u0161atore <br \/>\u2022 Ne mijenja boju niti osje\u0107aj tkanine<\/p>\n","protected":false},"excerpt":{"rendered":"<p>Hidroizolacija za tkanine i navlake za \u010damce Star Brite 3,79 l &#8211; \u2022 Sigurna i prikladna vodonepropusnost za sve tkanine<\/p>\n","protected":false},"featured_media":5940744,"comment_status":"open","ping_status":"closed","template":"","meta":[],"product_brand":[3436],"product_cat":[1689,1703,1626],"product_tag":[],"class_list":{"0":"post-741455","1":"product","2":"type-product","3":"status-publish","4":"has-post-thumbnail","6":"product_brand-starbrite-hr","7":"product_cat-bimini-tende","8":"product_cat-hardver-za-navlake-i-bimini","9":"product_cat-proizvodi-za-odrzavanje","11":"first","12":"instock","13":"shipping-taxable","14":"purchasable","15":"product-type-simple"},"_links":{"self":[{"href":"https:\/\/stoic-curie.212-227-153-4.plesk.page\/hr\/wp-json\/wp\/v2\/product\/741455","targetHints":{"allow":["GET"]}}],"collection":[{"href":"https:\/\/stoic-curie.212-227-153-4.plesk.page\/hr\/wp-json\/wp\/v2\/product"}],"about":[{"href":"https:\/\/stoic-curie.212-227-153-4.plesk.page\/hr\/wp-json\/wp\/v2\/types\/product"}],"replies":[{"embeddable":true,"href":"https:\/\/stoic-curie.212-227-153-4.plesk.page\/hr\/wp-json\/wp\/v2\/comments?post=741455"}],"version-history":[{"count":0,"href":"https:\/\/stoic-curie.212-227-153-4.plesk.page\/hr\/wp-json\/wp\/v2\/product\/741455\/revisions"}],"wp:featuredmedia":[{"embeddable":true,"href":"https:\/\/stoic-curie.212-227-153-4.plesk.page\/hr\/wp-json\/wp\/v2\/media\/5940744"}],"wp:attachment":[{"href":"https:\/\/stoic-curie.212-227-153-4.plesk.page\/hr\/wp-json\/wp\/v2\/media?parent=741455"}],"wp:term":[{"taxonomy":"product_brand","embeddable":true,"href":"https:\/\/stoic-curie.212-227-153-4.plesk.page\/hr\/wp-json\/wp\/v2\/product_brand?post=741455"},{"taxonomy":"product_cat","embeddable":true,"href":"https:\/\/stoic-curie.212-227-153-4.plesk.page\/hr\/wp-json\/wp\/v2\/product_cat?post=741455"},{"taxonomy":"product_tag","embeddable":true,"href":"https:\/\/stoic-curie.212-227-153-4.plesk.page\/hr\/wp-json\/wp\/v2\/product_tag?post=741455"}],"curies":[{"name":"wp","href":"https:\/\/api.w.org\/{rel}","templated":true}]}}