{"id":741461,"date":"2025-03-03T18:14:11","date_gmt":"2025-03-03T17:14:11","guid":{"rendered":"https:\/\/stoic-curie.212-227-153-4.plesk.page\/producto\/ventilacijska-lula-vetus-dorade-100-mm-x-h250-mm\/"},"modified":"2026-02-25T00:00:53","modified_gmt":"2026-02-25T00:00:53","slug":"ventilacijska-lula-vetus-dorade-100-mm-x-h250-mm","status":"publish","type":"product","link":"https:\/\/stoic-curie.212-227-153-4.plesk.page\/hr\/product\/ventilacijska-lula-vetus-dorade-100-mm-x-h250-mm\/","title":{"rendered":"Ventilacijska lula Vetus Dorade, 100 mm x H250 mm"},"content":{"rendered":"<p>Ventilacijska lula Vetus Dorade, 100 mm x H250 mm &#8211; <\/p>\n<p>Visoko profilirani ventilatori od silikonske gume s flanging i prstenom od oja\u010danog plastike. Mogu se okretati i su odvojivi. Otporni su na morsku sredinu, UV zrake, prljav\u0161tinu i promjenu boje. Opcionalna Dorade kutija, opremljena ru\u010dkom za zatvaranje i mre\u017eicom protiv insekata, odvodi svu vodu koja u\u0111e u ventilator.<\/p>\n","protected":false},"excerpt":{"rendered":"<p>Ventilacijska lula Vetus Dorade, 100 mm x H250 mm &#8211; Visoko profilirani ventilatori od silikonske gume s flanging i prstenom<\/p>\n","protected":false},"featured_media":5941731,"comment_status":"open","ping_status":"closed","template":"","meta":[],"product_brand":[3521],"product_cat":[1699],"product_tag":[],"class_list":{"0":"post-741461","1":"product","2":"type-product","3":"status-publish","4":"has-post-thumbnail","6":"product_brand-vetus-hr","7":"product_cat-palubni-ventilacijski-otvori","9":"first","10":"instock","11":"shipping-taxable","12":"purchasable","13":"product-type-simple"},"_links":{"self":[{"href":"https:\/\/stoic-curie.212-227-153-4.plesk.page\/hr\/wp-json\/wp\/v2\/product\/741461","targetHints":{"allow":["GET"]}}],"collection":[{"href":"https:\/\/stoic-curie.212-227-153-4.plesk.page\/hr\/wp-json\/wp\/v2\/product"}],"about":[{"href":"https:\/\/stoic-curie.212-227-153-4.plesk.page\/hr\/wp-json\/wp\/v2\/types\/product"}],"replies":[{"embeddable":true,"href":"https:\/\/stoic-curie.212-227-153-4.plesk.page\/hr\/wp-json\/wp\/v2\/comments?post=741461"}],"version-history":[{"count":0,"href":"https:\/\/stoic-curie.212-227-153-4.plesk.page\/hr\/wp-json\/wp\/v2\/product\/741461\/revisions"}],"wp:featuredmedia":[{"embeddable":true,"href":"https:\/\/stoic-curie.212-227-153-4.plesk.page\/hr\/wp-json\/wp\/v2\/media\/5941731"}],"wp:attachment":[{"href":"https:\/\/stoic-curie.212-227-153-4.plesk.page\/hr\/wp-json\/wp\/v2\/media?parent=741461"}],"wp:term":[{"taxonomy":"product_brand","embeddable":true,"href":"https:\/\/stoic-curie.212-227-153-4.plesk.page\/hr\/wp-json\/wp\/v2\/product_brand?post=741461"},{"taxonomy":"product_cat","embeddable":true,"href":"https:\/\/stoic-curie.212-227-153-4.plesk.page\/hr\/wp-json\/wp\/v2\/product_cat?post=741461"},{"taxonomy":"product_tag","embeddable":true,"href":"https:\/\/stoic-curie.212-227-153-4.plesk.page\/hr\/wp-json\/wp\/v2\/product_tag?post=741461"}],"curies":[{"name":"wp","href":"https:\/\/api.w.org\/{rel}","templated":true}]}}