{"id":741462,"date":"2025-03-03T18:14:11","date_gmt":"2025-03-03T17:14:11","guid":{"rendered":"https:\/\/stoic-curie.212-227-153-4.plesk.page\/producto\/ventilacijska-lula-vetus-dorade-125-mm-x-h300-mm\/"},"modified":"2026-02-25T00:00:53","modified_gmt":"2026-02-25T00:00:53","slug":"ventilacijska-lula-vetus-dorade-125-mm-x-h300-mm","status":"publish","type":"product","link":"https:\/\/stoic-curie.212-227-153-4.plesk.page\/hr\/product\/ventilacijska-lula-vetus-dorade-125-mm-x-h300-mm\/","title":{"rendered":"Ventilacijska lula Vetus Dorade, 125 mm x H300 mm"},"content":{"rendered":"<p>Ventilacijska lula Vetus Dorade, 125 mm x H300 mm &#8211; <\/p>\n<p>Visokoprofilni ventilatori od silikonske gume s prirubnicom i prstenom od oja\u010danog plastike. Mogu se okretati i su odvojivi. Otporni su na morska okru\u017eenja, UV zrake, prljav\u0161tinu i promjenu boje. Opcijska Dorade kutija s ru\u010dkom za zatvaranje i mre\u017eicom protiv insekata odvodi vodu koja ulazi u ventilator.<\/p>\n","protected":false},"excerpt":{"rendered":"<p>Ventilacijska lula Vetus Dorade, 125 mm x H300 mm &#8211; Visokoprofilni ventilatori od silikonske gume s prirubnicom i prstenom od<\/p>\n","protected":false},"featured_media":5941731,"comment_status":"open","ping_status":"closed","template":"","meta":[],"product_brand":[3521],"product_cat":[1699],"product_tag":[],"class_list":{"0":"post-741462","1":"product","2":"type-product","3":"status-publish","4":"has-post-thumbnail","6":"product_brand-vetus-hr","7":"product_cat-palubni-ventilacijski-otvori","9":"first","10":"instock","11":"shipping-taxable","12":"purchasable","13":"product-type-simple"},"_links":{"self":[{"href":"https:\/\/stoic-curie.212-227-153-4.plesk.page\/hr\/wp-json\/wp\/v2\/product\/741462","targetHints":{"allow":["GET"]}}],"collection":[{"href":"https:\/\/stoic-curie.212-227-153-4.plesk.page\/hr\/wp-json\/wp\/v2\/product"}],"about":[{"href":"https:\/\/stoic-curie.212-227-153-4.plesk.page\/hr\/wp-json\/wp\/v2\/types\/product"}],"replies":[{"embeddable":true,"href":"https:\/\/stoic-curie.212-227-153-4.plesk.page\/hr\/wp-json\/wp\/v2\/comments?post=741462"}],"version-history":[{"count":0,"href":"https:\/\/stoic-curie.212-227-153-4.plesk.page\/hr\/wp-json\/wp\/v2\/product\/741462\/revisions"}],"wp:featuredmedia":[{"embeddable":true,"href":"https:\/\/stoic-curie.212-227-153-4.plesk.page\/hr\/wp-json\/wp\/v2\/media\/5941731"}],"wp:attachment":[{"href":"https:\/\/stoic-curie.212-227-153-4.plesk.page\/hr\/wp-json\/wp\/v2\/media?parent=741462"}],"wp:term":[{"taxonomy":"product_brand","embeddable":true,"href":"https:\/\/stoic-curie.212-227-153-4.plesk.page\/hr\/wp-json\/wp\/v2\/product_brand?post=741462"},{"taxonomy":"product_cat","embeddable":true,"href":"https:\/\/stoic-curie.212-227-153-4.plesk.page\/hr\/wp-json\/wp\/v2\/product_cat?post=741462"},{"taxonomy":"product_tag","embeddable":true,"href":"https:\/\/stoic-curie.212-227-153-4.plesk.page\/hr\/wp-json\/wp\/v2\/product_tag?post=741462"}],"curies":[{"name":"wp","href":"https:\/\/api.w.org\/{rel}","templated":true}]}}