{"id":741464,"date":"2025-03-03T18:14:11","date_gmt":"2025-03-03T17:14:11","guid":{"rendered":"https:\/\/stoic-curie.212-227-153-4.plesk.page\/producto\/baza-ventilacijske-lule-vetus-dorade-100-mm\/"},"modified":"2026-02-25T00:00:53","modified_gmt":"2026-02-25T00:00:53","slug":"baza-ventilacijske-lule-vetus-dorade-100-mm","status":"publish","type":"product","link":"https:\/\/stoic-curie.212-227-153-4.plesk.page\/hr\/product\/baza-ventilacijske-lule-vetus-dorade-100-mm\/","title":{"rendered":"Baza ventilacijske lule Vetus Dorade 100 mm"},"content":{"rendered":"<p>Baza ventilacijske lule Vetus Dorade 100 mm &#8211; <\/p>\n<p>Visoko profilirani ventilatori od silikonske gume s flan\u0161em i prstenom od oja\u010danog plastike. Mogu se okretati i lako ih je ukloniti. Otporni su na morsku okolinu, UV zrake, prljav\u0161tinu i promjenu boje. Opcionalna Dorade kutija opremljena ru\u010dkom za zatvaranje i mre\u017eicom protiv insekata odvodi svu vodu koja ulazi u ventilator.<\/p>\n","protected":false},"excerpt":{"rendered":"<p>Baza ventilacijske lule Vetus Dorade 100 mm &#8211; Visoko profilirani ventilatori od silikonske gume s flan\u0161em i prstenom od oja\u010danog<\/p>\n","protected":false},"featured_media":5941725,"comment_status":"open","ping_status":"closed","template":"","meta":[],"product_brand":[3521],"product_cat":[1699],"product_tag":[],"class_list":{"0":"post-741464","1":"product","2":"type-product","3":"status-publish","4":"has-post-thumbnail","6":"product_brand-vetus-hr","7":"product_cat-palubni-ventilacijski-otvori","9":"first","10":"outofstock","11":"shipping-taxable","12":"purchasable","13":"product-type-simple"},"_links":{"self":[{"href":"https:\/\/stoic-curie.212-227-153-4.plesk.page\/hr\/wp-json\/wp\/v2\/product\/741464","targetHints":{"allow":["GET"]}}],"collection":[{"href":"https:\/\/stoic-curie.212-227-153-4.plesk.page\/hr\/wp-json\/wp\/v2\/product"}],"about":[{"href":"https:\/\/stoic-curie.212-227-153-4.plesk.page\/hr\/wp-json\/wp\/v2\/types\/product"}],"replies":[{"embeddable":true,"href":"https:\/\/stoic-curie.212-227-153-4.plesk.page\/hr\/wp-json\/wp\/v2\/comments?post=741464"}],"version-history":[{"count":0,"href":"https:\/\/stoic-curie.212-227-153-4.plesk.page\/hr\/wp-json\/wp\/v2\/product\/741464\/revisions"}],"wp:featuredmedia":[{"embeddable":true,"href":"https:\/\/stoic-curie.212-227-153-4.plesk.page\/hr\/wp-json\/wp\/v2\/media\/5941725"}],"wp:attachment":[{"href":"https:\/\/stoic-curie.212-227-153-4.plesk.page\/hr\/wp-json\/wp\/v2\/media?parent=741464"}],"wp:term":[{"taxonomy":"product_brand","embeddable":true,"href":"https:\/\/stoic-curie.212-227-153-4.plesk.page\/hr\/wp-json\/wp\/v2\/product_brand?post=741464"},{"taxonomy":"product_cat","embeddable":true,"href":"https:\/\/stoic-curie.212-227-153-4.plesk.page\/hr\/wp-json\/wp\/v2\/product_cat?post=741464"},{"taxonomy":"product_tag","embeddable":true,"href":"https:\/\/stoic-curie.212-227-153-4.plesk.page\/hr\/wp-json\/wp\/v2\/product_tag?post=741464"}],"curies":[{"name":"wp","href":"https:\/\/api.w.org\/{rel}","templated":true}]}}