{"id":741484,"date":"2025-03-03T18:14:16","date_gmt":"2025-03-03T17:14:16","guid":{"rendered":"https:\/\/stoic-curie.212-227-153-4.plesk.page\/producto\/plasticni-kotaci-za-porinuce-gumenjaka-115-kg\/"},"modified":"2026-02-25T00:00:53","modified_gmt":"2026-02-25T00:00:53","slug":"plasticni-kotaci-za-porinuce-gumenjaka-115-kg","status":"publish","type":"product","link":"https:\/\/stoic-curie.212-227-153-4.plesk.page\/hr\/product\/plasticni-kotaci-za-porinuce-gumenjaka-115-kg\/","title":{"rendered":"Plasticni kotaci za porinuce gumenjaka, 115 kg"},"content":{"rendered":"<p>Plasticni kotaci za porinuce gumenjaka, 115 kg &#8211; <\/p>\n<p>Oja\u010dani plasti\u010dni transom kota\u010di za lansiranje za gumenjake i mala plovila, olak\u0161avaju vu\u010du. Mogu se podi\u0107i tijekom jedrenja. Izra\u0111eni su od laganog i otpornog na koroziju materijala, bez potrebe za odr\u017eavanjem.<\/p>\n","protected":false},"excerpt":{"rendered":"<p>Plasticni kotaci za porinuce gumenjaka, 115 kg &#8211; Oja\u010dani plasti\u010dni transom kota\u010di za lansiranje za gumenjake i mala plovila, olak\u0161avaju<\/p>\n","protected":false},"featured_media":5941752,"comment_status":"open","ping_status":"closed","template":"","meta":[],"product_brand":[3491],"product_cat":[1839],"product_tag":[],"class_list":{"0":"post-741484","1":"product","2":"type-product","3":"status-publish","4":"has-post-thumbnail","6":"product_brand-trem-hr","7":"product_cat-oprema-za-pomocne-brodice","9":"first","10":"instock","11":"shipping-taxable","12":"purchasable","13":"product-type-simple"},"_links":{"self":[{"href":"https:\/\/stoic-curie.212-227-153-4.plesk.page\/hr\/wp-json\/wp\/v2\/product\/741484","targetHints":{"allow":["GET"]}}],"collection":[{"href":"https:\/\/stoic-curie.212-227-153-4.plesk.page\/hr\/wp-json\/wp\/v2\/product"}],"about":[{"href":"https:\/\/stoic-curie.212-227-153-4.plesk.page\/hr\/wp-json\/wp\/v2\/types\/product"}],"replies":[{"embeddable":true,"href":"https:\/\/stoic-curie.212-227-153-4.plesk.page\/hr\/wp-json\/wp\/v2\/comments?post=741484"}],"version-history":[{"count":0,"href":"https:\/\/stoic-curie.212-227-153-4.plesk.page\/hr\/wp-json\/wp\/v2\/product\/741484\/revisions"}],"wp:featuredmedia":[{"embeddable":true,"href":"https:\/\/stoic-curie.212-227-153-4.plesk.page\/hr\/wp-json\/wp\/v2\/media\/5941752"}],"wp:attachment":[{"href":"https:\/\/stoic-curie.212-227-153-4.plesk.page\/hr\/wp-json\/wp\/v2\/media?parent=741484"}],"wp:term":[{"taxonomy":"product_brand","embeddable":true,"href":"https:\/\/stoic-curie.212-227-153-4.plesk.page\/hr\/wp-json\/wp\/v2\/product_brand?post=741484"},{"taxonomy":"product_cat","embeddable":true,"href":"https:\/\/stoic-curie.212-227-153-4.plesk.page\/hr\/wp-json\/wp\/v2\/product_cat?post=741484"},{"taxonomy":"product_tag","embeddable":true,"href":"https:\/\/stoic-curie.212-227-153-4.plesk.page\/hr\/wp-json\/wp\/v2\/product_tag?post=741484"}],"curies":[{"name":"wp","href":"https:\/\/api.w.org\/{rel}","templated":true}]}}