{"id":741486,"date":"2025-03-03T18:14:16","date_gmt":"2025-03-03T17:14:16","guid":{"rendered":"https:\/\/stoic-curie.212-227-153-4.plesk.page\/producto\/star-brite-instant-cistac-trupa-380-lt\/"},"modified":"2026-02-25T00:00:53","modified_gmt":"2026-02-25T00:00:53","slug":"star-brite-instant-cistac-trupa-380-lt","status":"publish","type":"product","link":"https:\/\/stoic-curie.212-227-153-4.plesk.page\/hr\/product\/star-brite-instant-cistac-trupa-380-lt\/","title":{"rendered":"Star Brite &#8220;Instant \u010dista\u010d trupa&#8221;; 3,80 Lt"},"content":{"rendered":"<p>Star Brite &#8220;Instant \u010dista\u010d trupa&#8221;; 3,80 Lt &#8211; <\/p>\n<p>\u2022 Ne sadr\u017ei \u0161tetne kiseline, sigurno i jednostavno za kori\u0161tenje. \u2022 Brzo uklanja pruge i mrlje s vodene linije i sa strana. \u2022 Izvrstan za kori\u0161tenje na fiberglas, metalu i obojenim povr\u0161inama. \u2022 Nova gel formula u spreju prikladna je za vertikalne povr\u0161ine.<\/p>\n","protected":false},"excerpt":{"rendered":"<p>Star Brite &#8220;Instant \u010dista\u010d trupa&#8221;; 3,80 Lt &#8211; \u2022 Ne sadr\u017ei \u0161tetne kiseline, sigurno i jednostavno za kori\u0161tenje. \u2022 Brzo<\/p>\n","protected":false},"featured_media":5941762,"comment_status":"open","ping_status":"closed","template":"","meta":[],"product_brand":[3436],"product_cat":[1628],"product_tag":[],"class_list":{"0":"post-741486","1":"product","2":"type-product","3":"status-publish","4":"has-post-thumbnail","6":"product_brand-starbrite-hr","7":"product_cat-proizvodi-za-ciscenje","9":"first","10":"instock","11":"shipping-taxable","12":"purchasable","13":"product-type-simple"},"_links":{"self":[{"href":"https:\/\/stoic-curie.212-227-153-4.plesk.page\/hr\/wp-json\/wp\/v2\/product\/741486","targetHints":{"allow":["GET"]}}],"collection":[{"href":"https:\/\/stoic-curie.212-227-153-4.plesk.page\/hr\/wp-json\/wp\/v2\/product"}],"about":[{"href":"https:\/\/stoic-curie.212-227-153-4.plesk.page\/hr\/wp-json\/wp\/v2\/types\/product"}],"replies":[{"embeddable":true,"href":"https:\/\/stoic-curie.212-227-153-4.plesk.page\/hr\/wp-json\/wp\/v2\/comments?post=741486"}],"version-history":[{"count":0,"href":"https:\/\/stoic-curie.212-227-153-4.plesk.page\/hr\/wp-json\/wp\/v2\/product\/741486\/revisions"}],"wp:featuredmedia":[{"embeddable":true,"href":"https:\/\/stoic-curie.212-227-153-4.plesk.page\/hr\/wp-json\/wp\/v2\/media\/5941762"}],"wp:attachment":[{"href":"https:\/\/stoic-curie.212-227-153-4.plesk.page\/hr\/wp-json\/wp\/v2\/media?parent=741486"}],"wp:term":[{"taxonomy":"product_brand","embeddable":true,"href":"https:\/\/stoic-curie.212-227-153-4.plesk.page\/hr\/wp-json\/wp\/v2\/product_brand?post=741486"},{"taxonomy":"product_cat","embeddable":true,"href":"https:\/\/stoic-curie.212-227-153-4.plesk.page\/hr\/wp-json\/wp\/v2\/product_cat?post=741486"},{"taxonomy":"product_tag","embeddable":true,"href":"https:\/\/stoic-curie.212-227-153-4.plesk.page\/hr\/wp-json\/wp\/v2\/product_tag?post=741486"}],"curies":[{"name":"wp","href":"https:\/\/api.w.org\/{rel}","templated":true}]}}