{"id":741487,"date":"2025-03-03T18:14:17","date_gmt":"2025-03-03T17:14:17","guid":{"rendered":"https:\/\/stoic-curie.212-227-153-4.plesk.page\/producto\/sredstvo-za-ciscenje-streme-star-brite-3-8lt\/"},"modified":"2026-02-25T00:00:53","modified_gmt":"2026-02-25T00:00:53","slug":"sredstvo-za-ciscenje-streme-star-brite-3-8lt","status":"publish","type":"product","link":"https:\/\/stoic-curie.212-227-153-4.plesk.page\/hr\/product\/sredstvo-za-ciscenje-streme-star-brite-3-8lt\/","title":{"rendered":"Sredstvo za \u010di\u0161\u0107enje Streme Star Brite 3.8lt"},"content":{"rendered":"<p>Sredstvo za \u010di\u0161\u0107enje Streme Star Brite 3.8lt &#8211; <\/p>\n<p>\u2022 Sna\u017ean vi\u0161enamjenski \u010dista\u010d za sve povr\u0161ine, idealan \u010dak i za porozne materijale<br \/>\u2022 Uklanja prljav\u0161tinu i masne mrlje zahvaljuju\u0107i spojevima koji razgra\u0111uju kemijske veze, bez potrebe za ribanjem<br \/>\u2022 Bez fosfata, ne \u0161teti morskom \u017eivotu<br \/>\u2022 Tako\u0111er pogodna za stakloplastiku, vinil, plastiku i metal<\/p>\n","protected":false},"excerpt":{"rendered":"<p>Sredstvo za \u010di\u0161\u0107enje Streme Star Brite 3.8lt &#8211; \u2022 Sna\u017ean vi\u0161enamjenski \u010dista\u010d za sve povr\u0161ine, idealan \u010dak i za porozne<\/p>\n","protected":false},"featured_media":5941764,"comment_status":"open","ping_status":"closed","template":"","meta":[],"product_brand":[3436],"product_cat":[1628],"product_tag":[],"class_list":{"0":"post-741487","1":"product","2":"type-product","3":"status-publish","4":"has-post-thumbnail","6":"product_brand-starbrite-hr","7":"product_cat-proizvodi-za-ciscenje","9":"first","10":"instock","11":"shipping-taxable","12":"purchasable","13":"product-type-simple"},"_links":{"self":[{"href":"https:\/\/stoic-curie.212-227-153-4.plesk.page\/hr\/wp-json\/wp\/v2\/product\/741487","targetHints":{"allow":["GET"]}}],"collection":[{"href":"https:\/\/stoic-curie.212-227-153-4.plesk.page\/hr\/wp-json\/wp\/v2\/product"}],"about":[{"href":"https:\/\/stoic-curie.212-227-153-4.plesk.page\/hr\/wp-json\/wp\/v2\/types\/product"}],"replies":[{"embeddable":true,"href":"https:\/\/stoic-curie.212-227-153-4.plesk.page\/hr\/wp-json\/wp\/v2\/comments?post=741487"}],"version-history":[{"count":0,"href":"https:\/\/stoic-curie.212-227-153-4.plesk.page\/hr\/wp-json\/wp\/v2\/product\/741487\/revisions"}],"wp:featuredmedia":[{"embeddable":true,"href":"https:\/\/stoic-curie.212-227-153-4.plesk.page\/hr\/wp-json\/wp\/v2\/media\/5941764"}],"wp:attachment":[{"href":"https:\/\/stoic-curie.212-227-153-4.plesk.page\/hr\/wp-json\/wp\/v2\/media?parent=741487"}],"wp:term":[{"taxonomy":"product_brand","embeddable":true,"href":"https:\/\/stoic-curie.212-227-153-4.plesk.page\/hr\/wp-json\/wp\/v2\/product_brand?post=741487"},{"taxonomy":"product_cat","embeddable":true,"href":"https:\/\/stoic-curie.212-227-153-4.plesk.page\/hr\/wp-json\/wp\/v2\/product_cat?post=741487"},{"taxonomy":"product_tag","embeddable":true,"href":"https:\/\/stoic-curie.212-227-153-4.plesk.page\/hr\/wp-json\/wp\/v2\/product_tag?post=741487"}],"curies":[{"name":"wp","href":"https:\/\/api.w.org\/{rel}","templated":true}]}}