{"id":741495,"date":"2025-03-03T18:14:19","date_gmt":"2025-03-03T17:14:19","guid":{"rendered":"https:\/\/stoic-curie.212-227-153-4.plesk.page\/producto\/poklopac-s-kutijom-za-pohranu-373-x-270-mm-kutija-160-mm\/"},"modified":"2026-02-25T00:00:53","modified_gmt":"2026-02-25T00:00:53","slug":"poklopac-s-kutijom-za-pohranu-373-x-270-mm-kutija-160-mm","status":"publish","type":"product","link":"https:\/\/stoic-curie.212-227-153-4.plesk.page\/hr\/product\/poklopac-s-kutijom-za-pohranu-373-x-270-mm-kutija-160-mm\/","title":{"rendered":"Poklopac s kutijom za pohranu 373 x 270 mm (kutija 160 mm)"},"content":{"rendered":"<p>Poklopac s kutijom za pohranu 373 x 270 mm (kutija 160 mm) &#8211; <\/p>\n<p>UV-otporan ABS ASA 180\u00b0 otvoriv walkable vodonepropusni pristupni poklopac s kutijom. Poklopac s dvostrukim sustavom otvaranja: klasi\u010dnim i izvla\u010divim. Izvla\u010divi sustav omogu\u0107uje otvaranje poklopca u uskim prostorima.<\/p>\n","protected":false},"excerpt":{"rendered":"<p>Poklopac s kutijom za pohranu 373 x 270 mm (kutija 160 mm) &#8211; UV-otporan ABS ASA 180\u00b0 otvoriv walkable vodonepropusni<\/p>\n","protected":false},"featured_media":5941787,"comment_status":"open","ping_status":"closed","template":"","meta":[],"product_brand":[2856],"product_cat":[1695,1644],"product_tag":[],"class_list":{"0":"post-741495","1":"product","2":"type-product","3":"status-publish","4":"has-post-thumbnail","6":"product_brand-can-marine-hr","7":"product_cat-brodski-plasticni-otvori","8":"product_cat-pribor-za-spremista","10":"first","11":"instock","12":"shipping-taxable","13":"purchasable","14":"product-type-simple"},"_links":{"self":[{"href":"https:\/\/stoic-curie.212-227-153-4.plesk.page\/hr\/wp-json\/wp\/v2\/product\/741495","targetHints":{"allow":["GET"]}}],"collection":[{"href":"https:\/\/stoic-curie.212-227-153-4.plesk.page\/hr\/wp-json\/wp\/v2\/product"}],"about":[{"href":"https:\/\/stoic-curie.212-227-153-4.plesk.page\/hr\/wp-json\/wp\/v2\/types\/product"}],"replies":[{"embeddable":true,"href":"https:\/\/stoic-curie.212-227-153-4.plesk.page\/hr\/wp-json\/wp\/v2\/comments?post=741495"}],"version-history":[{"count":0,"href":"https:\/\/stoic-curie.212-227-153-4.plesk.page\/hr\/wp-json\/wp\/v2\/product\/741495\/revisions"}],"wp:featuredmedia":[{"embeddable":true,"href":"https:\/\/stoic-curie.212-227-153-4.plesk.page\/hr\/wp-json\/wp\/v2\/media\/5941787"}],"wp:attachment":[{"href":"https:\/\/stoic-curie.212-227-153-4.plesk.page\/hr\/wp-json\/wp\/v2\/media?parent=741495"}],"wp:term":[{"taxonomy":"product_brand","embeddable":true,"href":"https:\/\/stoic-curie.212-227-153-4.plesk.page\/hr\/wp-json\/wp\/v2\/product_brand?post=741495"},{"taxonomy":"product_cat","embeddable":true,"href":"https:\/\/stoic-curie.212-227-153-4.plesk.page\/hr\/wp-json\/wp\/v2\/product_cat?post=741495"},{"taxonomy":"product_tag","embeddable":true,"href":"https:\/\/stoic-curie.212-227-153-4.plesk.page\/hr\/wp-json\/wp\/v2\/product_tag?post=741495"}],"curies":[{"name":"wp","href":"https:\/\/api.w.org\/{rel}","templated":true}]}}