{"id":741506,"date":"2025-03-03T18:14:22","date_gmt":"2025-03-03T17:14:22","guid":{"rendered":"https:\/\/stoic-curie.212-227-153-4.plesk.page\/producto\/attwood-hd-kaljuzna-pumpa-24v-hd2000\/"},"modified":"2026-02-25T00:00:53","modified_gmt":"2026-02-25T00:00:53","slug":"attwood-hd-kaljuzna-pumpa-24v-hd2000","status":"publish","type":"product","link":"https:\/\/stoic-curie.212-227-153-4.plesk.page\/hr\/product\/attwood-hd-kaljuzna-pumpa-24v-hd2000\/","title":{"rendered":"Attwood HD kalju\u017ena pumpa 24V HD2000"},"content":{"rendered":"<p>Attwood HD kalju\u017ena pumpa 24V HD2000 &#8211; <\/p>\n<p>Attwood HD te\u0161ka potopna pumpa za odvodnju s 3 GODINE JAMSTVA. Motorna osovina od nehr\u0111aju\u0107eg \u010delika i oblikovani brtvila za sprje\u010davanje infiltracija.<\/p>\n","protected":false},"excerpt":{"rendered":"<p>Attwood HD kalju\u017ena pumpa 24V HD2000 &#8211; Attwood HD te\u0161ka potopna pumpa za odvodnju s 3 GODINE JAMSTVA. Motorna osovina<\/p>\n","protected":false},"featured_media":5941824,"comment_status":"open","ping_status":"closed","template":"","meta":[],"product_brand":[2806],"product_cat":[1659],"product_tag":[],"class_list":{"0":"post-741506","1":"product","2":"type-product","3":"status-publish","4":"has-post-thumbnail","6":"product_brand-attwood-hr","7":"product_cat-elektricne-kaljuzne-pumpe","9":"first","10":"outofstock","11":"shipping-taxable","12":"purchasable","13":"product-type-simple"},"_links":{"self":[{"href":"https:\/\/stoic-curie.212-227-153-4.plesk.page\/hr\/wp-json\/wp\/v2\/product\/741506","targetHints":{"allow":["GET"]}}],"collection":[{"href":"https:\/\/stoic-curie.212-227-153-4.plesk.page\/hr\/wp-json\/wp\/v2\/product"}],"about":[{"href":"https:\/\/stoic-curie.212-227-153-4.plesk.page\/hr\/wp-json\/wp\/v2\/types\/product"}],"replies":[{"embeddable":true,"href":"https:\/\/stoic-curie.212-227-153-4.plesk.page\/hr\/wp-json\/wp\/v2\/comments?post=741506"}],"version-history":[{"count":0,"href":"https:\/\/stoic-curie.212-227-153-4.plesk.page\/hr\/wp-json\/wp\/v2\/product\/741506\/revisions"}],"wp:featuredmedia":[{"embeddable":true,"href":"https:\/\/stoic-curie.212-227-153-4.plesk.page\/hr\/wp-json\/wp\/v2\/media\/5941824"}],"wp:attachment":[{"href":"https:\/\/stoic-curie.212-227-153-4.plesk.page\/hr\/wp-json\/wp\/v2\/media?parent=741506"}],"wp:term":[{"taxonomy":"product_brand","embeddable":true,"href":"https:\/\/stoic-curie.212-227-153-4.plesk.page\/hr\/wp-json\/wp\/v2\/product_brand?post=741506"},{"taxonomy":"product_cat","embeddable":true,"href":"https:\/\/stoic-curie.212-227-153-4.plesk.page\/hr\/wp-json\/wp\/v2\/product_cat?post=741506"},{"taxonomy":"product_tag","embeddable":true,"href":"https:\/\/stoic-curie.212-227-153-4.plesk.page\/hr\/wp-json\/wp\/v2\/product_tag?post=741506"}],"curies":[{"name":"wp","href":"https:\/\/api.w.org\/{rel}","templated":true}]}}