{"id":741507,"date":"2025-03-03T18:14:23","date_gmt":"2025-03-03T17:14:23","guid":{"rendered":"https:\/\/stoic-curie.212-227-153-4.plesk.page\/producto\/pumpa-za-odzracivanje-attwood-tsunami-t500-12v\/"},"modified":"2026-02-25T00:00:53","modified_gmt":"2026-02-25T00:00:53","slug":"pumpa-za-odzracivanje-attwood-tsunami-t500-12v","status":"publish","type":"product","link":"https:\/\/stoic-curie.212-227-153-4.plesk.page\/hr\/product\/pumpa-za-odzracivanje-attwood-tsunami-t500-12v\/","title":{"rendered":"Pumpa za odzra\u010divanje Attwood Tsunami T500 12v"},"content":{"rendered":"<p>Pumpa za odzra\u010divanje Attwood Tsunami T500 12v &#8211; <\/p>\n<p>Attwood Tsunami pumpe za zrak za \u017eivu staja\u0107u vodu s 3 GODINE GARANCIJE.<br \/>Lako se otvara za \u010di\u0161\u0107enje.<\/p>\n","protected":false},"excerpt":{"rendered":"<p>Pumpa za odzra\u010divanje Attwood Tsunami T500 12v &#8211; Attwood Tsunami pumpe za zrak za \u017eivu staja\u0107u vodu s 3 GODINE<\/p>\n","protected":false},"featured_media":5941828,"comment_status":"open","ping_status":"closed","template":"","meta":[],"product_brand":[2230,2806],"product_cat":[1653,1843],"product_tag":[],"class_list":{"0":"post-741507","1":"product","2":"type-product","3":"status-publish","4":"has-post-thumbnail","6":"product_brand-attwood","7":"product_brand-attwood-hr","8":"product_cat-brodske-aeratorske-pumpe","9":"product_cat-oprema-za-ribolov-na-brodu","11":"first","12":"instock","13":"shipping-taxable","14":"purchasable","15":"product-type-simple"},"_links":{"self":[{"href":"https:\/\/stoic-curie.212-227-153-4.plesk.page\/hr\/wp-json\/wp\/v2\/product\/741507","targetHints":{"allow":["GET"]}}],"collection":[{"href":"https:\/\/stoic-curie.212-227-153-4.plesk.page\/hr\/wp-json\/wp\/v2\/product"}],"about":[{"href":"https:\/\/stoic-curie.212-227-153-4.plesk.page\/hr\/wp-json\/wp\/v2\/types\/product"}],"replies":[{"embeddable":true,"href":"https:\/\/stoic-curie.212-227-153-4.plesk.page\/hr\/wp-json\/wp\/v2\/comments?post=741507"}],"version-history":[{"count":0,"href":"https:\/\/stoic-curie.212-227-153-4.plesk.page\/hr\/wp-json\/wp\/v2\/product\/741507\/revisions"}],"wp:featuredmedia":[{"embeddable":true,"href":"https:\/\/stoic-curie.212-227-153-4.plesk.page\/hr\/wp-json\/wp\/v2\/media\/5941828"}],"wp:attachment":[{"href":"https:\/\/stoic-curie.212-227-153-4.plesk.page\/hr\/wp-json\/wp\/v2\/media?parent=741507"}],"wp:term":[{"taxonomy":"product_brand","embeddable":true,"href":"https:\/\/stoic-curie.212-227-153-4.plesk.page\/hr\/wp-json\/wp\/v2\/product_brand?post=741507"},{"taxonomy":"product_cat","embeddable":true,"href":"https:\/\/stoic-curie.212-227-153-4.plesk.page\/hr\/wp-json\/wp\/v2\/product_cat?post=741507"},{"taxonomy":"product_tag","embeddable":true,"href":"https:\/\/stoic-curie.212-227-153-4.plesk.page\/hr\/wp-json\/wp\/v2\/product_tag?post=741507"}],"curies":[{"name":"wp","href":"https:\/\/api.w.org\/{rel}","templated":true}]}}