{"id":741511,"date":"2025-03-03T18:14:24","date_gmt":"2025-03-03T17:14:24","guid":{"rendered":"https:\/\/stoic-curie.212-227-153-4.plesk.page\/producto\/ugradbeno-elektricno-puhalo-hd-kontinuirano-djelovanje-12-v-1000-m3-h\/"},"modified":"2026-02-25T00:00:53","modified_gmt":"2026-02-25T00:00:53","slug":"ugradbeno-elektricno-puhalo-hd-kontinuirano-djelovanje-12-v-1000-m3-h","status":"publish","type":"product","link":"https:\/\/stoic-curie.212-227-153-4.plesk.page\/hr\/product\/ugradbeno-elektricno-puhalo-hd-kontinuirano-djelovanje-12-v-1000-m3-h\/","title":{"rendered":"Ugradbeno elektricno puhalo, HD kontinuirano djelovanje 12 V-1000 m3 \/ h"},"content":{"rendered":"<p>Ugradbeno elektricno puhalo, HD kontinuirano djelovanje 12 V-1000 m3 \/ h &#8211; <\/p>\n<p>Veliki kapacitet in-line elektri\u010dni puhalici s tihim ventilatorom visoke u\u010dinkovitosti, dizajnirani s pomo\u0107u zrakoplovne tehnologije prema ISO8846 EN55014.<\/p>\n","protected":false},"excerpt":{"rendered":"<p>Ugradbeno elektricno puhalo, HD kontinuirano djelovanje 12 V-1000 m3 \/ h &#8211; Veliki kapacitet in-line elektri\u010dni puhalici s tihim ventilatorom<\/p>\n","protected":false},"featured_media":5941830,"comment_status":"open","ping_status":"closed","template":"","meta":[],"product_brand":[3141],"product_cat":[1826,1732],"product_tag":[],"class_list":{"0":"post-741511","1":"product","2":"type-product","3":"status-publish","4":"has-post-thumbnail","6":"product_brand-matromarine-hr","7":"product_cat-sustavi-odzracivanja-motora","8":"product_cat-ventilatori-za-provjetravanje-kaljuze","10":"first","11":"instock","12":"shipping-taxable","13":"purchasable","14":"product-type-simple"},"_links":{"self":[{"href":"https:\/\/stoic-curie.212-227-153-4.plesk.page\/hr\/wp-json\/wp\/v2\/product\/741511","targetHints":{"allow":["GET"]}}],"collection":[{"href":"https:\/\/stoic-curie.212-227-153-4.plesk.page\/hr\/wp-json\/wp\/v2\/product"}],"about":[{"href":"https:\/\/stoic-curie.212-227-153-4.plesk.page\/hr\/wp-json\/wp\/v2\/types\/product"}],"replies":[{"embeddable":true,"href":"https:\/\/stoic-curie.212-227-153-4.plesk.page\/hr\/wp-json\/wp\/v2\/comments?post=741511"}],"version-history":[{"count":0,"href":"https:\/\/stoic-curie.212-227-153-4.plesk.page\/hr\/wp-json\/wp\/v2\/product\/741511\/revisions"}],"wp:featuredmedia":[{"embeddable":true,"href":"https:\/\/stoic-curie.212-227-153-4.plesk.page\/hr\/wp-json\/wp\/v2\/media\/5941830"}],"wp:attachment":[{"href":"https:\/\/stoic-curie.212-227-153-4.plesk.page\/hr\/wp-json\/wp\/v2\/media?parent=741511"}],"wp:term":[{"taxonomy":"product_brand","embeddable":true,"href":"https:\/\/stoic-curie.212-227-153-4.plesk.page\/hr\/wp-json\/wp\/v2\/product_brand?post=741511"},{"taxonomy":"product_cat","embeddable":true,"href":"https:\/\/stoic-curie.212-227-153-4.plesk.page\/hr\/wp-json\/wp\/v2\/product_cat?post=741511"},{"taxonomy":"product_tag","embeddable":true,"href":"https:\/\/stoic-curie.212-227-153-4.plesk.page\/hr\/wp-json\/wp\/v2\/product_tag?post=741511"}],"curies":[{"name":"wp","href":"https:\/\/api.w.org\/{rel}","templated":true}]}}