{"id":741512,"date":"2025-03-03T18:14:24","date_gmt":"2025-03-03T17:14:24","guid":{"rendered":"https:\/\/stoic-curie.212-227-153-4.plesk.page\/producto\/podesivi-dvostruki-reflektor-od-2-x-55-w-s-24v-kontrolnom-plocom\/"},"modified":"2026-02-25T00:00:53","modified_gmt":"2026-02-25T00:00:53","slug":"podesivi-dvostruki-reflektor-od-2-x-55-w-s-24v-kontrolnom-plocom","status":"publish","type":"product","link":"https:\/\/stoic-curie.212-227-153-4.plesk.page\/hr\/product\/podesivi-dvostruki-reflektor-od-2-x-55-w-s-24v-kontrolnom-plocom\/","title":{"rendered":"Podesivi dvostruki reflektor od 2 x 55 W S 24V kontrolnom plo\u010dom"},"content":{"rendered":"<p>Podesivi dvostruki reflektor od 2 x 55 W S 24V kontrolnom plo\u010dom &#8211; <\/p>\n<p>Podesivi dvostruki reflektor s vodootpornom \u017ei\u010danom upravlja\u010dkom plo\u010dom. Vodootporno ku\u0107i\u0161te s 2 x 55W vodootpornim halogenskim \u017earuljama. Dvostruka svjetlosna kombinacija: 1) Spot svjetlosni na\u010din 2) Poplavni svjetlosni na\u010din. Dimenzije: D220 x \u0160257 x V210 mm. Opcionalna be\u017ei\u010dna kontrola s plug and play prijemnikom i oda\u0161ilja\u010dem do 35 m. Ako se instalira, zamjenjuje \u017ei\u010danu upravlja\u010dku plo\u010du. Za odr\u017eavanje oboje potrebno je kupiti dvostranu stanicu.<\/p>\n","protected":false},"excerpt":{"rendered":"<p>Podesivi dvostruki reflektor od 2 x 55 W S 24V kontrolnom plo\u010dom &#8211; Podesivi dvostruki reflektor s vodootpornom \u017ei\u010danom upravlja\u010dkom<\/p>\n","protected":false},"featured_media":5939390,"comment_status":"open","ping_status":"closed","template":"","meta":[],"product_brand":[3141],"product_cat":[1734],"product_tag":[],"class_list":{"0":"post-741512","1":"product","2":"type-product","3":"status-publish","4":"has-post-thumbnail","6":"product_brand-matromarine-hr","7":"product_cat-brodski-reflektori","9":"first","10":"instock","11":"shipping-taxable","12":"purchasable","13":"product-type-simple"},"_links":{"self":[{"href":"https:\/\/stoic-curie.212-227-153-4.plesk.page\/hr\/wp-json\/wp\/v2\/product\/741512","targetHints":{"allow":["GET"]}}],"collection":[{"href":"https:\/\/stoic-curie.212-227-153-4.plesk.page\/hr\/wp-json\/wp\/v2\/product"}],"about":[{"href":"https:\/\/stoic-curie.212-227-153-4.plesk.page\/hr\/wp-json\/wp\/v2\/types\/product"}],"replies":[{"embeddable":true,"href":"https:\/\/stoic-curie.212-227-153-4.plesk.page\/hr\/wp-json\/wp\/v2\/comments?post=741512"}],"version-history":[{"count":0,"href":"https:\/\/stoic-curie.212-227-153-4.plesk.page\/hr\/wp-json\/wp\/v2\/product\/741512\/revisions"}],"wp:featuredmedia":[{"embeddable":true,"href":"https:\/\/stoic-curie.212-227-153-4.plesk.page\/hr\/wp-json\/wp\/v2\/media\/5939390"}],"wp:attachment":[{"href":"https:\/\/stoic-curie.212-227-153-4.plesk.page\/hr\/wp-json\/wp\/v2\/media?parent=741512"}],"wp:term":[{"taxonomy":"product_brand","embeddable":true,"href":"https:\/\/stoic-curie.212-227-153-4.plesk.page\/hr\/wp-json\/wp\/v2\/product_brand?post=741512"},{"taxonomy":"product_cat","embeddable":true,"href":"https:\/\/stoic-curie.212-227-153-4.plesk.page\/hr\/wp-json\/wp\/v2\/product_cat?post=741512"},{"taxonomy":"product_tag","embeddable":true,"href":"https:\/\/stoic-curie.212-227-153-4.plesk.page\/hr\/wp-json\/wp\/v2\/product_tag?post=741512"}],"curies":[{"name":"wp","href":"https:\/\/api.w.org\/{rel}","templated":true}]}}