{"id":741513,"date":"2025-03-03T18:14:24","date_gmt":"2025-03-03T17:14:24","guid":{"rendered":"https:\/\/stoic-curie.212-227-153-4.plesk.page\/producto\/24v-rezervna-zarulja-za-dvostruki-reflektor\/"},"modified":"2026-02-25T00:00:53","modified_gmt":"2026-02-25T00:00:53","slug":"24v-rezervna-zarulja-za-dvostruki-reflektor","status":"publish","type":"product","link":"https:\/\/stoic-curie.212-227-153-4.plesk.page\/hr\/product\/24v-rezervna-zarulja-za-dvostruki-reflektor\/","title":{"rendered":"24V rezervna \u017earulja za dvostruki reflektor"},"content":{"rendered":"<p>24V rezervna \u017earulja za dvostruki reflektor &#8211; <\/p>\n<p>Podesivi dvostruki reflektor s vodonepropusnom kontrolnom plo\u010dom. Vodonepropusno tijelo s 2 x 55W vodonepropusnim halogenskim \u017earuljama. Dvostruka kombinacija svjetla: 1) Modo reflektor 2) Modo floodlight. Dimenzije: D220 x \u0160257 x V210 mm. Opcijska be\u017ei\u010dna kontrola s plug and play prijemnikom i oda\u0161ilja\u010dem do 35 m. Ako se instalira, zamjenjuje \u017ei\u010danu kontrolnu plo\u010du. Da bi se odr\u017eali oboje, potrebno je kupiti dual-station panel.<\/p>\n","protected":false},"excerpt":{"rendered":"<p>24V rezervna \u017earulja za dvostruki reflektor &#8211; Podesivi dvostruki reflektor s vodonepropusnom kontrolnom plo\u010dom. Vodonepropusno tijelo s 2 x 55W<\/p>\n","protected":false},"featured_media":5939390,"comment_status":"open","ping_status":"closed","template":"","meta":[],"product_brand":[3141],"product_cat":[1734],"product_tag":[],"class_list":{"0":"post-741513","1":"product","2":"type-product","3":"status-publish","4":"has-post-thumbnail","6":"product_brand-matromarine-hr","7":"product_cat-brodski-reflektori","9":"first","10":"instock","11":"shipping-taxable","12":"purchasable","13":"product-type-simple"},"_links":{"self":[{"href":"https:\/\/stoic-curie.212-227-153-4.plesk.page\/hr\/wp-json\/wp\/v2\/product\/741513","targetHints":{"allow":["GET"]}}],"collection":[{"href":"https:\/\/stoic-curie.212-227-153-4.plesk.page\/hr\/wp-json\/wp\/v2\/product"}],"about":[{"href":"https:\/\/stoic-curie.212-227-153-4.plesk.page\/hr\/wp-json\/wp\/v2\/types\/product"}],"replies":[{"embeddable":true,"href":"https:\/\/stoic-curie.212-227-153-4.plesk.page\/hr\/wp-json\/wp\/v2\/comments?post=741513"}],"version-history":[{"count":0,"href":"https:\/\/stoic-curie.212-227-153-4.plesk.page\/hr\/wp-json\/wp\/v2\/product\/741513\/revisions"}],"wp:featuredmedia":[{"embeddable":true,"href":"https:\/\/stoic-curie.212-227-153-4.plesk.page\/hr\/wp-json\/wp\/v2\/media\/5939390"}],"wp:attachment":[{"href":"https:\/\/stoic-curie.212-227-153-4.plesk.page\/hr\/wp-json\/wp\/v2\/media?parent=741513"}],"wp:term":[{"taxonomy":"product_brand","embeddable":true,"href":"https:\/\/stoic-curie.212-227-153-4.plesk.page\/hr\/wp-json\/wp\/v2\/product_brand?post=741513"},{"taxonomy":"product_cat","embeddable":true,"href":"https:\/\/stoic-curie.212-227-153-4.plesk.page\/hr\/wp-json\/wp\/v2\/product_cat?post=741513"},{"taxonomy":"product_tag","embeddable":true,"href":"https:\/\/stoic-curie.212-227-153-4.plesk.page\/hr\/wp-json\/wp\/v2\/product_tag?post=741513"}],"curies":[{"name":"wp","href":"https:\/\/api.w.org\/{rel}","templated":true}]}}