{"id":741515,"date":"2025-03-03T18:14:24","date_gmt":"2025-03-03T17:14:24","guid":{"rendered":"https:\/\/stoic-curie.212-227-153-4.plesk.page\/producto\/palubna-stolica-plava-forma-marathon-m700-46x46-cm-h42-cm\/"},"modified":"2026-02-25T00:00:53","modified_gmt":"2026-02-25T00:00:53","slug":"palubna-stolica-plava-forma-marathon-m700-46x46-cm-h42-cm","status":"publish","type":"product","link":"https:\/\/stoic-curie.212-227-153-4.plesk.page\/hr\/product\/palubna-stolica-plava-forma-marathon-m700-46x46-cm-h42-cm\/","title":{"rendered":"Palubna stolica, plava, Forma Marathon M700 46&#215;46 cm H42 cm"},"content":{"rendered":"<p>Palubna stolica, plava, Forma Marathon M700 46&#215;46 cm H42 cm &#8211; <\/p>\n<p>Pouzdana i elegantna stoli\u0107 za palubu Marathon M700 od Forme. Savr\u0161eno obra\u0111ena anodizirana aluminijska \u010dvrsta konstrukcija, umetci protiv klizanja. Polyfor tkanina &#8211; 100% vrhunska kvaliteta 420gr\/m2 poliester.<\/p>\n","protected":false},"excerpt":{"rendered":"<p>Palubna stolica, plava, Forma Marathon M700 46&#215;46 cm H42 cm &#8211; Pouzdana i elegantna stoli\u0107 za palubu Marathon M700 od<\/p>\n","protected":false},"featured_media":5941842,"comment_status":"open","ping_status":"closed","template":"","meta":[],"product_brand":[2951],"product_cat":[1642],"product_tag":[],"class_list":{"0":"post-741515","1":"product","2":"type-product","3":"status-publish","4":"has-post-thumbnail","6":"product_brand-forma-hr","7":"product_cat-brodske-stolice-i-stolovi","9":"first","10":"instock","11":"shipping-taxable","12":"purchasable","13":"product-type-simple"},"_links":{"self":[{"href":"https:\/\/stoic-curie.212-227-153-4.plesk.page\/hr\/wp-json\/wp\/v2\/product\/741515","targetHints":{"allow":["GET"]}}],"collection":[{"href":"https:\/\/stoic-curie.212-227-153-4.plesk.page\/hr\/wp-json\/wp\/v2\/product"}],"about":[{"href":"https:\/\/stoic-curie.212-227-153-4.plesk.page\/hr\/wp-json\/wp\/v2\/types\/product"}],"replies":[{"embeddable":true,"href":"https:\/\/stoic-curie.212-227-153-4.plesk.page\/hr\/wp-json\/wp\/v2\/comments?post=741515"}],"version-history":[{"count":0,"href":"https:\/\/stoic-curie.212-227-153-4.plesk.page\/hr\/wp-json\/wp\/v2\/product\/741515\/revisions"}],"wp:featuredmedia":[{"embeddable":true,"href":"https:\/\/stoic-curie.212-227-153-4.plesk.page\/hr\/wp-json\/wp\/v2\/media\/5941842"}],"wp:attachment":[{"href":"https:\/\/stoic-curie.212-227-153-4.plesk.page\/hr\/wp-json\/wp\/v2\/media?parent=741515"}],"wp:term":[{"taxonomy":"product_brand","embeddable":true,"href":"https:\/\/stoic-curie.212-227-153-4.plesk.page\/hr\/wp-json\/wp\/v2\/product_brand?post=741515"},{"taxonomy":"product_cat","embeddable":true,"href":"https:\/\/stoic-curie.212-227-153-4.plesk.page\/hr\/wp-json\/wp\/v2\/product_cat?post=741515"},{"taxonomy":"product_tag","embeddable":true,"href":"https:\/\/stoic-curie.212-227-153-4.plesk.page\/hr\/wp-json\/wp\/v2\/product_tag?post=741515"}],"curies":[{"name":"wp","href":"https:\/\/api.w.org\/{rel}","templated":true}]}}