{"id":741522,"date":"2025-03-03T18:14:26","date_gmt":"2025-03-03T17:14:26","guid":{"rendered":"https:\/\/stoic-curie.212-227-153-4.plesk.page\/producto\/2-mt-sigurnosni-remen-s-2-samo-zatvarajuca-aluminijska-karabinera\/"},"modified":"2026-02-25T00:00:53","modified_gmt":"2026-02-25T00:00:53","slug":"2-mt-sigurnosni-remen-s-2-samo-zatvarajuca-aluminijska-karabinera","status":"publish","type":"product","link":"https:\/\/stoic-curie.212-227-153-4.plesk.page\/hr\/product\/2-mt-sigurnosni-remen-s-2-samo-zatvarajuca-aluminijska-karabinera\/","title":{"rendered":"2 mt sigurnosni remen s 2 samo-zatvarajuca aluminijska karabinera"},"content":{"rendered":"<p>2 mt sigurnosni remen s 2 samo-zatvarajuca aluminijska karabinera &#8211; <\/p>\n<p>H.T. Poliesterne umbilikalne sigurnosne linije za harnese. Vrlo lagane i jednostavne za kori\u0161tenje zahvaljuju\u0107i automatski zaklju\u010davaju\u0107im karabinima od aluminijske legure. CE-ISO12401 certificirano.<\/p>\n","protected":false},"excerpt":{"rendered":"<p>2 mt sigurnosni remen s 2 samo-zatvarajuca aluminijska karabinera &#8211; H.T. Poliesterne umbilikalne sigurnosne linije za harnese. Vrlo lagane i<\/p>\n","protected":false},"featured_media":5941851,"comment_status":"open","ping_status":"closed","template":"","meta":[],"product_brand":[3516],"product_cat":[1604],"product_tag":[],"class_list":{"0":"post-741522","1":"product","2":"type-product","3":"status-publish","4":"has-post-thumbnail","6":"product_brand-veleria-san-giorgio-hr","7":"product_cat-pojasevi-za-spasavanje-i-remenje","9":"first","10":"instock","11":"shipping-taxable","12":"purchasable","13":"product-type-simple"},"_links":{"self":[{"href":"https:\/\/stoic-curie.212-227-153-4.plesk.page\/hr\/wp-json\/wp\/v2\/product\/741522","targetHints":{"allow":["GET"]}}],"collection":[{"href":"https:\/\/stoic-curie.212-227-153-4.plesk.page\/hr\/wp-json\/wp\/v2\/product"}],"about":[{"href":"https:\/\/stoic-curie.212-227-153-4.plesk.page\/hr\/wp-json\/wp\/v2\/types\/product"}],"replies":[{"embeddable":true,"href":"https:\/\/stoic-curie.212-227-153-4.plesk.page\/hr\/wp-json\/wp\/v2\/comments?post=741522"}],"version-history":[{"count":0,"href":"https:\/\/stoic-curie.212-227-153-4.plesk.page\/hr\/wp-json\/wp\/v2\/product\/741522\/revisions"}],"wp:featuredmedia":[{"embeddable":true,"href":"https:\/\/stoic-curie.212-227-153-4.plesk.page\/hr\/wp-json\/wp\/v2\/media\/5941851"}],"wp:attachment":[{"href":"https:\/\/stoic-curie.212-227-153-4.plesk.page\/hr\/wp-json\/wp\/v2\/media?parent=741522"}],"wp:term":[{"taxonomy":"product_brand","embeddable":true,"href":"https:\/\/stoic-curie.212-227-153-4.plesk.page\/hr\/wp-json\/wp\/v2\/product_brand?post=741522"},{"taxonomy":"product_cat","embeddable":true,"href":"https:\/\/stoic-curie.212-227-153-4.plesk.page\/hr\/wp-json\/wp\/v2\/product_cat?post=741522"},{"taxonomy":"product_tag","embeddable":true,"href":"https:\/\/stoic-curie.212-227-153-4.plesk.page\/hr\/wp-json\/wp\/v2\/product_tag?post=741522"}],"curies":[{"name":"wp","href":"https:\/\/api.w.org\/{rel}","templated":true}]}}