{"id":741524,"date":"2025-03-03T18:14:27","date_gmt":"2025-03-03T17:14:27","guid":{"rendered":"https:\/\/stoic-curie.212-227-153-4.plesk.page\/producto\/ultraflex-t93zt-kormilarski-uredaj\/"},"modified":"2026-02-25T00:00:53","modified_gmt":"2026-02-25T00:00:53","slug":"ultraflex-t93zt-kormilarski-uredaj","status":"publish","type":"product","link":"https:\/\/stoic-curie.212-227-153-4.plesk.page\/hr\/product\/ultraflex-t93zt-kormilarski-uredaj\/","title":{"rendered":"Ultraflex T93ZT kormilarski ure\u0111aj"},"content":{"rendered":"<p>Ultraflex T93ZT kormilarski ure\u0111aj &#8211; <\/p>\n<p>T91\/T93ZT visokokvalitetni profesionalni rotary upravlja\u010di za \u010damce s vanbrodskim, unutarnjim i stra\u017enjim motorima do 50 mph. Treba ga dovr\u0161iti s M90 Mach kabele za upravljanje. 4,2 okretaja volana od kraja do kraja. T93ZT: Nevite\u0107i tip koji spre\u010dava povratak volana i odr\u017eava \u017eeljeni kurs.<\/p>\n","protected":false},"excerpt":{"rendered":"<p>Ultraflex T93ZT kormilarski ure\u0111aj &#8211; T91\/T93ZT visokokvalitetni profesionalni rotary upravlja\u010di za \u010damce s vanbrodskim, unutarnjim i stra\u017enjim motorima do 50<\/p>\n","protected":false},"featured_media":5941855,"comment_status":"open","ping_status":"closed","template":"","meta":[],"product_brand":[3501],"product_cat":[1828],"product_tag":[],"class_list":{"0":"post-741524","1":"product","2":"type-product","3":"status-publish","4":"has-post-thumbnail","6":"product_brand-ultraflex-uflex-hr","7":"product_cat-kormilarski-uredaji-sa-sajlom","9":"first","10":"instock","11":"shipping-taxable","12":"purchasable","13":"product-type-simple"},"_links":{"self":[{"href":"https:\/\/stoic-curie.212-227-153-4.plesk.page\/hr\/wp-json\/wp\/v2\/product\/741524","targetHints":{"allow":["GET"]}}],"collection":[{"href":"https:\/\/stoic-curie.212-227-153-4.plesk.page\/hr\/wp-json\/wp\/v2\/product"}],"about":[{"href":"https:\/\/stoic-curie.212-227-153-4.plesk.page\/hr\/wp-json\/wp\/v2\/types\/product"}],"replies":[{"embeddable":true,"href":"https:\/\/stoic-curie.212-227-153-4.plesk.page\/hr\/wp-json\/wp\/v2\/comments?post=741524"}],"version-history":[{"count":0,"href":"https:\/\/stoic-curie.212-227-153-4.plesk.page\/hr\/wp-json\/wp\/v2\/product\/741524\/revisions"}],"wp:featuredmedia":[{"embeddable":true,"href":"https:\/\/stoic-curie.212-227-153-4.plesk.page\/hr\/wp-json\/wp\/v2\/media\/5941855"}],"wp:attachment":[{"href":"https:\/\/stoic-curie.212-227-153-4.plesk.page\/hr\/wp-json\/wp\/v2\/media?parent=741524"}],"wp:term":[{"taxonomy":"product_brand","embeddable":true,"href":"https:\/\/stoic-curie.212-227-153-4.plesk.page\/hr\/wp-json\/wp\/v2\/product_brand?post=741524"},{"taxonomy":"product_cat","embeddable":true,"href":"https:\/\/stoic-curie.212-227-153-4.plesk.page\/hr\/wp-json\/wp\/v2\/product_cat?post=741524"},{"taxonomy":"product_tag","embeddable":true,"href":"https:\/\/stoic-curie.212-227-153-4.plesk.page\/hr\/wp-json\/wp\/v2\/product_tag?post=741524"}],"curies":[{"name":"wp","href":"https:\/\/api.w.org\/{rel}","templated":true}]}}