{"id":741534,"date":"2025-03-03T18:14:29","date_gmt":"2025-03-03T17:14:29","guid":{"rendered":"https:\/\/stoic-curie.212-227-153-4.plesk.page\/producto\/traka-za-vez-rola-35mm-x50mts\/"},"modified":"2026-02-25T00:00:53","modified_gmt":"2026-02-25T00:00:53","slug":"traka-za-vez-rola-35mm-x50mts","status":"publish","type":"product","link":"https:\/\/stoic-curie.212-227-153-4.plesk.page\/hr\/product\/traka-za-vez-rola-35mm-x50mts\/","title":{"rendered":"Traka za vez rola 35mm x50mts"},"content":{"rendered":"<p>Traka za vez rola 35mm x50mts &#8211; <\/p>\n<p>Brzi i sigurni sustav vezivanja sastavljen od ravne, visoko otporne trake i \u010dvrstog bubnja za vezanje od nehr\u0111aju\u0107eg \u010delika 316. Univerzalna monta\u017ea na cik-cak cijev ili zid.<\/p>\n","protected":false},"excerpt":{"rendered":"<p>Traka za vez rola 35mm x50mts &#8211; Brzi i sigurni sustav vezivanja sastavljen od ravne, visoko otporne trake i \u010dvrstog<\/p>\n","protected":false},"featured_media":5941889,"comment_status":"open","ping_status":"closed","template":"","meta":[],"product_brand":[3121],"product_cat":[1622,1838],"product_tag":[],"class_list":{"0":"post-741534","1":"product","2":"type-product","3":"status-publish","4":"has-post-thumbnail","6":"product_brand-marinetech-hr","7":"product_cat-konopi-za-pristajanje-i-privez","8":"product_cat-trake-i-remeni-za-pritezanje","10":"first","11":"instock","12":"shipping-taxable","13":"purchasable","14":"product-type-simple"},"_links":{"self":[{"href":"https:\/\/stoic-curie.212-227-153-4.plesk.page\/hr\/wp-json\/wp\/v2\/product\/741534","targetHints":{"allow":["GET"]}}],"collection":[{"href":"https:\/\/stoic-curie.212-227-153-4.plesk.page\/hr\/wp-json\/wp\/v2\/product"}],"about":[{"href":"https:\/\/stoic-curie.212-227-153-4.plesk.page\/hr\/wp-json\/wp\/v2\/types\/product"}],"replies":[{"embeddable":true,"href":"https:\/\/stoic-curie.212-227-153-4.plesk.page\/hr\/wp-json\/wp\/v2\/comments?post=741534"}],"version-history":[{"count":0,"href":"https:\/\/stoic-curie.212-227-153-4.plesk.page\/hr\/wp-json\/wp\/v2\/product\/741534\/revisions"}],"wp:featuredmedia":[{"embeddable":true,"href":"https:\/\/stoic-curie.212-227-153-4.plesk.page\/hr\/wp-json\/wp\/v2\/media\/5941889"}],"wp:attachment":[{"href":"https:\/\/stoic-curie.212-227-153-4.plesk.page\/hr\/wp-json\/wp\/v2\/media?parent=741534"}],"wp:term":[{"taxonomy":"product_brand","embeddable":true,"href":"https:\/\/stoic-curie.212-227-153-4.plesk.page\/hr\/wp-json\/wp\/v2\/product_brand?post=741534"},{"taxonomy":"product_cat","embeddable":true,"href":"https:\/\/stoic-curie.212-227-153-4.plesk.page\/hr\/wp-json\/wp\/v2\/product_cat?post=741534"},{"taxonomy":"product_tag","embeddable":true,"href":"https:\/\/stoic-curie.212-227-153-4.plesk.page\/hr\/wp-json\/wp\/v2\/product_tag?post=741534"}],"curies":[{"name":"wp","href":"https:\/\/api.w.org\/{rel}","templated":true}]}}