{"id":741535,"date":"2025-03-03T18:14:29","date_gmt":"2025-03-03T17:14:29","guid":{"rendered":"https:\/\/stoic-curie.212-227-153-4.plesk.page\/producto\/pumpa-za-hladenje-motora-johnson-f7b-9-10-24277-03\/"},"modified":"2026-02-25T00:00:53","modified_gmt":"2026-02-25T00:00:53","slug":"pumpa-za-hladenje-motora-johnson-f7b-9-10-24277-03","status":"publish","type":"product","link":"https:\/\/stoic-curie.212-227-153-4.plesk.page\/hr\/product\/pumpa-za-hladenje-motora-johnson-f7b-9-10-24277-03\/","title":{"rendered":"Pumpa za hladenje motora Johnson f7b-9   (10-24277-03)"},"content":{"rendered":"<p>Pumpa za hladenje motora Johnson f7b-9   (10-24277-03) &#8211; <\/p>\n<p>Bron\u010dana neoprenska pumpa za hla\u0111enje s neuvijenim priklju\u010dcima i O-prstenom vezom. Johnson ref 10-24277-03 AQAD30A\/31A\/40A\/40B\/41A AQD40A\/41A D41A\/41B MD31\/31A\/40A TAMD31\/31A\/31B\/41\/41A\/41B TMD31\/31A\/31B\/40A\/40B\/40C\/41A\/41B<\/p>\n","protected":false},"excerpt":{"rendered":"<p>Pumpa za hladenje motora Johnson f7b-9 (10-24277-03) &#8211; Bron\u010dana neoprenska pumpa za hla\u0111enje s neuvijenim priklju\u010dcima i O-prstenom vezom. Johnson<\/p>\n","protected":false},"featured_media":5941892,"comment_status":"open","ping_status":"closed","template":"","meta":[],"product_brand":[3046],"product_cat":[1809,1829],"product_tag":[],"class_list":{"0":"post-741535","1":"product","2":"type-product","3":"status-publish","4":"has-post-thumbnail","6":"product_brand-johnson-marine-hr","7":"product_cat-pumpe-za-hladenje-motora","8":"product_cat-rezervni-dijelovi-za-motore-volvo-penta","10":"first","11":"instock","12":"shipping-taxable","13":"purchasable","14":"product-type-simple"},"_links":{"self":[{"href":"https:\/\/stoic-curie.212-227-153-4.plesk.page\/hr\/wp-json\/wp\/v2\/product\/741535","targetHints":{"allow":["GET"]}}],"collection":[{"href":"https:\/\/stoic-curie.212-227-153-4.plesk.page\/hr\/wp-json\/wp\/v2\/product"}],"about":[{"href":"https:\/\/stoic-curie.212-227-153-4.plesk.page\/hr\/wp-json\/wp\/v2\/types\/product"}],"replies":[{"embeddable":true,"href":"https:\/\/stoic-curie.212-227-153-4.plesk.page\/hr\/wp-json\/wp\/v2\/comments?post=741535"}],"version-history":[{"count":0,"href":"https:\/\/stoic-curie.212-227-153-4.plesk.page\/hr\/wp-json\/wp\/v2\/product\/741535\/revisions"}],"wp:featuredmedia":[{"embeddable":true,"href":"https:\/\/stoic-curie.212-227-153-4.plesk.page\/hr\/wp-json\/wp\/v2\/media\/5941892"}],"wp:attachment":[{"href":"https:\/\/stoic-curie.212-227-153-4.plesk.page\/hr\/wp-json\/wp\/v2\/media?parent=741535"}],"wp:term":[{"taxonomy":"product_brand","embeddable":true,"href":"https:\/\/stoic-curie.212-227-153-4.plesk.page\/hr\/wp-json\/wp\/v2\/product_brand?post=741535"},{"taxonomy":"product_cat","embeddable":true,"href":"https:\/\/stoic-curie.212-227-153-4.plesk.page\/hr\/wp-json\/wp\/v2\/product_cat?post=741535"},{"taxonomy":"product_tag","embeddable":true,"href":"https:\/\/stoic-curie.212-227-153-4.plesk.page\/hr\/wp-json\/wp\/v2\/product_tag?post=741535"}],"curies":[{"name":"wp","href":"https:\/\/api.w.org\/{rel}","templated":true}]}}