{"id":741537,"date":"2025-03-03T18:14:30","date_gmt":"2025-03-03T17:14:30","guid":{"rendered":"https:\/\/stoic-curie.212-227-153-4.plesk.page\/producto\/star-brite-cistac-mrlja-od-korozije-38lt\/"},"modified":"2026-02-25T00:00:53","modified_gmt":"2026-02-25T00:00:53","slug":"star-brite-cistac-mrlja-od-korozije-38lt","status":"publish","type":"product","link":"https:\/\/stoic-curie.212-227-153-4.plesk.page\/hr\/product\/star-brite-cistac-mrlja-od-korozije-38lt\/","title":{"rendered":"Star Brite \u010dista\u010d mrlja od korozije 3,8lt"},"content":{"rendered":"<p>Star Brite \u010dista\u010d mrlja od korozije 3,8lt &#8211; <\/p>\n<p>\u2022 Lako upotrebljiv sprej<br \/>\u2022 Uklanja mrlje od hr\u0111e i naslage hr\u0111e s prskalica<br \/>\u2022 Nema potrebe za ribanjem ili \u010detkanjem<br \/>\u2022 Siguran za kori\u0161tenje na staklenim vlaknima, metalu i obojenim povr\u0161inama<\/p>\n","protected":false},"excerpt":{"rendered":"<p>Star Brite \u010dista\u010d mrlja od korozije 3,8lt &#8211; \u2022 Lako upotrebljiv sprej\u2022 Uklanja mrlje od hr\u0111e i naslage hr\u0111e s<\/p>\n","protected":false},"featured_media":5940756,"comment_status":"open","ping_status":"closed","template":"","meta":[],"product_brand":[3436],"product_cat":[1628],"product_tag":[],"class_list":{"0":"post-741537","1":"product","2":"type-product","3":"status-publish","4":"has-post-thumbnail","6":"product_brand-starbrite-hr","7":"product_cat-proizvodi-za-ciscenje","9":"first","10":"instock","11":"shipping-taxable","12":"purchasable","13":"product-type-simple"},"_links":{"self":[{"href":"https:\/\/stoic-curie.212-227-153-4.plesk.page\/hr\/wp-json\/wp\/v2\/product\/741537","targetHints":{"allow":["GET"]}}],"collection":[{"href":"https:\/\/stoic-curie.212-227-153-4.plesk.page\/hr\/wp-json\/wp\/v2\/product"}],"about":[{"href":"https:\/\/stoic-curie.212-227-153-4.plesk.page\/hr\/wp-json\/wp\/v2\/types\/product"}],"replies":[{"embeddable":true,"href":"https:\/\/stoic-curie.212-227-153-4.plesk.page\/hr\/wp-json\/wp\/v2\/comments?post=741537"}],"version-history":[{"count":0,"href":"https:\/\/stoic-curie.212-227-153-4.plesk.page\/hr\/wp-json\/wp\/v2\/product\/741537\/revisions"}],"wp:featuredmedia":[{"embeddable":true,"href":"https:\/\/stoic-curie.212-227-153-4.plesk.page\/hr\/wp-json\/wp\/v2\/media\/5940756"}],"wp:attachment":[{"href":"https:\/\/stoic-curie.212-227-153-4.plesk.page\/hr\/wp-json\/wp\/v2\/media?parent=741537"}],"wp:term":[{"taxonomy":"product_brand","embeddable":true,"href":"https:\/\/stoic-curie.212-227-153-4.plesk.page\/hr\/wp-json\/wp\/v2\/product_brand?post=741537"},{"taxonomy":"product_cat","embeddable":true,"href":"https:\/\/stoic-curie.212-227-153-4.plesk.page\/hr\/wp-json\/wp\/v2\/product_cat?post=741537"},{"taxonomy":"product_tag","embeddable":true,"href":"https:\/\/stoic-curie.212-227-153-4.plesk.page\/hr\/wp-json\/wp\/v2\/product_tag?post=741537"}],"curies":[{"name":"wp","href":"https:\/\/api.w.org\/{rel}","templated":true}]}}