{"id":741541,"date":"2025-03-03T18:14:31","date_gmt":"2025-03-03T17:14:31","guid":{"rendered":"https:\/\/stoic-curie.212-227-153-4.plesk.page\/producto\/jednostavni-modularni-drzaci-bokobrana-305mm\/"},"modified":"2026-02-25T00:00:54","modified_gmt":"2026-02-25T00:00:54","slug":"jednostavni-modularni-drzaci-bokobrana-305mm","status":"publish","type":"product","link":"https:\/\/stoic-curie.212-227-153-4.plesk.page\/hr\/product\/jednostavni-modularni-drzaci-bokobrana-305mm\/","title":{"rendered":"Jednostavni modularni dr\u017eaci bokobrana 305mm"},"content":{"rendered":"<p>Jednostavni modularni dr\u017eaci bokobrana 305mm &#8211; <\/p>\n<p>Klasni modularni dr\u017ea\u010di za fendere od nehr\u0111aju\u0107eg \u010delika 316. Svestrano rje\u0161enje za spremanje fendera s konektorima koji omogu\u0107uju pri\u010dvr\u0161\u0107ivanje ko\u0161ara na ograde u bilo kojoj kombinaciji. Sve \u0161to vam treba za instalaciju je odvija\u010d, jedna ili vi\u0161e ko\u0161ara i jedan ili vi\u0161e okretnih ili paralelnih konektora. Okretni konektor je stezaljka za cijev kolnika od 22\/25 mm. Paralelni konektor povezuje vi\u0161e ko\u0161ara zajedno.<\/p>\n","protected":false},"excerpt":{"rendered":"<p>Jednostavni modularni dr\u017eaci bokobrana 305mm &#8211; Klasni modularni dr\u017ea\u010di za fendere od nehr\u0111aju\u0107eg \u010delika 316. Svestrano rje\u0161enje za spremanje fendera<\/p>\n","protected":false},"featured_media":5937609,"comment_status":"open","ping_status":"closed","template":"","meta":[],"product_brand":[3181],"product_cat":[1847],"product_tag":[],"class_list":{"0":"post-741541","1":"product","2":"type-product","3":"status-publish","4":"has-post-thumbnail","6":"product_brand-nawa-hr","7":"product_cat-pribor-za-bokobrane","9":"first","10":"instock","11":"shipping-taxable","12":"purchasable","13":"product-type-simple"},"_links":{"self":[{"href":"https:\/\/stoic-curie.212-227-153-4.plesk.page\/hr\/wp-json\/wp\/v2\/product\/741541","targetHints":{"allow":["GET"]}}],"collection":[{"href":"https:\/\/stoic-curie.212-227-153-4.plesk.page\/hr\/wp-json\/wp\/v2\/product"}],"about":[{"href":"https:\/\/stoic-curie.212-227-153-4.plesk.page\/hr\/wp-json\/wp\/v2\/types\/product"}],"replies":[{"embeddable":true,"href":"https:\/\/stoic-curie.212-227-153-4.plesk.page\/hr\/wp-json\/wp\/v2\/comments?post=741541"}],"version-history":[{"count":0,"href":"https:\/\/stoic-curie.212-227-153-4.plesk.page\/hr\/wp-json\/wp\/v2\/product\/741541\/revisions"}],"wp:featuredmedia":[{"embeddable":true,"href":"https:\/\/stoic-curie.212-227-153-4.plesk.page\/hr\/wp-json\/wp\/v2\/media\/5937609"}],"wp:attachment":[{"href":"https:\/\/stoic-curie.212-227-153-4.plesk.page\/hr\/wp-json\/wp\/v2\/media?parent=741541"}],"wp:term":[{"taxonomy":"product_brand","embeddable":true,"href":"https:\/\/stoic-curie.212-227-153-4.plesk.page\/hr\/wp-json\/wp\/v2\/product_brand?post=741541"},{"taxonomy":"product_cat","embeddable":true,"href":"https:\/\/stoic-curie.212-227-153-4.plesk.page\/hr\/wp-json\/wp\/v2\/product_cat?post=741541"},{"taxonomy":"product_tag","embeddable":true,"href":"https:\/\/stoic-curie.212-227-153-4.plesk.page\/hr\/wp-json\/wp\/v2\/product_tag?post=741541"}],"curies":[{"name":"wp","href":"https:\/\/api.w.org\/{rel}","templated":true}]}}