{"id":741542,"date":"2025-03-03T18:14:31","date_gmt":"2025-03-03T17:14:31","guid":{"rendered":"https:\/\/stoic-curie.212-227-153-4.plesk.page\/producto\/ultraflex-b501-kromiran-bez-trima\/"},"modified":"2026-02-25T00:00:54","modified_gmt":"2026-02-25T00:00:54","slug":"ultraflex-b501-kromiran-bez-trima","status":"publish","type":"product","link":"https:\/\/stoic-curie.212-227-153-4.plesk.page\/hr\/product\/ultraflex-b501-kromiran-bez-trima\/","title":{"rendered":"Ultraflex B501 kromiran bez trima"},"content":{"rendered":"<p>Ultraflex B501 kromiran bez trima &#8211; <\/p>\n<p style=\"color: rgb(34, 34, 34); font-family: Arial, Helvetica, sans-serif; font-size: small;\">Ultraflex B501 Kontrola jednim upravlja\u010dem plina dizajnirana je za pru\u017eanje besprijekornog i preciznog upravljanja radom plina i reverza. Ova gornje montirana poluga ima dvostrani mehanizam, \u0161to je \u010dini izvanredno pogodnom za daljinsko upravljanje u konfiguracijama s jednim ili dva motora. Dostupna je u crnoj ili kromiranoj zavr\u0161noj obradi, a nudi i opcije za funkciju trim i zaklju\u010davanje u neutralnom polo\u017eaju kako bi se prilagodila raznim rasporedima \u010damca.<\/p>\n<p style=\"color: rgb(34, 34, 34); font-family: Arial, Helvetica, sans-serif; font-size: small;\">Za instalacije s dvostrukim motorima, B501 omogu\u0107ava upravljanje s oba upravlja\u010da putem jednog gumba. Potpuno je kompatibilna sa svim Ultraflex pogonskim kabelima, a isporu\u010dujemo set adaptera za ve\u0107inu tipova kabela. Sigurnosni prekida\u010d osigurava da se motor mo\u017ee pokrenuti samo kada je u neutralnom polo\u017eaju, \u010dime se pove\u0107ava operativna sigurnost.<\/p>\n<p style=\"color: rgb(34, 34, 34); font-family: Arial, Helvetica, sans-serif; font-size: small;\"><strong>Klju\u010dne zna\u010dajke:<\/strong><\/p>\n<ul style=\"color: rgb(34, 34, 34); font-family: Arial, Helvetica, sans-serif; font-size: small;\">\n<li>Jednoru\u010dni, dvostrani dizajn za u\u010dinkovito upravljanje plinom i reverzom<\/li>\n<li>Dostupno s ili bez trim funkcionalnosti<\/li>\n<li>Zaklju\u010davanje u neutralnom polo\u017eaju za ve\u0107u sigurnost<\/li>\n<li>Kompatibilno sa svim Ultraflex pogonskim kabelima<\/li>\n<li>Jedan gumb upravlja s oba upravlja\u010da u konfiguracijama s dva motora<\/li>\n<li>Sigurnosni prekida\u010d (45.012.00) sprje\u010dava pokretanje motora osim kada je u neutralnom polo\u017eaju<\/li>\n<\/ul>\n<p style=\"color: rgb(34, 34, 34); font-family: Arial, Helvetica, sans-serif; font-size: small;\"><strong>Dostupni modeli i varijacije:<\/strong><\/p>\n<ul style=\"color: rgb(34, 34, 34); font-family: Arial, Helvetica, sans-serif; font-size: small;\">\n<li>Crna &#8211; S trimom &#8211; Sa zaklju\u010davanjem u neutralnom polo\u017eaju: B501BT\/L<\/li>\n<li>Krom &#8211; S trimom &#8211; Sa zaklju\u010davanjem u neutralnom polo\u017eaju: B501CHT\/L<\/li>\n<\/ul>\n<p style=\"color: rgb(34, 34, 34); font-family: Arial, Helvetica, sans-serif; font-size: small;\"><strong>Kompatibilnost kabela:<\/strong><\/p>\n<ul style=\"color: rgb(34, 34, 34); font-family: Arial, Helvetica, sans-serif; font-size: small;\">\n<li>C14 kabela: Nema adaptera<\/li>\n<li>C2, C8, MACH0 kabela: K59 adapteri uklju\u010deni<\/li>\n<li>C5, C16, MACH5 kabela: K60 adapteri potrebni<\/li>\n<li>C36, MACH36 kabela: K62 adapteri potrebni<\/li>\n<\/ul>\n<p style=\"color: rgb(34, 34, 34); font-family: Arial, Helvetica, sans-serif; font-size: small;\">Ove kontrole pa\u017eljivo su dizajnirane za u\u010dinkovitost, pobolj\u0161avaju\u0107i performanse kontrolnih sustava i pojednostavljuju\u0107i upravljanje \u010damcem. Kontrola s jednom polugom\/dualnom akcijom omogu\u0107ava glatke operacije plina i prebacivanja, \u010dine\u0107i je pogodnom za svaki brod opremljen unutra\u0161njim motorom. Osim toga, sprje\u010dava nenamjerno uklju\u010divanje brzine, osiguravaju\u0107i sigurno prebacivanje dok je motor u leru.<\/p>\n<p style=\"color: rgb(34, 34, 34); font-family: Arial, Helvetica, sans-serif; font-size: small;\"><strong>Dodatne zna\u010dajke:<\/strong><\/p>\n<ul style=\"color: rgb(34, 34, 34); font-family: Arial, Helvetica, sans-serif; font-size: small;\">\n<li>Ku\u0107i\u0161te je izra\u0111eno od ABS visoke otpornosti, s lijevanim polugama dostupnim u dva stila:\n<ul>\n<li>Kromirana ku\u0107i\u0161ta i poluge<\/li>\n<li>Ku\u0107i\u0161ta i poluge boje gunmeta<\/li>\n<\/ul>\n<\/li>\n<li>Isklju\u010divanje jednim pritiskom za zagrijavanje motora<\/li>\n<li>Opcionalni X12 \u2013 34543Q sigurnosni prekida\u010d sprje\u010dava pokretanje u brzini<\/li>\n<li>Prema\u0161uje EN ISO 11547 standarde kada je X12 sigurnosni prekida\u010d instaliran<\/li>\n<li>Kompatibilno sa svim Ultraflex kontrolnim kabelima:\n<ul>\n<li>C14 i MACH14 kabela ne zahtijevaju kit<\/li>\n<li>C2, C8, i MACHZero kabela uklju\u010duju spojni kit K59 \u2013 40144C<\/li>\n<li>C5, C16, i MACH5 kabela zahtijevaju K60 Kit \u2013 40145E<\/li>\n<li>C36 i MACH36 kabela zahtijevaju K62 Kit \u2013 40157J<\/li>\n<li>C22 kabel zahtijeva K61 Kit \u2013 40146G<\/li>\n<li><\/li>\n<\/ul>\n<\/li>\n<\/ul>\n","protected":false},"excerpt":{"rendered":"<p>Ultraflex B501 kromiran bez trima &#8211; Ultraflex B501 Kontrola jednim upravlja\u010dem plina dizajnirana je za pru\u017eanje besprijekornog i preciznog upravljanja<\/p>\n","protected":false},"featured_media":5941900,"comment_status":"open","ping_status":"closed","template":"","meta":[],"product_brand":[3501],"product_cat":[1791],"product_tag":[],"class_list":{"0":"post-741542","1":"product","2":"type-product","3":"status-publish","4":"has-post-thumbnail","6":"product_brand-ultraflex-uflex-hr","7":"product_cat-morse-poluge-gasa","9":"first","10":"instock","11":"shipping-taxable","12":"purchasable","13":"product-type-simple"},"_links":{"self":[{"href":"https:\/\/stoic-curie.212-227-153-4.plesk.page\/hr\/wp-json\/wp\/v2\/product\/741542","targetHints":{"allow":["GET"]}}],"collection":[{"href":"https:\/\/stoic-curie.212-227-153-4.plesk.page\/hr\/wp-json\/wp\/v2\/product"}],"about":[{"href":"https:\/\/stoic-curie.212-227-153-4.plesk.page\/hr\/wp-json\/wp\/v2\/types\/product"}],"replies":[{"embeddable":true,"href":"https:\/\/stoic-curie.212-227-153-4.plesk.page\/hr\/wp-json\/wp\/v2\/comments?post=741542"}],"version-history":[{"count":0,"href":"https:\/\/stoic-curie.212-227-153-4.plesk.page\/hr\/wp-json\/wp\/v2\/product\/741542\/revisions"}],"wp:featuredmedia":[{"embeddable":true,"href":"https:\/\/stoic-curie.212-227-153-4.plesk.page\/hr\/wp-json\/wp\/v2\/media\/5941900"}],"wp:attachment":[{"href":"https:\/\/stoic-curie.212-227-153-4.plesk.page\/hr\/wp-json\/wp\/v2\/media?parent=741542"}],"wp:term":[{"taxonomy":"product_brand","embeddable":true,"href":"https:\/\/stoic-curie.212-227-153-4.plesk.page\/hr\/wp-json\/wp\/v2\/product_brand?post=741542"},{"taxonomy":"product_cat","embeddable":true,"href":"https:\/\/stoic-curie.212-227-153-4.plesk.page\/hr\/wp-json\/wp\/v2\/product_cat?post=741542"},{"taxonomy":"product_tag","embeddable":true,"href":"https:\/\/stoic-curie.212-227-153-4.plesk.page\/hr\/wp-json\/wp\/v2\/product_tag?post=741542"}],"curies":[{"name":"wp","href":"https:\/\/api.w.org\/{rel}","templated":true}]}}