{"id":741545,"date":"2025-03-03T18:14:32","date_gmt":"2025-03-03T17:14:32","guid":{"rendered":"https:\/\/stoic-curie.212-227-153-4.plesk.page\/producto\/ultraflex-b501-crni-bez-trima\/"},"modified":"2026-02-25T00:00:54","modified_gmt":"2026-02-25T00:00:54","slug":"ultraflex-b501-crni-bez-trima","status":"publish","type":"product","link":"https:\/\/stoic-curie.212-227-153-4.plesk.page\/hr\/product\/ultraflex-b501-crni-bez-trima\/","title":{"rendered":"Ultraflex B501 crni bez trima"},"content":{"rendered":"<p>Ultraflex B501 crni bez trima &#8211; <\/p>\n<p style=\"color: rgb(34, 34, 34); font-family: Arial, Helvetica, sans-serif; font-size: small;\">Ultraflex B501 kontrola pojedina\u010dnog plina je osmi\u0161ljena za pru\u017eanje glatkog i preciznog upravljanja funkcijama plina i reverzije. Ova kontrola s gornjim montiranjem ima dvostruko djelovanje, \u0161to je \u010dini idealnom za daljinsko upravljanje u konfiguracijama s jednim ili dvojim motorima. Dostupna je u crnoj ili kromiranoj boji te nudi opcije za trim funkcionalnost i zaklju\u010davanje u neutralnom polo\u017eaju kako bi odgovarala raznim konfiguracijama plovila.<\/p>\n<p style=\"color: rgb(34, 34, 34); font-family: Arial, Helvetica, sans-serif; font-size: small;\">Za ugradnje s duplim motorima, B501 omogu\u0107uje upravljanje oba ru\u010dice pomo\u0107u jednog gumba. Potpuno je kompatibilna sa svim Ultraflex pogonskim kablovima, a nudimo set adaptera za ve\u0107inu tipova kablova. Sigurnosni prekida\u010d osigurava da se motor mo\u017ee pokrenuti samo kada je u neutralnom polo\u017eaju, \u010dime se pove\u0107ava sigurnost u radu.<\/p>\n<p style=\"color: rgb(34, 34, 34); font-family: Arial, Helvetica, sans-serif; font-size: small;\"><strong>Klju\u010dne zna\u010dajke:<\/strong><\/p>\n<ul style=\"color: rgb(34, 34, 34); font-family: Arial, Helvetica, sans-serif; font-size: small;\">\n<li>Jednoru\u010dna, dvostruko djeluju\u0107a konstrukcija za u\u010dinkovito upravljanje plinom i reverzijom<\/li>\n<li>Dostupno s ili bez trim funkcionalnosti<\/li>\n<li>Zaklju\u010davanje u neutralnom polo\u017eaju za pove\u0107anu sigurnost<\/li>\n<li>Kompatibilno sa svim Ultraflex pogonskim kablovima<\/li>\n<li>Jedan gumb upravlja obje ru\u010dice u konfiguracijama s dvojim motorima<\/li>\n<li>Sigurnosni prekida\u010d (45.012.00) sprje\u010dava pokretanje motora osim u neutralnom polo\u017eaju<\/li>\n<\/ul>\n<p style=\"color: rgb(34, 34, 34); font-family: Arial, Helvetica, sans-serif; font-size: small;\"><strong>Dostupni modeli i varijacije:<\/strong><\/p>\n<ul style=\"color: rgb(34, 34, 34); font-family: Arial, Helvetica, sans-serif; font-size: small;\">\n<li>Crna &#8211; s trim funkcionalno\u0161\u0107u &#8211; s zaklju\u010davanjem u neutralnom polo\u017eaju: B501BT\/L<\/li>\n<li>Krom &#8211; s trim funkcionalno\u0161\u0107u &#8211; s zaklju\u010davanjem u neutralnom polo\u017eaju: B501CHT\/L<\/li>\n<\/ul>\n<p style=\"color: rgb(34, 34, 34); font-family: Arial, Helvetica, sans-serif; font-size: small;\"><strong>Kompatibilnost kablova:<\/strong><\/p>\n<ul style=\"color: rgb(34, 34, 34); font-family: Arial, Helvetica, sans-serif; font-size: small;\">\n<li>C14 kablovi: Nema potrebnog adaptera<\/li>\n<li>C2, C8, MACH0 kablovi: Uklju\u010deni K59 adapteri<\/li>\n<li>C5, C16, MACH5 kablovi: Potrebni K60 adapteri<\/li>\n<li>C36, MACH36 kablovi: Potrebni K62 adapteri<\/li>\n<\/ul>\n<p style=\"color: rgb(34, 34, 34); font-family: Arial, Helvetica, sans-serif; font-size: small;\">Ove kontrole su pa\u017eljivo osmi\u0161ljene za u\u010dinkovitost, pobolj\u0161avaju\u0107i performanse upravlja\u010dkih sustava i pojednostavljuju\u0107i upravljanje plovilom. Jedna ru\u010dica\/dualo djelovanje omogu\u0107uje glatke operacije plina i promjene, \u010dine\u0107i je prikladnom za bilo koje plovilo opremljeno unutarnjim motorom. Osim toga, sprje\u010dava nenamerno uklju\u010divanje brzina, osiguravaju\u0107i sigurnu promjenu dok motor miruje.<\/p>\n<p style=\"color: rgb(34, 34, 34); font-family: Arial, Helvetica, sans-serif; font-size: small;\"><strong>Dodatne zna\u010dajke:<\/strong><\/p>\n<ul style=\"color: rgb(34, 34, 34); font-family: Arial, Helvetica, sans-serif; font-size: small;\">\n<li>Ku\u0107i\u0161te je izra\u0111eno od visokotolerantnog ABS-a, s lijevanim ru\u010dicama dostupnim u dva stila:\n<ul>\n<li>Kromirano ku\u0107i\u0161te i ru\u010dice<\/li>\n<li>Gunmetal ku\u0107i\u0161te i ru\u010dice<\/li>\n<\/ul>\n<\/li>\n<li>Odvajanje na gumb za zagrijavanje motora<\/li>\n<li>Opcionalni sigurnosni prekida\u010d X12 \u2013 34543Q sprje\u010dava pokretanje u brzini<\/li>\n<li>Prekora\u010duje EN ISO 11547 standarde kada je X12 sigurnosni prekida\u010d instaliran<\/li>\n<li>Kompatibilno sa svim Ultraflex kontrolnim kablovima:\n<ul>\n<li>C14 i MACH14 kablovi ne zahtijevaju kit<\/li>\n<li>C2, C8 i MACHZero kablovi uklju\u010duju povezani kit K59 \u2013 40144C<\/li>\n<li>C5, C16 i MACH5 kablovi zahtijevaju K60 Kit \u2013 40145E<\/li>\n<li>C36 i MACH36 kablovi zahtijevaju K62 Kit \u2013 40157J<\/li>\n<li>C22 kabel zahtijeva K61 Kit \u2013 40146G<\/li>\n<\/ul>\n<\/li>\n<\/ul>\n","protected":false},"excerpt":{"rendered":"<p>Ultraflex B501 crni bez trima &#8211; Ultraflex B501 kontrola pojedina\u010dnog plina je osmi\u0161ljena za pru\u017eanje glatkog i preciznog upravljanja funkcijama<\/p>\n","protected":false},"featured_media":5941903,"comment_status":"open","ping_status":"closed","template":"","meta":[],"product_brand":[3501],"product_cat":[1791],"product_tag":[],"class_list":{"0":"post-741545","1":"product","2":"type-product","3":"status-publish","4":"has-post-thumbnail","6":"product_brand-ultraflex-uflex-hr","7":"product_cat-morse-poluge-gasa","9":"first","10":"instock","11":"shipping-taxable","12":"purchasable","13":"product-type-simple"},"_links":{"self":[{"href":"https:\/\/stoic-curie.212-227-153-4.plesk.page\/hr\/wp-json\/wp\/v2\/product\/741545","targetHints":{"allow":["GET"]}}],"collection":[{"href":"https:\/\/stoic-curie.212-227-153-4.plesk.page\/hr\/wp-json\/wp\/v2\/product"}],"about":[{"href":"https:\/\/stoic-curie.212-227-153-4.plesk.page\/hr\/wp-json\/wp\/v2\/types\/product"}],"replies":[{"embeddable":true,"href":"https:\/\/stoic-curie.212-227-153-4.plesk.page\/hr\/wp-json\/wp\/v2\/comments?post=741545"}],"version-history":[{"count":0,"href":"https:\/\/stoic-curie.212-227-153-4.plesk.page\/hr\/wp-json\/wp\/v2\/product\/741545\/revisions"}],"wp:featuredmedia":[{"embeddable":true,"href":"https:\/\/stoic-curie.212-227-153-4.plesk.page\/hr\/wp-json\/wp\/v2\/media\/5941903"}],"wp:attachment":[{"href":"https:\/\/stoic-curie.212-227-153-4.plesk.page\/hr\/wp-json\/wp\/v2\/media?parent=741545"}],"wp:term":[{"taxonomy":"product_brand","embeddable":true,"href":"https:\/\/stoic-curie.212-227-153-4.plesk.page\/hr\/wp-json\/wp\/v2\/product_brand?post=741545"},{"taxonomy":"product_cat","embeddable":true,"href":"https:\/\/stoic-curie.212-227-153-4.plesk.page\/hr\/wp-json\/wp\/v2\/product_cat?post=741545"},{"taxonomy":"product_tag","embeddable":true,"href":"https:\/\/stoic-curie.212-227-153-4.plesk.page\/hr\/wp-json\/wp\/v2\/product_tag?post=741545"}],"curies":[{"name":"wp","href":"https:\/\/api.w.org\/{rel}","templated":true}]}}