{"id":741546,"date":"2025-03-03T18:14:32","date_gmt":"2025-03-03T17:14:32","guid":{"rendered":"https:\/\/stoic-curie.212-227-153-4.plesk.page\/producto\/ultraflex-b501-crni-s-trimom\/"},"modified":"2026-02-25T00:00:54","modified_gmt":"2026-02-25T00:00:54","slug":"ultraflex-b501-crni-s-trimom","status":"publish","type":"product","link":"https:\/\/stoic-curie.212-227-153-4.plesk.page\/hr\/product\/ultraflex-b501-crni-s-trimom\/","title":{"rendered":"Ultraflex B501 crni s trimom"},"content":{"rendered":"<p>Ultraflex B501 crni s trimom &#8211; <\/p>\n<p style=\"color: rgb(34, 34, 34); font-family: Arial, Helvetica, sans-serif; font-size: small;\">Ultraflex B501 jedan manualni kontroler plina pru\u017ea glatko i precizno upravljanje funkcijama plina i reverza. Ova ru\u010dka koja se montira na gornji dio zna\u010dajka je s dvostrukim djelovanjem, \u0161to je \u010dini savr\u0161enom za daljinsko upravljanje u postavkama s jednim i dva motora. Mo\u017eete odabrati crnu ili kromiranu zavr\u0161nu obradu, s opcijama za trim i zaklju\u010davanje u neutralnom polo\u017eaju kako bi odgovarala raznim konfiguracijama \u010damca.<\/p>\n<p style=\"color: rgb(34, 34, 34); font-family: Arial, Helvetica, sans-serif; font-size: small;\">Za instalacije s dva motora, B501 omogu\u0107ava kontrolu oba kontrolera jednim gumbom. Kompatibilan je sa svim Ultraflex sistemima kabela, a uklju\u010dujemo set adaptera za ve\u0107inu tipova kabela. Sigurnosni prekida\u010d osigurava da motor mo\u017ee zapo\u010deti rad samo kada je u neutralnom polo\u017eaju, \u010dime se pove\u0107ava sigurnost.<\/p>\n<p style=\"color: rgb(34, 34, 34); font-family: Arial, Helvetica, sans-serif; font-size: small;\"><strong>Klju\u010dne zna\u010dajke:<\/strong><\/p>\n<ul style=\"color: rgb(34, 34, 34); font-family: Arial, Helvetica, sans-serif; font-size: small;\">\n<li>Jednoru\u010dno, dvostruko djelovanje za kontrolu plina i reverza<\/li>\n<li>Dostupno s ili bez funkcionalnosti trimanja<\/li>\n<li>Zaklju\u010davanje u neutralnom polo\u017eaju za dodatnu sigurnost<\/li>\n<li>Kompatibilno sa svim Ultraflex sistemima kabela<\/li>\n<li>Jedan gumb upravlja oba kontrolera u instalacijama s dva motora<\/li>\n<li>Sigurnosni prekida\u010d (45.012.00) sprje\u010dava pokretanje motora osim u neutralnom<\/li>\n<\/ul>\n<p style=\"color: rgb(34, 34, 34); font-family: Arial, Helvetica, sans-serif; font-size: small;\"><strong>Dostupni modeli i izmjene:<\/strong><\/p>\n<ul style=\"color: rgb(34, 34, 34); font-family: Arial, Helvetica, sans-serif; font-size: small;\">\n<li>Crni &#8211; S trimom &#8211; Sa zaklju\u010davanjem u neutralnom: B501BT\/L<\/li>\n<li>Krom &#8211; S trimom &#8211; Sa zaklju\u010davanjem u neutralnom: B501CHT\/L<\/li>\n<\/ul>\n<p style=\"color: rgb(34, 34, 34); font-family: Arial, Helvetica, sans-serif; font-size: small;\"><strong>Kompatibilnost kabela:<\/strong><\/p>\n<ul style=\"color: rgb(34, 34, 34); font-family: Arial, Helvetica, sans-serif; font-size: small;\">\n<li>C14 kablovi: Nema potreban adapter<\/li>\n<li>C2, C8, MACH0 kablovi: Uklju\u010deni K59 adapteri<\/li>\n<li>C5, C16, MACH5 kablovi: Potrebni K60 adapteri<\/li>\n<li>C36, MACH36 kablovi: Potrebni K62 adapteri<\/li>\n<\/ul>\n<p style=\"color: rgb(34, 34, 34); font-family: Arial, Helvetica, sans-serif; font-size: small;\">Ove kontrole su dizajnirane za u\u010dinkovitost, pobolj\u0161avaju\u0107i funkcionalnost sustava upravljanja i olak\u0161avaju\u0107i upravljanje va\u0161im \u010damcem. Kontrola s jednim ru\u010dkom\/dvostrukim djelovanjem omogu\u0107ava besprijekornu operaciju plina i mjenja\u010da, pogodna za svaki \u010damac s unutarnjim motorom. Tako\u0111er sprje\u010dava slu\u010dajno uklju\u010divanje brzine, osiguravaju\u0107i sigurno prebacivanje kada motor miruje.<\/p>\n<p style=\"color: rgb(34, 34, 34); font-family: Arial, Helvetica, sans-serif; font-size: small;\"><strong>Dodatne zna\u010dajke:<\/strong><\/p>\n<ul style=\"color: rgb(34, 34, 34); font-family: Arial, Helvetica, sans-serif; font-size: small;\">\n<li>Ku\u0107i\u0161te je napravljeno od visoko otporne ABS plastike, a lijevci su dostupni u dvije verzije:\n<ul>\n<li>Kromirano ku\u0107i\u0161te i lijevci<\/li>\n<li>Ku\u0107i\u0161te i lijevci u boji gunmetala<\/li>\n<\/ul>\n<\/li>\n<li>Gumb za otpu\u0161tanje za zagrijavanje motora<\/li>\n<li>Opcionalni X12 \u2013 34543Q sigurnosni prekida\u010d sprje\u010dava pokretanje u brzini<\/li>\n<li>Prema\u0161uje EN ISO 11547 standarde kada je X12 sigurnosni prekida\u010d instaliran<\/li>\n<li>Kompatibilno sa svim Ultraflex kontrolnim kabelima:\n<ul>\n<li>C14 i MACH14 kablovi ne zahtijevaju kit<\/li>\n<li>C2, C8 i MACHZero kablovi uklju\u010duju priklju\u010dni kit K59 \u2013 40144C<\/li>\n<li>C5, C16 i MACH5 kablovi zahtijevaju K60 Kit \u2013 40145E<\/li>\n<li>C36 i MACH36 kablovi zahtijevaju K62 Kit \u2013 40157J<\/li>\n<li>C22 kabel zahtijeva K61 Kit \u2013 40146G<\/li>\n<\/ul>\n<\/li>\n<\/ul>\n","protected":false},"excerpt":{"rendered":"<p>Ultraflex B501 crni s trimom &#8211; Ultraflex B501 jedan manualni kontroler plina pru\u017ea glatko i precizno upravljanje funkcijama plina i<\/p>\n","protected":false},"featured_media":5941903,"comment_status":"open","ping_status":"closed","template":"","meta":[],"product_brand":[3501],"product_cat":[1791],"product_tag":[],"class_list":{"0":"post-741546","1":"product","2":"type-product","3":"status-publish","4":"has-post-thumbnail","6":"product_brand-ultraflex-uflex-hr","7":"product_cat-morse-poluge-gasa","9":"first","10":"instock","11":"shipping-taxable","12":"purchasable","13":"product-type-simple"},"_links":{"self":[{"href":"https:\/\/stoic-curie.212-227-153-4.plesk.page\/hr\/wp-json\/wp\/v2\/product\/741546","targetHints":{"allow":["GET"]}}],"collection":[{"href":"https:\/\/stoic-curie.212-227-153-4.plesk.page\/hr\/wp-json\/wp\/v2\/product"}],"about":[{"href":"https:\/\/stoic-curie.212-227-153-4.plesk.page\/hr\/wp-json\/wp\/v2\/types\/product"}],"replies":[{"embeddable":true,"href":"https:\/\/stoic-curie.212-227-153-4.plesk.page\/hr\/wp-json\/wp\/v2\/comments?post=741546"}],"version-history":[{"count":0,"href":"https:\/\/stoic-curie.212-227-153-4.plesk.page\/hr\/wp-json\/wp\/v2\/product\/741546\/revisions"}],"wp:featuredmedia":[{"embeddable":true,"href":"https:\/\/stoic-curie.212-227-153-4.plesk.page\/hr\/wp-json\/wp\/v2\/media\/5941903"}],"wp:attachment":[{"href":"https:\/\/stoic-curie.212-227-153-4.plesk.page\/hr\/wp-json\/wp\/v2\/media?parent=741546"}],"wp:term":[{"taxonomy":"product_brand","embeddable":true,"href":"https:\/\/stoic-curie.212-227-153-4.plesk.page\/hr\/wp-json\/wp\/v2\/product_brand?post=741546"},{"taxonomy":"product_cat","embeddable":true,"href":"https:\/\/stoic-curie.212-227-153-4.plesk.page\/hr\/wp-json\/wp\/v2\/product_cat?post=741546"},{"taxonomy":"product_tag","embeddable":true,"href":"https:\/\/stoic-curie.212-227-153-4.plesk.page\/hr\/wp-json\/wp\/v2\/product_tag?post=741546"}],"curies":[{"name":"wp","href":"https:\/\/api.w.org\/{rel}","templated":true}]}}