{"id":741547,"date":"2025-03-03T18:14:32","date_gmt":"2025-03-03T17:14:32","guid":{"rendered":"https:\/\/stoic-curie.212-227-153-4.plesk.page\/producto\/ultraflex-b502-crni-dvostruki-s-trimom\/"},"modified":"2026-02-25T00:00:54","modified_gmt":"2026-02-25T00:00:54","slug":"ultraflex-b502-crni-dvostruki-s-trimom","status":"publish","type":"product","link":"https:\/\/stoic-curie.212-227-153-4.plesk.page\/hr\/product\/ultraflex-b502-crni-dvostruki-s-trimom\/","title":{"rendered":"Ultraflex B502 crni dvostruki s trimom"},"content":{"rendered":"<p>Ultraflex B502 crni dvostruki s trimom &#8211; <\/p>\n<p>Dvojni kontrolni sustav B502 iz ULTRAFLEX-a isti\u010de se suvremenim i elegantnim dizajnom, \u0161to ga \u010dini kompatibilnim s \u0161iroko kori\u0161tenim motorima, kao \u0161to su generacija 1 Mercruiser i Mercury motori.<\/p>\n<p><strong>Dimenzije:<\/strong><\/p>\n<ul>\n<li>Dimenzije za ugradnju: 151,5 x 120 mm<\/li>\n<li>Dubina ugradnje (bez kontrolnih kabela): 195 mm<\/li>\n<li>Promjer rupe: 5,2 mm<\/li>\n<\/ul>\n<p>Ovi kontrolni sustavi nagla\u0161avaju efikasnost, pobolj\u0161avaju\u0107i funkcionalnost kontrolnih sustava kako bi pojednostavili iskustvo plovidbe. Jedinstvena poluga\/dupla akcija omogu\u0107uje vam upravljanje gorivom i prebacivanjem, kao i funkcijama trimanja i zaklju\u010davanja.<\/p>\n<p>Imate mogu\u0107nost upravljanja trimom na oba motora istovremeno ili pode\u0161avanje trimanja za svaki motor zasebno. Ovaj kontrolni sustav idealan je za svako plovilo opremljeno vanbrodskim ili I\/O pogonima i jam\u010di sigurno prebacivanje sprje\u010davanjem slu\u010dajnog uklju\u010divanja brzine osim kada je motor u praznom hodu.<\/p>\n<p><strong>Klju\u010dne zna\u010dajke:<\/strong><\/p>\n<ul>\n<li>Ku\u0107i\u0161te je izra\u0111eno od visokotolerantnog ABS-a, a poluge su lijevane u dvije zavr\u0161ne obrade:\n<ul>\n<li>Hromirani<\/li>\n<li>Gun metal<\/li>\n<\/ul>\n<\/li>\n<li>Funkcija gumba omogu\u0107uje isklju\u010divanje prebacivanja tijekom zagrijavanja motora.<\/li>\n<li>Opcionalni X12 \u2013 34543Q neutralni sigurnosni prekida\u010d sprje\u010dava pokretanje motora dok je u brzini.<\/li>\n<li>Prekora\u010duje EN ISO 11547 standarde kada je X12 sigurnosni prekida\u010d aktiviran.<\/li>\n<li>Kompatibilan sa svim Ultraflex kontrolnim kabelima:\n<ul>\n<li>C14 i MACH14 kablovi ne zahtijevaju dodatni kit.<\/li>\n<li>C2, C8 i MACHZero kablovi dolaze s kutijom za povezivanje K59 \u2013 40144C.<\/li>\n<li>C5, C16 i MACH5 kablovi trebaju kit K60 \u2013 40145E.<\/li>\n<li>C36 i MACH36 kablovi zahtijevaju kit K62 \u2013 40157J.<\/li>\n<li>C22 kablovi zahtijevaju kit K61 \u2013 40146G.<\/li>\n<\/ul>\n<\/li>\n<\/ul>\n<p><strong>Tehni\u010dki podaci:<\/strong><\/p>\n<ul>\n<li>Tip kontrole: Jedna poluga<\/li>\n<li>Akcija kontrole: Dupla akcija<\/li>\n<li>Skup: Za monta\u017eu na vrhu<\/li>\n<li>Primjena: Vanbrodski motori&amp; Sterndrivovi<\/li>\n<li>Materijal ku\u0107i\u0161ta: Visokotolerantni ABS<\/li>\n<li>Poluga: Lijevana<\/li>\n<li>Dostupne boje: Hromirana; Gun Metal<\/li>\n<li>Verzija: Potpuno mehani\u010dka<\/li>\n<li>Pode\u0161avana trenja: Da<\/li>\n<li>Dugme za zagrijavanje motora: Da<\/li>\n<li>Pozitivno zaklju\u010davanje u neutralnom: Da<\/li>\n<li>Dupli kontrole s trimom: Da, mogu se koristiti istovremeno ili neovisno<\/li>\n<li>X12 neutralni sigurnosni prekida\u010d: Opcionalno<\/li>\n<li>Usagla\u0161enost s EN ISO 11547: Da, uz instaliran X12 sigurnosni prekida\u010d<\/li>\n<li>Kompatibilni kontrolni kablovi: C14, MACH14<\/li>\n<li>Kablovi kontrole koji zahtijevaju kutije za povezivanje: C2, C8, MACHZero (K59 uklju\u010den); C5, C16, MACH5 (K60); C36, MACH36 (K62); C22 (K61)<\/li>\n<\/ul>\n<p>Ovaj kontrolni sustav zna\u010dajno pobolj\u0161ava va\u0161e iskustvo plovidbe kroz svoj inovativni dizajn i pouzdanu izvedbu.<\/p>\n","protected":false},"excerpt":{"rendered":"<p>Ultraflex B502 crni dvostruki s trimom &#8211; Dvojni kontrolni sustav B502 iz ULTRAFLEX-a isti\u010de se suvremenim i elegantnim dizajnom, \u0161to<\/p>\n","protected":false},"featured_media":5941908,"comment_status":"open","ping_status":"closed","template":"","meta":[],"product_brand":[3501],"product_cat":[1791],"product_tag":[],"class_list":{"0":"post-741547","1":"product","2":"type-product","3":"status-publish","4":"has-post-thumbnail","6":"product_brand-ultraflex-uflex-hr","7":"product_cat-morse-poluge-gasa","9":"first","10":"instock","11":"shipping-taxable","12":"purchasable","13":"product-type-simple"},"_links":{"self":[{"href":"https:\/\/stoic-curie.212-227-153-4.plesk.page\/hr\/wp-json\/wp\/v2\/product\/741547","targetHints":{"allow":["GET"]}}],"collection":[{"href":"https:\/\/stoic-curie.212-227-153-4.plesk.page\/hr\/wp-json\/wp\/v2\/product"}],"about":[{"href":"https:\/\/stoic-curie.212-227-153-4.plesk.page\/hr\/wp-json\/wp\/v2\/types\/product"}],"replies":[{"embeddable":true,"href":"https:\/\/stoic-curie.212-227-153-4.plesk.page\/hr\/wp-json\/wp\/v2\/comments?post=741547"}],"version-history":[{"count":0,"href":"https:\/\/stoic-curie.212-227-153-4.plesk.page\/hr\/wp-json\/wp\/v2\/product\/741547\/revisions"}],"wp:featuredmedia":[{"embeddable":true,"href":"https:\/\/stoic-curie.212-227-153-4.plesk.page\/hr\/wp-json\/wp\/v2\/media\/5941908"}],"wp:attachment":[{"href":"https:\/\/stoic-curie.212-227-153-4.plesk.page\/hr\/wp-json\/wp\/v2\/media?parent=741547"}],"wp:term":[{"taxonomy":"product_brand","embeddable":true,"href":"https:\/\/stoic-curie.212-227-153-4.plesk.page\/hr\/wp-json\/wp\/v2\/product_brand?post=741547"},{"taxonomy":"product_cat","embeddable":true,"href":"https:\/\/stoic-curie.212-227-153-4.plesk.page\/hr\/wp-json\/wp\/v2\/product_cat?post=741547"},{"taxonomy":"product_tag","embeddable":true,"href":"https:\/\/stoic-curie.212-227-153-4.plesk.page\/hr\/wp-json\/wp\/v2\/product_tag?post=741547"}],"curies":[{"name":"wp","href":"https:\/\/api.w.org\/{rel}","templated":true}]}}