{"id":741550,"date":"2025-03-03T18:14:33","date_gmt":"2025-03-03T17:14:33","guid":{"rendered":"https:\/\/stoic-curie.212-227-153-4.plesk.page\/producto\/pvc-bokostitnica-za-dokove-h90-mm-x-3-mt\/"},"modified":"2026-02-25T00:00:54","modified_gmt":"2026-02-25T00:00:54","slug":"pvc-bokostitnica-za-dokove-h90-mm-x-3-mt","status":"publish","type":"product","link":"https:\/\/stoic-curie.212-227-153-4.plesk.page\/hr\/product\/pvc-bokostitnica-za-dokove-h90-mm-x-3-mt\/","title":{"rendered":"PVC boko\u0161titnica za dokove H90 mm x 3 mt"},"content":{"rendered":"<p>PVC boko\u0161titnica za dokove H90 mm x 3 mt &#8211; <\/p>\n<p>Profilne za\u0161tite du\u017eine 3 metra za dokove, pontone i op\u0107u za\u0161titu. Proizvedeno od PVC-a s visokom otporno\u0161\u0107u na udarce, s vrlo niskim koeficijentom trenja, ne ostavlja tragove na gelcoatu \u010damca, za razliku od gume. Mo\u017ee se postaviti pojedina\u010dno ili u vi\u0161e komada. Fiksiranje: umetnite aluminijsku ili cinkom prevu\u010denu plo\u010du dimenzija 30&#215;5 mm i probijte kako biste umetnuli u\u010dvr\u0161\u0107uju\u0107e vijke.<\/p>\n","protected":false},"excerpt":{"rendered":"<p>PVC boko\u0161titnica za dokove H90 mm x 3 mt &#8211; Profilne za\u0161tite du\u017eine 3 metra za dokove, pontone i op\u0107u<\/p>\n","protected":false},"featured_media":5940166,"comment_status":"open","ping_status":"closed","template":"","meta":[],"product_brand":[3481],"product_cat":[1849],"product_tag":[],"class_list":{"0":"post-741550","1":"product","2":"type-product","3":"status-publish","4":"has-post-thumbnail","6":"product_brand-tessilmare-hr","7":"product_cat-bokobrani-za-dokove","9":"first","10":"instock","11":"shipping-taxable","12":"purchasable","13":"product-type-simple"},"_links":{"self":[{"href":"https:\/\/stoic-curie.212-227-153-4.plesk.page\/hr\/wp-json\/wp\/v2\/product\/741550","targetHints":{"allow":["GET"]}}],"collection":[{"href":"https:\/\/stoic-curie.212-227-153-4.plesk.page\/hr\/wp-json\/wp\/v2\/product"}],"about":[{"href":"https:\/\/stoic-curie.212-227-153-4.plesk.page\/hr\/wp-json\/wp\/v2\/types\/product"}],"replies":[{"embeddable":true,"href":"https:\/\/stoic-curie.212-227-153-4.plesk.page\/hr\/wp-json\/wp\/v2\/comments?post=741550"}],"version-history":[{"count":0,"href":"https:\/\/stoic-curie.212-227-153-4.plesk.page\/hr\/wp-json\/wp\/v2\/product\/741550\/revisions"}],"wp:featuredmedia":[{"embeddable":true,"href":"https:\/\/stoic-curie.212-227-153-4.plesk.page\/hr\/wp-json\/wp\/v2\/media\/5940166"}],"wp:attachment":[{"href":"https:\/\/stoic-curie.212-227-153-4.plesk.page\/hr\/wp-json\/wp\/v2\/media?parent=741550"}],"wp:term":[{"taxonomy":"product_brand","embeddable":true,"href":"https:\/\/stoic-curie.212-227-153-4.plesk.page\/hr\/wp-json\/wp\/v2\/product_brand?post=741550"},{"taxonomy":"product_cat","embeddable":true,"href":"https:\/\/stoic-curie.212-227-153-4.plesk.page\/hr\/wp-json\/wp\/v2\/product_cat?post=741550"},{"taxonomy":"product_tag","embeddable":true,"href":"https:\/\/stoic-curie.212-227-153-4.plesk.page\/hr\/wp-json\/wp\/v2\/product_tag?post=741550"}],"curies":[{"name":"wp","href":"https:\/\/api.w.org\/{rel}","templated":true}]}}