{"id":741551,"date":"2025-03-03T18:14:33","date_gmt":"2025-03-03T17:14:33","guid":{"rendered":"https:\/\/stoic-curie.212-227-153-4.plesk.page\/producto\/elektricna-ploca-black-sea-sa-7-led-prekidaca-i-usb-prikljuckom-115-x-h240-mm\/"},"modified":"2026-02-25T00:00:54","modified_gmt":"2026-02-25T00:00:54","slug":"elektricna-ploca-black-sea-sa-7-led-prekidaca-i-usb-prikljuckom-115-x-h240-mm","status":"publish","type":"product","link":"https:\/\/stoic-curie.212-227-153-4.plesk.page\/hr\/product\/elektricna-ploca-black-sea-sa-7-led-prekidaca-i-usb-prikljuckom-115-x-h240-mm\/","title":{"rendered":"Elektricna ploca Black Sea sa 7 LED prekidaca i USB prikljuckom 115 x H240 mm"},"content":{"rendered":"<p>Elektricna ploca Black Sea sa 7 LED prekidaca i USB prikljuckom 115 x H240 mm &#8211; <\/p>\n<p>Anodizirana poliuretanska 12V kabela\u017ena plo\u010da s vodootpornim prekida\u010dima, LED pilotskim svjetlima, osigura\u010dima i oznakama. S ili bez USB napajanja. Univerzalna vertikalna ili horizontalna monta\u017ea.<\/p>\n","protected":false},"excerpt":{"rendered":"<p>Elektricna ploca Black Sea sa 7 LED prekidaca i USB prikljuckom 115 x H240 mm &#8211; Anodizirana poliuretanska 12V kabela\u017ena<\/p>\n","protected":false},"featured_media":5939292,"comment_status":"open","ping_status":"closed","template":"","meta":[],"product_brand":[3236],"product_cat":[1746],"product_tag":[],"class_list":{"0":"post-741551","1":"product","2":"type-product","3":"status-publish","4":"has-post-thumbnail","6":"product_brand-osculati-hr","7":"product_cat-elektricne-ploce-prekidaca","9":"first","10":"instock","11":"shipping-taxable","12":"purchasable","13":"product-type-simple"},"_links":{"self":[{"href":"https:\/\/stoic-curie.212-227-153-4.plesk.page\/hr\/wp-json\/wp\/v2\/product\/741551","targetHints":{"allow":["GET"]}}],"collection":[{"href":"https:\/\/stoic-curie.212-227-153-4.plesk.page\/hr\/wp-json\/wp\/v2\/product"}],"about":[{"href":"https:\/\/stoic-curie.212-227-153-4.plesk.page\/hr\/wp-json\/wp\/v2\/types\/product"}],"replies":[{"embeddable":true,"href":"https:\/\/stoic-curie.212-227-153-4.plesk.page\/hr\/wp-json\/wp\/v2\/comments?post=741551"}],"version-history":[{"count":0,"href":"https:\/\/stoic-curie.212-227-153-4.plesk.page\/hr\/wp-json\/wp\/v2\/product\/741551\/revisions"}],"wp:featuredmedia":[{"embeddable":true,"href":"https:\/\/stoic-curie.212-227-153-4.plesk.page\/hr\/wp-json\/wp\/v2\/media\/5939292"}],"wp:attachment":[{"href":"https:\/\/stoic-curie.212-227-153-4.plesk.page\/hr\/wp-json\/wp\/v2\/media?parent=741551"}],"wp:term":[{"taxonomy":"product_brand","embeddable":true,"href":"https:\/\/stoic-curie.212-227-153-4.plesk.page\/hr\/wp-json\/wp\/v2\/product_brand?post=741551"},{"taxonomy":"product_cat","embeddable":true,"href":"https:\/\/stoic-curie.212-227-153-4.plesk.page\/hr\/wp-json\/wp\/v2\/product_cat?post=741551"},{"taxonomy":"product_tag","embeddable":true,"href":"https:\/\/stoic-curie.212-227-153-4.plesk.page\/hr\/wp-json\/wp\/v2\/product_tag?post=741551"}],"curies":[{"name":"wp","href":"https:\/\/api.w.org\/{rel}","templated":true}]}}