{"id":741555,"date":"2025-03-03T18:14:34","date_gmt":"2025-03-03T17:14:34","guid":{"rendered":"https:\/\/stoic-curie.212-227-153-4.plesk.page\/producto\/kit-trim-ploce-flaps-bennett-129-300-x-230mm\/"},"modified":"2026-02-25T00:00:54","modified_gmt":"2026-02-25T00:00:54","slug":"kit-trim-ploce-flaps-bennett-129-300-x-230mm","status":"publish","type":"product","link":"https:\/\/stoic-curie.212-227-153-4.plesk.page\/hr\/product\/kit-trim-ploce-flaps-bennett-129-300-x-230mm\/","title":{"rendered":"Kit trim ploce Flaps Bennett Bolt 129  300 x 230mm"},"content":{"rendered":"<p>Kit trim ploce Flaps Bennett Bolt 129  300 x 230mm &#8211; <\/p>\n<p style=\"color: rgb(34, 34, 34); font-family: Arial, Helvetica, sans-serif; font-size: small;\">Predstavljamo Bennett 12 x 9 Trim Tab sustav, elektri\u010dni trim tab kit od 12V koji uklju\u010duje dva aktuatora i dvije od nehr\u0111aju\u0107eg \u010delika. Ovaj sustav je dizajniran za \u010damce dimenzija izme\u0111u 5,8 i 7,3 metra. Imajte na umu da se kontrolna plo\u010da mora naru\u010diti odvojeno.<\/p>\n<p style=\"color: rgb(34, 34, 34); font-family: Arial, Helvetica, sans-serif; font-size: small;\"><strong>Bennett elektri\u010dni trim tab setovi bez kontrola<\/strong><\/p>\n<ul style=\"color: rgb(34, 34, 34); font-family: Arial, Helvetica, sans-serif; font-size: small;\">\n<li><strong>Model:<\/strong>&nbsp;BOLT129<\/li>\n<\/ul>\n<p style=\"color: rgb(34, 34, 34); font-family: Arial, Helvetica, sans-serif; font-size: small;\">Ovaj sustav sadr\u017ei skrivenu \u017eicu koja je za\u0161ti\u0107ena kroz gornji \u0161ark i osigurava da nema izlo\u017eenih \u017eica osjetljivih na morsko okru\u017eenje. \u010cvrsti, vodonepropusni aktuator od crnog najlona jam\u010di pouzdano djelovanje. Glavna brtva je postavljena visoko kako bi sprije\u010dila morski rast i provale vode. Osim toga, ovaj sustav radi ti\u0161e od bilo kojeg drugog na tr\u017ei\u0161tu, omogu\u0107uju\u0107i vam da u\u017eivate u vremenu na vodi bez ometanja riba.<\/p>\n<p style=\"color: rgb(34, 34, 34); font-family: Arial, Helvetica, sans-serif; font-size: small;\">Instalacija je brza i jednostavna, bez potrebe za rastavljanjem dijelova aktuatora. \u010camci sada mogu u\u017eivati u izdr\u017eljivom i pouzdanom elektri\u010dnom trim tab sustavu dizajniranom za \u010damce u rasponu od 17 do 28 stopa.<\/p>\n<p style=\"color: rgb(34, 34, 34); font-family: Arial, Helvetica, sans-serif; font-size: small;\">Bennett Marine je 1960. godine pionir elektri\u010dnog trim taba i nastavlja predvoditi industriju s ovim inovativnim elektri\u010dnim trim tab sustavom, dizajniranim da nadma\u0161i i nad\u017eivi bilo koji drugi elektri\u010dni sustav dostupan danas. Za razliku od starijih elektri\u010dnih sustava koji se oslanjaju na zastarjelu tehnologiju, BOLT elektri\u010dni sustav kombinira naprednu tehnologiju sa \u010dvrstim, vodonepropusnim aktuatorom. Ova nova &#8220;Superior by Design&#8221; tehnologija rje\u0161ava uobi\u010dajene probleme starih sustava, poput pucanja i provale vode uzrokovane gre\u0161kama u dizajnu i morskim rastom.<\/p>\n<p style=\"color: rgb(34, 34, 34); font-family: Arial, Helvetica, sans-serif; font-size: small;\">Iako Bennett preporu\u010duje hidrauli\u010dne trim tabove za ve\u0107inu primjena, elektri\u010dni trim tab sustavi su pogodni za:<\/p>\n<ul style=\"color: rgb(34, 34, 34); font-family: Arial, Helvetica, sans-serif; font-size: small;\">\n<li>Prikolici \u010damci od 17 do 28 stopa<\/li>\n<li>Kori\u0161tenje jednog aktuatora, jer nije mogu\u0107e sinkronizirati dva elektri\u010dna aktuatora na istom tabu<\/li>\n<\/ul>\n<p style=\"color: rgb(34, 34, 34); font-family: Arial, Helvetica, sans-serif; font-size: small;\">Za dovr\u0161etak sustava potrebna je jedna od sljede\u0107ih kontrola:<\/p>\n<ul style=\"color: rgb(34, 34, 34); font-family: Arial, Helvetica, sans-serif; font-size: small;\">\n<li><strong>BRC4000<\/strong>&nbsp;&#8211; Bolt Rocker Switch<\/li>\n<li><strong>BCN6000<\/strong>&nbsp;&#8211; Bolt Control &#8211; Non Indicator<\/li>\n<li><strong>BCI8000<\/strong>&nbsp;&#8211; Bolt Control &#8211; With Indicator<\/li>\n<\/ul>\n<p style=\"color: rgb(34, 34, 34); font-family: Arial, Helvetica, sans-serif; font-size: small;\">&lt;strong&gt;\u0160to se nalazi u kutiji:&lt;\/strong&gt;&lt;\/p&gt;<\/p>\n<ul style=\"color: rgb(34, 34, 34); font-family: Arial, Helvetica, sans-serif; font-size: small;\">\n<li>Dva 12-voltna aktuatora s 6-stoplig \u017ei\u010danim kablovima i vodootpornim konektorima<\/li>\n<li>Dva trim panela od nehr\u0111aju\u0107eg \u010delika i monta\u017ene plo\u010de<\/li>\n<li>20-stopni \u017ei\u010dni kabel s vodootpornim konektorima<\/li>\n<\/ul>\n<p style=\"color: rgb(34, 34, 34); font-family: Arial, Helvetica, sans-serif; font-size: small;\">Iskusite pouzdanost i performanse Bennett 12 x 9 Trim Tab sustava za va\u0161e brodske avanture<\/p>\n","protected":false},"excerpt":{"rendered":"<p>Kit trim ploce Flaps Bennett Bolt 129 300 x 230mm &#8211; Predstavljamo Bennett 12 x 9 Trim Tab sustav, elektri\u010dni<\/p>\n","protected":false},"featured_media":5941929,"comment_status":"open","ping_status":"closed","template":"","meta":[],"product_brand":[2821],"product_cat":[1806],"product_tag":[],"class_list":{"0":"post-741555","1":"product","2":"type-product","3":"status-publish","4":"has-post-thumbnail","6":"product_brand-bennett-marine-hr","7":"product_cat-trim-ploce","9":"first","10":"instock","11":"shipping-taxable","12":"purchasable","13":"product-type-simple"},"_links":{"self":[{"href":"https:\/\/stoic-curie.212-227-153-4.plesk.page\/hr\/wp-json\/wp\/v2\/product\/741555","targetHints":{"allow":["GET"]}}],"collection":[{"href":"https:\/\/stoic-curie.212-227-153-4.plesk.page\/hr\/wp-json\/wp\/v2\/product"}],"about":[{"href":"https:\/\/stoic-curie.212-227-153-4.plesk.page\/hr\/wp-json\/wp\/v2\/types\/product"}],"replies":[{"embeddable":true,"href":"https:\/\/stoic-curie.212-227-153-4.plesk.page\/hr\/wp-json\/wp\/v2\/comments?post=741555"}],"version-history":[{"count":0,"href":"https:\/\/stoic-curie.212-227-153-4.plesk.page\/hr\/wp-json\/wp\/v2\/product\/741555\/revisions"}],"wp:featuredmedia":[{"embeddable":true,"href":"https:\/\/stoic-curie.212-227-153-4.plesk.page\/hr\/wp-json\/wp\/v2\/media\/5941929"}],"wp:attachment":[{"href":"https:\/\/stoic-curie.212-227-153-4.plesk.page\/hr\/wp-json\/wp\/v2\/media?parent=741555"}],"wp:term":[{"taxonomy":"product_brand","embeddable":true,"href":"https:\/\/stoic-curie.212-227-153-4.plesk.page\/hr\/wp-json\/wp\/v2\/product_brand?post=741555"},{"taxonomy":"product_cat","embeddable":true,"href":"https:\/\/stoic-curie.212-227-153-4.plesk.page\/hr\/wp-json\/wp\/v2\/product_cat?post=741555"},{"taxonomy":"product_tag","embeddable":true,"href":"https:\/\/stoic-curie.212-227-153-4.plesk.page\/hr\/wp-json\/wp\/v2\/product_tag?post=741555"}],"curies":[{"name":"wp","href":"https:\/\/api.w.org\/{rel}","templated":true}]}}