{"id":741558,"date":"2025-03-03T18:14:35","date_gmt":"2025-03-03T17:14:35","guid":{"rendered":"https:\/\/stoic-curie.212-227-153-4.plesk.page\/producto\/set-aluminijskih-anoda-za-honda-bf-75-90-115\/"},"modified":"2026-02-25T00:00:54","modified_gmt":"2026-02-25T00:00:54","slug":"set-aluminijskih-anoda-za-honda-bf-75-90-115","status":"publish","type":"product","link":"https:\/\/stoic-curie.212-227-153-4.plesk.page\/hr\/product\/set-aluminijskih-anoda-za-honda-bf-75-90-115\/","title":{"rendered":"Set aluminijskih anoda za Honda bf 75\/90\/115"},"content":{"rendered":"<p>Set aluminijskih anoda za Honda bf 75\/90\/115 &#8211; <\/p>\n<p>Martyr &#8220;Pravi Tip&#8221; Anodna Katalog boks M2 legure aluminija za Honda BF 75\/90\/115.\u00e2\u0080\u00a2 \u0160titi 50% du\u017ee od tradicionalnih cink anoda.\u00e2\u0080\u00a2 Te\u017ei 50% manje od tradicionalnih cink anoda. Paket sadr\u017ei: 1 x 41107ZW1B01, 1 x 06411ZW1, 2 x 41109ZW1B00<\/p>\n","protected":false},"excerpt":{"rendered":"<p>Set aluminijskih anoda za Honda bf 75\/90\/115 &#8211; Martyr &#8220;Pravi Tip&#8221; Anodna Katalog boks M2 legure aluminija za Honda BF<\/p>\n","protected":false},"featured_media":5941934,"comment_status":"open","ping_status":"closed","template":"","meta":[],"product_brand":[3126],"product_cat":[1825],"product_tag":[],"class_list":{"0":"post-741558","1":"product","2":"type-product","3":"status-publish","4":"has-post-thumbnail","6":"product_brand-martyr-hr","7":"product_cat-rezervni-dijelovi-za-vanbrodske-motore-honda","9":"first","10":"instock","11":"shipping-taxable","12":"purchasable","13":"product-type-simple"},"_links":{"self":[{"href":"https:\/\/stoic-curie.212-227-153-4.plesk.page\/hr\/wp-json\/wp\/v2\/product\/741558","targetHints":{"allow":["GET"]}}],"collection":[{"href":"https:\/\/stoic-curie.212-227-153-4.plesk.page\/hr\/wp-json\/wp\/v2\/product"}],"about":[{"href":"https:\/\/stoic-curie.212-227-153-4.plesk.page\/hr\/wp-json\/wp\/v2\/types\/product"}],"replies":[{"embeddable":true,"href":"https:\/\/stoic-curie.212-227-153-4.plesk.page\/hr\/wp-json\/wp\/v2\/comments?post=741558"}],"version-history":[{"count":0,"href":"https:\/\/stoic-curie.212-227-153-4.plesk.page\/hr\/wp-json\/wp\/v2\/product\/741558\/revisions"}],"wp:featuredmedia":[{"embeddable":true,"href":"https:\/\/stoic-curie.212-227-153-4.plesk.page\/hr\/wp-json\/wp\/v2\/media\/5941934"}],"wp:attachment":[{"href":"https:\/\/stoic-curie.212-227-153-4.plesk.page\/hr\/wp-json\/wp\/v2\/media?parent=741558"}],"wp:term":[{"taxonomy":"product_brand","embeddable":true,"href":"https:\/\/stoic-curie.212-227-153-4.plesk.page\/hr\/wp-json\/wp\/v2\/product_brand?post=741558"},{"taxonomy":"product_cat","embeddable":true,"href":"https:\/\/stoic-curie.212-227-153-4.plesk.page\/hr\/wp-json\/wp\/v2\/product_cat?post=741558"},{"taxonomy":"product_tag","embeddable":true,"href":"https:\/\/stoic-curie.212-227-153-4.plesk.page\/hr\/wp-json\/wp\/v2\/product_tag?post=741558"}],"curies":[{"name":"wp","href":"https:\/\/api.w.org\/{rel}","templated":true}]}}