{"id":741560,"date":"2025-03-03T18:14:35","date_gmt":"2025-03-03T17:14:35","guid":{"rendered":"https:\/\/stoic-curie.212-227-153-4.plesk.page\/producto\/vitrifrigo-hladnjak-c42lx-42lt-12-24v\/"},"modified":"2026-02-25T00:00:54","modified_gmt":"2026-02-25T00:00:54","slug":"vitrifrigo-hladnjak-c42lx-42lt-12-24v","status":"publish","type":"product","link":"https:\/\/stoic-curie.212-227-153-4.plesk.page\/hr\/product\/vitrifrigo-hladnjak-c42lx-42lt-12-24v\/","title":{"rendered":"Vitrifrigo hladnjak C42LX"},"content":{"rendered":"<p>Vitrifrigo hladnjak C42LX &#8211; <\/p>\n<p style=\"color: rgb(34, 34, 34); font-family: Arial, Helvetica, sans-serif; font-size: small;\">Predstavljamo C42LX OCX2 hladnjak-zamrziva\u010d od Vitrifriga, izra\u0111en od izdr\u017eljive nehr\u0111aju\u0107e \u010delika. Ovaj model ima vanjsku ku\u0107i\u0161te i opremljen je daljinskom Danfoss jedinicom za hla\u0111enje koja se mo\u017ee postaviti do 2 metra udaljenosti. Vrata su reverzibilna i uklju\u010duju ventilacijsku poziciju za vrijeme kada ure\u0111aj nije u upotrebi. Tako\u0111er dolazi s LED svjetlom, mehani\u010dkim termostatom i kliznim profilom za jednostavnu instalaciju, bilo ugra\u0111enu ili poravnatu s vratima.<\/p>\n<p style=\"color: rgb(34, 34, 34); font-family: Arial, Helvetica, sans-serif; font-size: small;\">C42LX OCX2 nudi ukupni kapacitet od 42 litre, uz opcionalni zamrziva\u010d kapaciteta 3,6 litara. Vanjska jedinica za hla\u0111enje pobolj\u0161ava u\u010dinkovitost.<\/p>\n<p style=\"color: rgb(34, 34, 34); font-family: Arial, Helvetica, sans-serif; font-size: small;\">Jedna od klju\u010dnih zna\u010dajki ovog hladnjaka-zamrziva\u010da je vrata koja imaju pozitivan sustav zaklju\u010davanja kako bi se sprije\u010dila nenamjerna otvaranja. Osim toga, vrata uklju\u010duju jedinstveni sustav &#8220;Ventilacijska pozicija&#8221; integriran u ru\u010dku, \u0161to omogu\u0107uje da ostanu djelomi\u010dno otvorena tijekom neupotrebe. Ova zna\u010dajka poma\u017ee sprije\u010diti plijesan i ne\u017eeljene mirise dok osigurava bolju o\u010duvanje hrane.<\/p>\n<p style=\"color: rgb(34, 34, 34); font-family: Arial, Helvetica, sans-serif; font-size: small;\"><strong>Tehni\u010dke specifikacije:<\/strong><\/p>\n<ul style=\"color: rgb(34, 34, 34); font-family: Arial, Helvetica, sans-serif; font-size: small;\">\n<li><strong>Zavr\u0161na obrada vrata:<\/strong>\u00a0Nehr\u0111aju\u0107i \u010delik<\/li>\n<li><strong>Kapacitet:<\/strong>\u00a042 litre<\/li>\n<li><strong>Visina:<\/strong>\u00a0545 mm<\/li>\n<li><strong>Duljina:<\/strong>\u00a0443 mm<\/li>\n<li><strong>Dubina:<\/strong>\u00a0380 mm<\/li>\n<li><strong>Serija:<\/strong>\u00a0OCX2<\/li>\n<li><strong>Reverzibilna vrata:<\/strong>\u00a0Da<\/li>\n<li><strong>Termostat:<\/strong>\u00a0Mehani\u010dki<\/li>\n<li><strong>Tehnologija hla\u0111enja:<\/strong>\u00a0Kompresor<\/li>\n<li><strong>Ure\u0111aj za hla\u0111enje:<\/strong>\u00a0Vanjski<\/li>\n<li><strong>Otvor vrata:<\/strong>\u00a0Jedna prednja vrata<\/li>\n<li><strong>Napon:<\/strong>\u00a012\/24 VDC<\/li>\n<\/ul>\n<p style=\"color: rgb(34, 34, 34); font-family: Arial, Helvetica, sans-serif; font-size: small;\">Ovaj hladnjak-zamrziva\u010d je izvrstan izbor za one koji tra\u017ee kvalitetu i funkcionalnost u svojoj opremi za brodove.<\/p>\n","protected":false},"excerpt":{"rendered":"<p>Vitrifrigo hladnjak C42LX &#8211; Predstavljamo C42LX OCX2 hladnjak-zamrziva\u010d od Vitrifriga, izra\u0111en od izdr\u017eljive nehr\u0111aju\u0107e \u010delika. Ovaj model ima vanjsku ku\u0107i\u0161te<\/p>\n","protected":false},"featured_media":5941940,"comment_status":"open","ping_status":"closed","template":"","meta":[],"product_brand":[3526],"product_cat":[1751],"product_tag":[],"class_list":{"0":"post-741560","1":"product","2":"type-product","3":"status-publish","4":"has-post-thumbnail","6":"product_brand-vitrifrigo-hr","7":"product_cat-hladnjaci-i-zamrzivaci","9":"first","10":"instock","11":"shipping-taxable","12":"purchasable","13":"product-type-simple"},"_links":{"self":[{"href":"https:\/\/stoic-curie.212-227-153-4.plesk.page\/hr\/wp-json\/wp\/v2\/product\/741560","targetHints":{"allow":["GET"]}}],"collection":[{"href":"https:\/\/stoic-curie.212-227-153-4.plesk.page\/hr\/wp-json\/wp\/v2\/product"}],"about":[{"href":"https:\/\/stoic-curie.212-227-153-4.plesk.page\/hr\/wp-json\/wp\/v2\/types\/product"}],"replies":[{"embeddable":true,"href":"https:\/\/stoic-curie.212-227-153-4.plesk.page\/hr\/wp-json\/wp\/v2\/comments?post=741560"}],"version-history":[{"count":0,"href":"https:\/\/stoic-curie.212-227-153-4.plesk.page\/hr\/wp-json\/wp\/v2\/product\/741560\/revisions"}],"wp:featuredmedia":[{"embeddable":true,"href":"https:\/\/stoic-curie.212-227-153-4.plesk.page\/hr\/wp-json\/wp\/v2\/media\/5941940"}],"wp:attachment":[{"href":"https:\/\/stoic-curie.212-227-153-4.plesk.page\/hr\/wp-json\/wp\/v2\/media?parent=741560"}],"wp:term":[{"taxonomy":"product_brand","embeddable":true,"href":"https:\/\/stoic-curie.212-227-153-4.plesk.page\/hr\/wp-json\/wp\/v2\/product_brand?post=741560"},{"taxonomy":"product_cat","embeddable":true,"href":"https:\/\/stoic-curie.212-227-153-4.plesk.page\/hr\/wp-json\/wp\/v2\/product_cat?post=741560"},{"taxonomy":"product_tag","embeddable":true,"href":"https:\/\/stoic-curie.212-227-153-4.plesk.page\/hr\/wp-json\/wp\/v2\/product_tag?post=741560"}],"curies":[{"name":"wp","href":"https:\/\/api.w.org\/{rel}","templated":true}]}}