{"id":741567,"date":"2025-03-03T18:14:37","date_gmt":"2025-03-03T17:14:37","guid":{"rendered":"https:\/\/stoic-curie.212-227-153-4.plesk.page\/producto\/top-drag-plutajuce-sidro-135-x-140cm\/"},"modified":"2026-02-25T00:00:54","modified_gmt":"2026-02-25T00:00:54","slug":"top-drag-plutajuce-sidro-135-x-140cm","status":"publish","type":"product","link":"https:\/\/stoic-curie.212-227-153-4.plesk.page\/hr\/product\/top-drag-plutajuce-sidro-135-x-140cm\/","title":{"rendered":"Top drag plutaju\u0107e sidro 135 x 140cm"},"content":{"rendered":"<p>Top drag plutaju\u0107e sidro 135 x 140cm &#8211; <\/p>\n<p>PVC premazan Rip-Stop Nylon H.Duty plovak sidro. Najlonske trake i oja\u010danja. Djeluje na principu padobrana koji koristi trenje vode i stabilizira \u010damac, dr\u017ei pramac u vjetar i sprje\u010dava odvo\u017eenje. Preporu\u010dena u\u017ee trebala bi biti najmanje tri puta du\u017ea od \u010damca.<\/p>\n","protected":false},"excerpt":{"rendered":"<p>Top drag plutaju\u0107e sidro 135 x 140cm &#8211; PVC premazan Rip-Stop Nylon H.Duty plovak sidro. Najlonske trake i oja\u010danja. Djeluje<\/p>\n","protected":false},"featured_media":5941953,"comment_status":"open","ping_status":"closed","template":"","meta":[],"product_brand":[3516],"product_cat":[1869],"product_tag":[],"class_list":{"0":"post-741567","1":"product","2":"type-product","3":"status-publish","4":"has-post-thumbnail","6":"product_brand-veleria-san-giorgio-hr","7":"product_cat-plutajuca-sidra","9":"first","10":"instock","11":"shipping-taxable","12":"purchasable","13":"product-type-simple"},"_links":{"self":[{"href":"https:\/\/stoic-curie.212-227-153-4.plesk.page\/hr\/wp-json\/wp\/v2\/product\/741567","targetHints":{"allow":["GET"]}}],"collection":[{"href":"https:\/\/stoic-curie.212-227-153-4.plesk.page\/hr\/wp-json\/wp\/v2\/product"}],"about":[{"href":"https:\/\/stoic-curie.212-227-153-4.plesk.page\/hr\/wp-json\/wp\/v2\/types\/product"}],"replies":[{"embeddable":true,"href":"https:\/\/stoic-curie.212-227-153-4.plesk.page\/hr\/wp-json\/wp\/v2\/comments?post=741567"}],"version-history":[{"count":0,"href":"https:\/\/stoic-curie.212-227-153-4.plesk.page\/hr\/wp-json\/wp\/v2\/product\/741567\/revisions"}],"wp:featuredmedia":[{"embeddable":true,"href":"https:\/\/stoic-curie.212-227-153-4.plesk.page\/hr\/wp-json\/wp\/v2\/media\/5941953"}],"wp:attachment":[{"href":"https:\/\/stoic-curie.212-227-153-4.plesk.page\/hr\/wp-json\/wp\/v2\/media?parent=741567"}],"wp:term":[{"taxonomy":"product_brand","embeddable":true,"href":"https:\/\/stoic-curie.212-227-153-4.plesk.page\/hr\/wp-json\/wp\/v2\/product_brand?post=741567"},{"taxonomy":"product_cat","embeddable":true,"href":"https:\/\/stoic-curie.212-227-153-4.plesk.page\/hr\/wp-json\/wp\/v2\/product_cat?post=741567"},{"taxonomy":"product_tag","embeddable":true,"href":"https:\/\/stoic-curie.212-227-153-4.plesk.page\/hr\/wp-json\/wp\/v2\/product_tag?post=741567"}],"curies":[{"name":"wp","href":"https:\/\/api.w.org\/{rel}","templated":true}]}}