{"id":741568,"date":"2025-03-03T18:14:37","date_gmt":"2025-03-03T17:14:37","guid":{"rendered":"https:\/\/stoic-curie.212-227-153-4.plesk.page\/producto\/sanisplit-nk-sustav-sive-vode-24v\/"},"modified":"2026-02-25T00:00:54","modified_gmt":"2026-02-25T00:00:54","slug":"sanisplit-nk-sustav-sive-vode-24v","status":"publish","type":"product","link":"https:\/\/stoic-curie.212-227-153-4.plesk.page\/hr\/product\/sanisplit-nk-sustav-sive-vode-24v\/","title":{"rendered":"Tecma Sanisplit NK 24v"},"content":{"rendered":"<p>Tecma Sanisplit NK 24v &#8211; <\/p>\n<p style=\"color: rgb(34, 34, 34); font-family: Arial, Helvetica, sans-serif; font-size: small;\">Sanisplit NK 24V (Nauti\u010dki model) je automatska pumpa za sivu vodu posebno dizajnirana za u\u010dinkovito prebacivanje teku\u0107ina. Idealna je za premje\u0161tanje vode s bidea do spremnika za sakupljanje, bez obzira na nagib. Ova pumpa tako\u0111er je pogodna za prebacivanje vode iz tu\u0161eva i lavaboa. Sanisplit NK 24V opremljen je tihom, ali sna\u017enom pumpom koja radi s automatskim prekida\u010dem pritiska. Aktivira se \u010dim detektira prisutnost vode zahvaljuju\u0107i ovom mehanizmu.\n<\/p>\n<p style=\"color: rgb(34, 34, 34); font-family: Arial, Helvetica, sans-serif; font-size: small;\">Ova u\u010dinkovita i tiha jedinica u\u010dinkovito premje\u0161ta sivu vodu iz bidea, tu\u0161eva i umivaonika. Ima jedan smjerni ventil i prekida\u010d pritiska koji se aktivira kada voda te\u010de u jedinicu. Minimalna visinska razlika od odvoda iznosi 200 mm.\n<\/p>\n<p style=\"color: rgb(34, 34, 34); font-family: Arial, Helvetica, sans-serif; font-size: small;\">Sanisplit NK lako se mo\u017ee rastaviti na dva dijela pomo\u0107u prakti\u010dne bo\u010dne \u0161pijune, \u0161to \u010dini odr\u017eavanje brzim i jednostavnim. Prvi dio, poznat kao hidrauli\u010dki dio, sadr\u017ei sve komponente povezane s vodovodnim sustavom, dok drugi dio sadr\u017ei mehani\u010dke dijelove, uklju\u010duju\u0107i motor.\n<\/p>\n<p style=\"color: rgb(34, 34, 34); font-family: Arial, Helvetica, sans-serif; font-size: small;\">Uklju\u010deni su i ventil protiv povratnog protoka kako bi se sprije\u010dilo povratno strujanje teku\u0107ina.\n<\/p>\n<p style=\"color: rgb(34, 34, 34); font-family: Arial, Helvetica, sans-serif; font-size: small;\">Klju\u010dne zna\u010dajke uklju\u010duju:\n<\/p>\n<ul style=\"color: rgb(34, 34, 34); font-family: Arial, Helvetica, sans-serif; font-size: small;\">\n<li>Patentirani Split sustav<\/li>\n<li>Sna\u017ena i u\u010dinkovita pumpa za maceraciju<\/li>\n<li>Izuzetno tiha radna funkcija<\/li>\n<li>Tih rad pumpe i gumeni spremnik za smanjenje buke<\/li>\n<li>Jednostavno odr\u017eavanje: Uklonjivi dio, koji uklju\u010duje pumpu i prekida\u010d pritiska, lako se mo\u017ee odvojiti od fiksnog dijela.<\/li>\n<\/ul>\n<p style=\"color: rgb(34, 34, 34); font-family: Arial, Helvetica, sans-serif; font-size: small;\">Upotreba: Dizajnirana za maksimalno tri korisnika (1 umivaonik, 1 bide i 1 tu\u0161) za odvojenu i povremenu upotrebu.\n<\/p>\n<p style=\"color: rgb(34, 34, 34); font-family: Arial, Helvetica, sans-serif; font-size: small;\">Dodatni podaci:\n<\/p>\n<ul style=\"color: rgb(34, 34, 34); font-family: Arial, Helvetica, sans-serif; font-size: small;\">\n<li>Te\u017eina: 10 kg<\/li>\n<li>Dimenzije: 50 \u00d7 42 \u00d7 25 cm<\/li>\n<\/ul>\n","protected":false},"excerpt":{"rendered":"<p>Tecma Sanisplit NK 24v &#8211; Sanisplit NK 24V (Nauti\u010dki model) je automatska pumpa za sivu vodu posebno dizajnirana za u\u010dinkovito<\/p>\n","protected":false},"featured_media":5941594,"comment_status":"open","ping_status":"closed","template":"","meta":[],"product_brand":[3471],"product_cat":[1656],"product_tag":[],"class_list":{"0":"post-741568","1":"product","2":"type-product","3":"status-publish","4":"has-post-thumbnail","6":"product_brand-tecma-hr","7":"product_cat-sustavi-sive-vode","9":"first","10":"instock","11":"shipping-taxable","12":"purchasable","13":"product-type-simple"},"_links":{"self":[{"href":"https:\/\/stoic-curie.212-227-153-4.plesk.page\/hr\/wp-json\/wp\/v2\/product\/741568","targetHints":{"allow":["GET"]}}],"collection":[{"href":"https:\/\/stoic-curie.212-227-153-4.plesk.page\/hr\/wp-json\/wp\/v2\/product"}],"about":[{"href":"https:\/\/stoic-curie.212-227-153-4.plesk.page\/hr\/wp-json\/wp\/v2\/types\/product"}],"replies":[{"embeddable":true,"href":"https:\/\/stoic-curie.212-227-153-4.plesk.page\/hr\/wp-json\/wp\/v2\/comments?post=741568"}],"version-history":[{"count":0,"href":"https:\/\/stoic-curie.212-227-153-4.plesk.page\/hr\/wp-json\/wp\/v2\/product\/741568\/revisions"}],"wp:featuredmedia":[{"embeddable":true,"href":"https:\/\/stoic-curie.212-227-153-4.plesk.page\/hr\/wp-json\/wp\/v2\/media\/5941594"}],"wp:attachment":[{"href":"https:\/\/stoic-curie.212-227-153-4.plesk.page\/hr\/wp-json\/wp\/v2\/media?parent=741568"}],"wp:term":[{"taxonomy":"product_brand","embeddable":true,"href":"https:\/\/stoic-curie.212-227-153-4.plesk.page\/hr\/wp-json\/wp\/v2\/product_brand?post=741568"},{"taxonomy":"product_cat","embeddable":true,"href":"https:\/\/stoic-curie.212-227-153-4.plesk.page\/hr\/wp-json\/wp\/v2\/product_cat?post=741568"},{"taxonomy":"product_tag","embeddable":true,"href":"https:\/\/stoic-curie.212-227-153-4.plesk.page\/hr\/wp-json\/wp\/v2\/product_tag?post=741568"}],"curies":[{"name":"wp","href":"https:\/\/api.w.org\/{rel}","templated":true}]}}