{"id":741569,"date":"2025-03-03T18:14:37","date_gmt":"2025-03-03T17:14:37","guid":{"rendered":"https:\/\/stoic-curie.212-227-153-4.plesk.page\/producto\/sanisplit-nk-sustav-sive-vode-230v\/"},"modified":"2026-02-25T00:00:54","modified_gmt":"2026-02-25T00:00:54","slug":"sanisplit-nk-sustav-sive-vode-230v","status":"publish","type":"product","link":"https:\/\/stoic-curie.212-227-153-4.plesk.page\/hr\/product\/sanisplit-nk-sustav-sive-vode-230v\/","title":{"rendered":"Tecma Sanisplit NK 230v"},"content":{"rendered":"<p>Tecma Sanisplit NK 230v &#8211; <\/p>\n<p style=\"color: rgb(34, 34, 34); font-family: Arial, Helvetica, sans-serif; font-size: small;\">Sanisplit NK 230V (NAUTICAL model) je automatska pumpa za sivi otpad, pa\u017eljivo dizajnirana za u\u010dinkovito prebacivanje teku\u0107ina s bideta u kolekcijsku kutiju, bez obzira na nagib. Ovaj model tako\u0111er mo\u017ee prenositi vodu iz tu\u0161eva i umivaonika. Opremljena je tihim, ali vrlo u\u010dinkovitom pumpom koja radi putem automatskog prekida\u010da pritiska, aktiviraju\u0107i proces pumpanja prilikom detekcije protoka vode.<\/p>\n<p style=\"color: rgb(34, 34, 34); font-family: Arial, Helvetica, sans-serif; font-size: small;\">Sanisplit NK je mo\u0107an i tih ure\u0111aj, sposoban za prijenos sive vode iz bideta, tu\u0161eva i umivaonika. Ima one-way ventil i prekida\u010d pritiska koji se brzo uklju\u010duje kada voda u\u0111e u ure\u0111aj. Minimalna visina od odvoda je 200 mm.<\/p>\n<p style=\"color: rgb(34, 34, 34); font-family: Arial, Helvetica, sans-serif; font-size: small;\">Za jednostavno odr\u017eavanje, Sanisplit NK mo\u017ee se lako odvojiti na dva dijela pomo\u0107u bo\u010dnog vijka. Prvi dio, poznat kao hidrauli\u010dki dio, obuhva\u0107a sve komponente povezane s vodovodnim sustavom, dok drugi dio sadr\u017ei isklju\u010divo mehani\u010dke komponente, odnosno motorni dio.<\/p>\n<p style=\"color: rgb(34, 34, 34); font-family: Arial, Helvetica, sans-serif; font-size: small;\">Kako bi se sprije\u010dio povratak teku\u0107ina, dizajn uklju\u010duje ventil protiv povratnog toka.<\/p>\n<p style=\"color: rgb(34, 34, 34); font-family: Arial, Helvetica, sans-serif; font-size: small;\">Ovaj model se mo\u017ee pohvaliti patentiranim Split sustavom, robusnom i u\u010dinkovitom pumpom za usitnjavanje, a djeluje s maksimalnom ti\u0161inom. Kombinacija tihih pumpi i gumenog rezervoara u\u010dinkovito smanjuje razinu buke.<\/p>\n<p style=\"color: rgb(34, 34, 34); font-family: Arial, Helvetica, sans-serif; font-size: small;\">Odr\u017eavanje je jednostavno; uklonjivi dio Sanisplita, koji sadr\u017ei pumpu i prekida\u010d pritiska, mo\u017ee se brzo odvojiti od fiksnog dijela.<\/p>\n<p style=\"color: rgb(34, 34, 34); font-family: Arial, Helvetica, sans-serif; font-size: small;\">Preporu\u010duje se kori\u0161tenje za najvi\u0161e tri korisnika (1 umivaonik + 1 bidet + 1 tu\u0161) za odvojenu i povremenu upotrebu.<\/p>\n<p style=\"color: rgb(34, 34, 34); font-family: Arial, Helvetica, sans-serif; font-size: small;\">Dodatne specifikacije uklju\u010duju te\u017einu od 10 kg i dimenzije 50 \u00d7 42 \u00d7 25 cm.<\/p>\n","protected":false},"excerpt":{"rendered":"<p>Tecma Sanisplit NK 230v &#8211; Sanisplit NK 230V (NAUTICAL model) je automatska pumpa za sivi otpad, pa\u017eljivo dizajnirana za u\u010dinkovito<\/p>\n","protected":false},"featured_media":5941594,"comment_status":"open","ping_status":"closed","template":"","meta":[],"product_brand":[3471],"product_cat":[1656],"product_tag":[],"class_list":{"0":"post-741569","1":"product","2":"type-product","3":"status-publish","4":"has-post-thumbnail","6":"product_brand-tecma-hr","7":"product_cat-sustavi-sive-vode","9":"first","10":"instock","11":"shipping-taxable","12":"purchasable","13":"product-type-simple"},"_links":{"self":[{"href":"https:\/\/stoic-curie.212-227-153-4.plesk.page\/hr\/wp-json\/wp\/v2\/product\/741569","targetHints":{"allow":["GET"]}}],"collection":[{"href":"https:\/\/stoic-curie.212-227-153-4.plesk.page\/hr\/wp-json\/wp\/v2\/product"}],"about":[{"href":"https:\/\/stoic-curie.212-227-153-4.plesk.page\/hr\/wp-json\/wp\/v2\/types\/product"}],"replies":[{"embeddable":true,"href":"https:\/\/stoic-curie.212-227-153-4.plesk.page\/hr\/wp-json\/wp\/v2\/comments?post=741569"}],"version-history":[{"count":0,"href":"https:\/\/stoic-curie.212-227-153-4.plesk.page\/hr\/wp-json\/wp\/v2\/product\/741569\/revisions"}],"wp:featuredmedia":[{"embeddable":true,"href":"https:\/\/stoic-curie.212-227-153-4.plesk.page\/hr\/wp-json\/wp\/v2\/media\/5941594"}],"wp:attachment":[{"href":"https:\/\/stoic-curie.212-227-153-4.plesk.page\/hr\/wp-json\/wp\/v2\/media?parent=741569"}],"wp:term":[{"taxonomy":"product_brand","embeddable":true,"href":"https:\/\/stoic-curie.212-227-153-4.plesk.page\/hr\/wp-json\/wp\/v2\/product_brand?post=741569"},{"taxonomy":"product_cat","embeddable":true,"href":"https:\/\/stoic-curie.212-227-153-4.plesk.page\/hr\/wp-json\/wp\/v2\/product_cat?post=741569"},{"taxonomy":"product_tag","embeddable":true,"href":"https:\/\/stoic-curie.212-227-153-4.plesk.page\/hr\/wp-json\/wp\/v2\/product_tag?post=741569"}],"curies":[{"name":"wp","href":"https:\/\/api.w.org\/{rel}","templated":true}]}}