{"id":741570,"date":"2025-03-03T18:14:37","date_gmt":"2025-03-03T17:14:37","guid":{"rendered":"https:\/\/stoic-curie.212-227-153-4.plesk.page\/producto\/led-navigacijsko-svjetlo-bijelo-12-24-v-360o-s-uvlacivim-jarbolom-h100-cm\/"},"modified":"2026-02-25T00:00:54","modified_gmt":"2026-02-25T00:00:54","slug":"led-navigacijsko-svjetlo-bijelo-12-24-v-360o-s-uvlacivim-jarbolom-h100-cm","status":"publish","type":"product","link":"https:\/\/stoic-curie.212-227-153-4.plesk.page\/hr\/product\/led-navigacijsko-svjetlo-bijelo-12-24-v-360o-s-uvlacivim-jarbolom-h100-cm\/","title":{"rendered":"LED navigacijsko svjetlo bijelo, 12-24 V 360\u00ba s uvlacivim jarbolom H100 cm"},"content":{"rendered":"<p>LED navigacijsko svjetlo bijelo, 12-24 V 360\u00ba s uvlacivim jarbolom H100 cm &#8211; <\/p>\n<p>Ugradni LED stupovi od nehr\u0111aju\u0107eg \u010delika.<br \/>R.I.Na. certifikat za \u010damce do 20 metara.<\/p>\n","protected":false},"excerpt":{"rendered":"<p>LED navigacijsko svjetlo bijelo, 12-24 V 360\u00ba s uvlacivim jarbolom H100 cm &#8211; Ugradni LED stupovi od nehr\u0111aju\u0107eg \u010delika.R.I.Na. certifikat<\/p>\n","protected":false},"featured_media":5937387,"comment_status":"open","ping_status":"closed","template":"","meta":[],"product_brand":[3491],"product_cat":[1736],"product_tag":[],"class_list":{"0":"post-741570","1":"product","2":"type-product","3":"status-publish","4":"has-post-thumbnail","6":"product_brand-trem-hr","7":"product_cat-led-navigacijska-svjetla","9":"first","10":"instock","11":"shipping-taxable","12":"purchasable","13":"product-type-simple"},"_links":{"self":[{"href":"https:\/\/stoic-curie.212-227-153-4.plesk.page\/hr\/wp-json\/wp\/v2\/product\/741570","targetHints":{"allow":["GET"]}}],"collection":[{"href":"https:\/\/stoic-curie.212-227-153-4.plesk.page\/hr\/wp-json\/wp\/v2\/product"}],"about":[{"href":"https:\/\/stoic-curie.212-227-153-4.plesk.page\/hr\/wp-json\/wp\/v2\/types\/product"}],"replies":[{"embeddable":true,"href":"https:\/\/stoic-curie.212-227-153-4.plesk.page\/hr\/wp-json\/wp\/v2\/comments?post=741570"}],"version-history":[{"count":0,"href":"https:\/\/stoic-curie.212-227-153-4.plesk.page\/hr\/wp-json\/wp\/v2\/product\/741570\/revisions"}],"wp:featuredmedia":[{"embeddable":true,"href":"https:\/\/stoic-curie.212-227-153-4.plesk.page\/hr\/wp-json\/wp\/v2\/media\/5937387"}],"wp:attachment":[{"href":"https:\/\/stoic-curie.212-227-153-4.plesk.page\/hr\/wp-json\/wp\/v2\/media?parent=741570"}],"wp:term":[{"taxonomy":"product_brand","embeddable":true,"href":"https:\/\/stoic-curie.212-227-153-4.plesk.page\/hr\/wp-json\/wp\/v2\/product_brand?post=741570"},{"taxonomy":"product_cat","embeddable":true,"href":"https:\/\/stoic-curie.212-227-153-4.plesk.page\/hr\/wp-json\/wp\/v2\/product_cat?post=741570"},{"taxonomy":"product_tag","embeddable":true,"href":"https:\/\/stoic-curie.212-227-153-4.plesk.page\/hr\/wp-json\/wp\/v2\/product_tag?post=741570"}],"curies":[{"name":"wp","href":"https:\/\/api.w.org\/{rel}","templated":true}]}}