{"id":741574,"date":"2025-03-03T18:14:38","date_gmt":"2025-03-03T17:14:38","guid":{"rendered":"https:\/\/stoic-curie.212-227-153-4.plesk.page\/producto\/pramcani-potisnik-quick-btq-185-85-s-dvostrukim-propelerom-12v\/"},"modified":"2026-02-25T00:00:54","modified_gmt":"2026-02-25T00:00:54","slug":"pramcani-potisnik-quick-btq-185-85-s-dvostrukim-propelerom-12v","status":"publish","type":"product","link":"https:\/\/stoic-curie.212-227-153-4.plesk.page\/hr\/product\/pramcani-potisnik-quick-btq-185-85-s-dvostrukim-propelerom-12v\/","title":{"rendered":"Pramcani potisnik Quick BTQ 185-85 s dvostrukim propelerom, 12v"},"content":{"rendered":"<p>Pramcani potisnik Quick BTQ 185-85 s dvostrukim propelerom, 12v &#8211; <\/p>\n<p>Predstavljamo Quick BTQ185 Bow Thruster, dizajniran s dva kontra-rotiraju\u0107a propelera za optimalnu izvedbu. Ovaj model ima robusnu konstrukciju od kompozitnog materijala koja osigurava trajnost i pouzdanost. Uklju\u010duje bron\u010danu mjenja\u010d i za\u0161titnu pokriva\u010d solenoida, tako\u0111er izra\u0111enu od \u010dvrstog kompozitnog materijala. Cinkova anoda je neovisna o mjenja\u010du, \u0161to omogu\u0107uje jednostavnu zamjenu kada je to potrebno. Osim toga, potisnik je opremljen elasti\u010dnom spojkom za pobolj\u0161anu funkcionalnost.<\/p>\n<p>Quick BTQ185-85 je 12V DC potisnik preporu\u010den za \u010damce duljine izme\u0111u 8 i 15 metara (26 do 49 stopa).<\/p>\n<p><strong>Tehni\u010dke specifikacije:<\/strong><\/p>\n<ul>\n<li><strong>Model:<\/strong> BTQ 185-85 (12V)<\/li>\n<li><strong>Vrsta propellera:<\/strong> Dva kontra-rotiraju\u0107a<\/li>\n<li><strong>Promjer tunela:<\/strong> 185 mm (7&#8243; 18\/64)<\/li>\n<li><strong>Snaga motora:<\/strong> 4,3 kW<\/li>\n<li><strong>Napon:<\/strong> 12V<\/li>\n<li><strong>Osigura\u010d:<\/strong> 400A CNL DIN<\/li>\n<li><strong>Potez:<\/strong> 85 kgf (187,4 lb)<\/li>\n<li><strong>Te\u017eina:<\/strong> 17,9 kg (39,4 lb)<\/li>\n<\/ul>\n<p><strong>Sadr\u017eaj proizvoda:<\/strong><\/p>\n<ul>\n<li>Potisnik<\/li>\n<li>Predlo\u017eak za bu\u0161enje<\/li>\n<li>Brtva<\/li>\n<li>O-prsten (za monta\u017eu)<\/li>\n<li>Upute za instalaciju i kori\u0161tenje<\/li>\n<li>Uvjeti jamstva<\/li>\n<\/ul>\n<p>Ovaj sveobuhvatan paket osigurava da imate sve potrebno za instalaciju i rad, \u010dine\u0107i Quick BTQ185 Bow Thruster odli\u010dnim izborom za pobolj\u0161anje va\u0161eg iskustva na brodu.<\/p>\n","protected":false},"excerpt":{"rendered":"<p>Pramcani potisnik Quick BTQ 185-85 s dvostrukim propelerom, 12v &#8211; Predstavljamo Quick BTQ185 Bow Thruster, dizajniran s dva kontra-rotiraju\u0107a propelera<\/p>\n","protected":false},"featured_media":5941968,"comment_status":"open","ping_status":"closed","template":"","meta":[],"product_brand":[3281],"product_cat":[1610],"product_tag":[],"class_list":{"0":"post-741574","1":"product","2":"type-product","3":"status-publish","4":"has-post-thumbnail","6":"product_brand-quick-hr","7":"product_cat-pramcani-potisnici-quick","9":"first","10":"instock","11":"shipping-taxable","12":"purchasable","13":"product-type-simple"},"_links":{"self":[{"href":"https:\/\/stoic-curie.212-227-153-4.plesk.page\/hr\/wp-json\/wp\/v2\/product\/741574","targetHints":{"allow":["GET"]}}],"collection":[{"href":"https:\/\/stoic-curie.212-227-153-4.plesk.page\/hr\/wp-json\/wp\/v2\/product"}],"about":[{"href":"https:\/\/stoic-curie.212-227-153-4.plesk.page\/hr\/wp-json\/wp\/v2\/types\/product"}],"replies":[{"embeddable":true,"href":"https:\/\/stoic-curie.212-227-153-4.plesk.page\/hr\/wp-json\/wp\/v2\/comments?post=741574"}],"version-history":[{"count":0,"href":"https:\/\/stoic-curie.212-227-153-4.plesk.page\/hr\/wp-json\/wp\/v2\/product\/741574\/revisions"}],"wp:featuredmedia":[{"embeddable":true,"href":"https:\/\/stoic-curie.212-227-153-4.plesk.page\/hr\/wp-json\/wp\/v2\/media\/5941968"}],"wp:attachment":[{"href":"https:\/\/stoic-curie.212-227-153-4.plesk.page\/hr\/wp-json\/wp\/v2\/media?parent=741574"}],"wp:term":[{"taxonomy":"product_brand","embeddable":true,"href":"https:\/\/stoic-curie.212-227-153-4.plesk.page\/hr\/wp-json\/wp\/v2\/product_brand?post=741574"},{"taxonomy":"product_cat","embeddable":true,"href":"https:\/\/stoic-curie.212-227-153-4.plesk.page\/hr\/wp-json\/wp\/v2\/product_cat?post=741574"},{"taxonomy":"product_tag","embeddable":true,"href":"https:\/\/stoic-curie.212-227-153-4.plesk.page\/hr\/wp-json\/wp\/v2\/product_tag?post=741574"}],"curies":[{"name":"wp","href":"https:\/\/api.w.org\/{rel}","templated":true}]}}