{"id":741575,"date":"2025-03-03T18:14:38","date_gmt":"2025-03-03T17:14:38","guid":{"rendered":"https:\/\/stoic-curie.212-227-153-4.plesk.page\/producto\/kit-quick-btq-125-30-12v-30kgf\/"},"modified":"2026-02-25T00:00:54","modified_gmt":"2026-02-25T00:00:54","slug":"kit-quick-btq-125-30-12v-30kgf","status":"publish","type":"product","link":"https:\/\/stoic-curie.212-227-153-4.plesk.page\/hr\/product\/kit-quick-btq-125-30-12v-30kgf\/","title":{"rendered":"Kit Quick BTQ 125-30 12V 30kgf"},"content":{"rendered":"<p>Kit Quick BTQ 125-30 12V 30kgf &#8211; <\/p>\n<p style=\"color: rgb(34, 34, 34); font-family: Arial, Helvetica, sans-serif; font-size: small;\">Drago nam je predstaviti Potpuni komplet za brzo instaliranje brodskog potisnika, pa\u017eljivo osmi\u0161ljen za jednostavnu instalaciju i superiorne performanse. Ovaj komplet izgra\u0111en je od robusnog ku\u0107i\u0161ta od kompozitnog materijala, izdr\u017eljive bron\u010dane mjenja\u010dnice i elasti\u010dne spojnice koja pobolj\u0161ava dugovje\u010dnost.<\/p>\n<p style=\"color: rgb(34, 34, 34); font-family: Arial, Helvetica, sans-serif; font-size: small;\">Komplet obuhva\u0107a sljede\u0107e komponente:<\/p>\n<ul style=\"color: rgb(34, 34, 34); font-family: Arial, Helvetica, sans-serif; font-size: small;\">\n<li>Du\u017eine tunela: 75 cm (pogodno za BTQ 125\/140) i 100 cm (prikladno za BTQ 185)<\/li>\n<li>Kontrolne plo\u010de: dodirna plo\u010da TCD1022 (za BTQ 125\/140) i joystick plo\u010da TCD1042 (za BTQ 185)<\/li>\n<li>Elektri\u010dni kabeli: 6 m (za BTQ 125\/140) i 12 m (za BTQ 185)<\/li>\n<li>Osigura\u010d i dr\u017ea\u010d osigura\u010da<\/li>\n<\/ul>\n<p style=\"color: rgb(34, 34, 34); font-family: Arial, Helvetica, sans-serif; font-size: small;\">U kompletu za potisnik uklju\u010deni su sam potisnik, tunel, daljinski upravlja\u010d, produ\u017eetak, osigura\u010d i dr\u017ea\u010d osigura\u010da. Dizajn koristi napredne materijale, osiguravaju\u0107i da nijedna elektroni\u010dka komponenta nije smje\u0161tena na motoru. Sve za\u0161titne funkcije nadgleda mikroprocesor ugra\u0111en u kontrolne plo\u010de.<\/p>\n<p style=\"color: rgb(34, 34, 34); font-family: Arial, Helvetica, sans-serif; font-size: small;\">Zna\u010dajne karakteristike uklju\u010duju:<\/p>\n<ul style=\"color: rgb(34, 34, 34); font-family: Arial, Helvetica, sans-serif; font-size: small;\">\n<li>Obrnuta potisna sposobnost s programiranjem ka\u0161njenja<\/li>\n<li>Automatski timer za isklju\u010divanje<\/li>\n<li>Za\u0161tita od pregrijavanja motora<\/li>\n<li>\u010cvrsto ku\u0107i\u0161te od kompozitnog materijala za propeler i releje, dopunjeno bron\u010danim zup\u010danikom i neovisnim, lako zamjenjivim cinkovim anodama<\/li>\n<\/ul>\n<p style=\"color: rgb(34, 34, 34); font-family: Arial, Helvetica, sans-serif; font-size: small;\">Komplet uklju\u010duje:<\/p>\n<ul style=\"color: rgb(34, 34, 34); font-family: Arial, Helvetica, sans-serif; font-size: small;\">\n<li>Potisnik<\/li>\n<li>Tunel (duljina: 0,75 m)<\/li>\n<li>Daljinski upravlja\u010d<\/li>\n<li>Produ\u017eetak (duljina: 6 m)<\/li>\n<li>Dr\u017ea\u010d osigura\u010da<\/li>\n<li>Osigura\u010d od 225 A<\/li>\n<\/ul>\n<p style=\"color: rgb(34, 34, 34); font-family: Arial, Helvetica, sans-serif; font-size: small;\">Brzi potisnik radi na 12V, pru\u017eaju\u0107i 30 kgf potisne sile, s dijametrom tunela od 125 mm. Opremljen je \u010detverokrakim propelerima koji optimiziraju u\u010dinkovitost potiska smanjuju\u0107i potro\u0161nju struje. Izra\u0111en od izdr\u017eljivih kompozitnih materijala, dizajniran je za izdr\u017eavanje raznih mornarskih uvjeta. Sustav protuokretanja pobolj\u0161ava potisak, a propelere su dizajnirani za lijevu i desnu orijentaciju, osiguravaju\u0107i pouzdane performanse u oba smjera.<\/p>\n<p style=\"color: rgb(34, 34, 34); font-family: Arial, Helvetica, sans-serif; font-size: small;\">Specifikacije uklju\u010duju:<\/p>\n<ul style=\"color: rgb(34, 34, 34); font-family: Arial, Helvetica, sans-serif; font-size: small;\">\n<li>Napon: 12V<\/li>\n<li>Potisak: 30 kgf<\/li>\n<li>Promjer tunela: 125 mm<\/li>\n<li>Jednoprofilni pogon<\/li>\n<li>Snaga: 1,3 kW<\/li>\n<li>Prikladno za plovila izme\u0111u 6 i 8,5 metara<\/li>\n<li>Osiguranje ocjena: 200A<\/li>\n<\/ul>\n<p style=\"color: rgb(34, 34, 34); font-family: Arial, Helvetica, sans-serif; font-size: small;\">Ovaj sveobuhvatan paket predstavlja izvrsnu opciju za vlasnike \u010damaca koji tra\u017ee pouzdano i u\u010dinkovito rje\u0161enje za potisnik.<\/p>\n","protected":false},"excerpt":{"rendered":"<p>Kit Quick BTQ 125-30 12V 30kgf &#8211; Drago nam je predstaviti Potpuni komplet za brzo instaliranje brodskog potisnika, pa\u017eljivo osmi\u0161ljen<\/p>\n","protected":false},"featured_media":5941977,"comment_status":"open","ping_status":"closed","template":"","meta":[],"product_brand":[3281],"product_cat":[1610],"product_tag":[],"class_list":{"0":"post-741575","1":"product","2":"type-product","3":"status-publish","4":"has-post-thumbnail","6":"product_brand-quick-hr","7":"product_cat-pramcani-potisnici-quick","9":"first","10":"instock","11":"shipping-taxable","12":"purchasable","13":"product-type-simple"},"_links":{"self":[{"href":"https:\/\/stoic-curie.212-227-153-4.plesk.page\/hr\/wp-json\/wp\/v2\/product\/741575","targetHints":{"allow":["GET"]}}],"collection":[{"href":"https:\/\/stoic-curie.212-227-153-4.plesk.page\/hr\/wp-json\/wp\/v2\/product"}],"about":[{"href":"https:\/\/stoic-curie.212-227-153-4.plesk.page\/hr\/wp-json\/wp\/v2\/types\/product"}],"replies":[{"embeddable":true,"href":"https:\/\/stoic-curie.212-227-153-4.plesk.page\/hr\/wp-json\/wp\/v2\/comments?post=741575"}],"version-history":[{"count":0,"href":"https:\/\/stoic-curie.212-227-153-4.plesk.page\/hr\/wp-json\/wp\/v2\/product\/741575\/revisions"}],"wp:featuredmedia":[{"embeddable":true,"href":"https:\/\/stoic-curie.212-227-153-4.plesk.page\/hr\/wp-json\/wp\/v2\/media\/5941977"}],"wp:attachment":[{"href":"https:\/\/stoic-curie.212-227-153-4.plesk.page\/hr\/wp-json\/wp\/v2\/media?parent=741575"}],"wp:term":[{"taxonomy":"product_brand","embeddable":true,"href":"https:\/\/stoic-curie.212-227-153-4.plesk.page\/hr\/wp-json\/wp\/v2\/product_brand?post=741575"},{"taxonomy":"product_cat","embeddable":true,"href":"https:\/\/stoic-curie.212-227-153-4.plesk.page\/hr\/wp-json\/wp\/v2\/product_cat?post=741575"},{"taxonomy":"product_tag","embeddable":true,"href":"https:\/\/stoic-curie.212-227-153-4.plesk.page\/hr\/wp-json\/wp\/v2\/product_tag?post=741575"}],"curies":[{"name":"wp","href":"https:\/\/api.w.org\/{rel}","templated":true}]}}