{"id":741576,"date":"2025-03-03T18:14:39","date_gmt":"2025-03-03T17:14:39","guid":{"rendered":"https:\/\/stoic-curie.212-227-153-4.plesk.page\/producto\/kit-quick-btq-140-40-12v\/"},"modified":"2026-02-25T00:00:54","modified_gmt":"2026-02-25T00:00:54","slug":"kit-quick-btq-140-40-12v","status":"publish","type":"product","link":"https:\/\/stoic-curie.212-227-153-4.plesk.page\/hr\/product\/kit-quick-btq-140-40-12v\/","title":{"rendered":"Kit Quick BTQ 140-40 12V"},"content":{"rendered":"<p>Kit Quick BTQ 140-40 12V &#8211; <\/p>\n<p style=\"color: rgb(34, 34, 34); font-family: Arial, Helvetica, sans-serif; font-size: small;\"><strong>Kit brzog propulzora Quick BTQ 140 40Kgf<\/strong><\/p>\n<p style=\"color: rgb(34, 34, 34); font-family: Arial, Helvetica, sans-serif; font-size: small;\">Predstavljamo Quick BTQ 140 Kit propulzora za pram\u010danu, sveobuhvatno rje\u0161enje dizajnirano za jednostavnu instalaciju. Ovaj kit sadr\u017ei robustnu za\u0161titu kartera izra\u0111enu od izdr\u017eljivog kompozitnog materijala, bron\u010danu zup\u010dastu kutiju i elasti\u010dnu spojku. Komponente uklju\u010dene u kit su sljede\u0107e:<\/p>\n<ul style=\"color: rgb(34, 34, 34); font-family: Arial, Helvetica, sans-serif; font-size: small;\">\n<li><strong>Duljine tunela<\/strong>: 75 cm (za BTQ 125\/140) i 100 cm (za BTQ 185)<\/li>\n<li><strong>Kontrolni paneli<\/strong>: Dodirni panel TCD1022 (za BTQ 125\/140)<\/li>\n<li><strong>Elektri\u010dni kablovi<\/strong>: 6 m (za BTQ 125\/140)<\/li>\n<li><strong>Osigura\u010d i dr\u017ea\u010d osigura\u010da<\/strong><\/li>\n<\/ul>\n<p style=\"color: rgb(34, 34, 34); font-family: Arial, Helvetica, sans-serif; font-size: small;\">Quick BTQ 140-40 12V DC kit za pram\u010dani propulzor je idealan za plovila duljine izme\u0111u 7 do 9 metara (23 do 29 stopa). Ovaj model ima jedan propeler izra\u0111en od \u010dvrstog kompozitnog materijala, dopunjen bron\u010danom zup\u010dastom kutijom i solenoidima za\u0161ti\u0107enim robusnim kompozitnim karterom. Uklju\u010duje elasti\u010dnu spojku i cinkovu anodu koja je neovisna od zup\u010daste kutije, \u0161to omogu\u0107ava jednostavnu zamjenu.<\/p>\n<p style=\"color: rgb(34, 34, 34); font-family: Arial, Helvetica, sans-serif; font-size: small;\"><strong>Sadr\u017eaj kompleta:<\/strong><\/p>\n<ul style=\"color: rgb(34, 34, 34); font-family: Arial, Helvetica, sans-serif; font-size: small;\">\n<li>Quick BTQ 140-40 12V DC propulzor<\/li>\n<li>Dodirni panel<\/li>\n<li>6-metarski kabel<\/li>\n<li>750 mm GRP tunel<\/li>\n<\/ul>\n<p style=\"color: rgb(34, 34, 34); font-family: Arial, Helvetica, sans-serif; font-size: small;\">Osim toga, kit uklju\u010duje \u0161ablonu za bu\u0161enje, brtvu, O-prsten (za monta\u017eu), priru\u010dnik za instalaciju i upotrebu, te uvjete jamstva.<\/p>\n<p style=\"color: rgb(34, 34, 34); font-family: Arial, Helvetica, sans-serif; font-size: small;\"><strong>Tehni\u010dke specifikacije:<\/strong><\/p>\n<ul style=\"color: rgb(34, 34, 34); font-family: Arial, Helvetica, sans-serif; font-size: small;\">\n<li><strong>Model<\/strong>: BTQ 140-40 (12V)<\/li>\n<li><strong>Vrsta propeler<\/strong>: Jedan<\/li>\n<li><strong>Promjer tunela<\/strong>: 140 mm (5&#8243; 33\/64)<\/li>\n<li><strong>Snaga motora<\/strong>: 2,2 kW<\/li>\n<li><strong>Napon<\/strong>: 12V<\/li>\n<li><strong>Ocjena osigura\u010da<\/strong>: 225A CNL DIN<\/li>\n<li><strong>Potisak<\/strong>: 40 kgf (88.2 lb)<\/li>\n<li><strong>Te\u017eina<\/strong>: 12,2 kg (26,8 lb)<\/li>\n<\/ul>\n<p style=\"color: rgb(34, 34, 34); font-family: Arial, Helvetica, sans-serif; font-size: small;\"><strong>U kutiji:<\/strong><\/p>\n<ul style=\"color: rgb(34, 34, 34); font-family: Arial, Helvetica, sans-serif; font-size: small;\">\n<li>Propulzor<\/li>\n<li>Tunel<\/li>\n<li>Dodirni panel<\/li>\n<li>6 m kabel<\/li>\n<li>\u0160ablona za bu\u0161enje<\/li>\n<li>Brtva &#038; O-prsten<\/li>\n<li>Dokumentacija<\/li>\n<\/ul>\n<p style=\"color: rgb(34, 34, 34); font-family: Arial, Helvetica, sans-serif; font-size: small;\">Ovaj kit pru\u017ea sve \u0161to vam je potrebno za pouzdanu i u\u010dinkovitu instalaciju pram\u010danog propulzora, osiguravaju\u0107i pobolj\u0161anu upravljivost va\u0161eg plovila.<\/p>\n","protected":false},"excerpt":{"rendered":"<p>Kit Quick BTQ 140-40 12V &#8211; Kit brzog propulzora Quick BTQ 140 40Kgf Predstavljamo Quick BTQ 140 Kit propulzora za<\/p>\n","protected":false},"featured_media":5941982,"comment_status":"open","ping_status":"closed","template":"","meta":[],"product_brand":[3281],"product_cat":[1610],"product_tag":[],"class_list":{"0":"post-741576","1":"product","2":"type-product","3":"status-publish","4":"has-post-thumbnail","6":"product_brand-quick-hr","7":"product_cat-pramcani-potisnici-quick","9":"first","10":"instock","11":"shipping-taxable","12":"purchasable","13":"product-type-simple"},"_links":{"self":[{"href":"https:\/\/stoic-curie.212-227-153-4.plesk.page\/hr\/wp-json\/wp\/v2\/product\/741576","targetHints":{"allow":["GET"]}}],"collection":[{"href":"https:\/\/stoic-curie.212-227-153-4.plesk.page\/hr\/wp-json\/wp\/v2\/product"}],"about":[{"href":"https:\/\/stoic-curie.212-227-153-4.plesk.page\/hr\/wp-json\/wp\/v2\/types\/product"}],"replies":[{"embeddable":true,"href":"https:\/\/stoic-curie.212-227-153-4.plesk.page\/hr\/wp-json\/wp\/v2\/comments?post=741576"}],"version-history":[{"count":0,"href":"https:\/\/stoic-curie.212-227-153-4.plesk.page\/hr\/wp-json\/wp\/v2\/product\/741576\/revisions"}],"wp:featuredmedia":[{"embeddable":true,"href":"https:\/\/stoic-curie.212-227-153-4.plesk.page\/hr\/wp-json\/wp\/v2\/media\/5941982"}],"wp:attachment":[{"href":"https:\/\/stoic-curie.212-227-153-4.plesk.page\/hr\/wp-json\/wp\/v2\/media?parent=741576"}],"wp:term":[{"taxonomy":"product_brand","embeddable":true,"href":"https:\/\/stoic-curie.212-227-153-4.plesk.page\/hr\/wp-json\/wp\/v2\/product_brand?post=741576"},{"taxonomy":"product_cat","embeddable":true,"href":"https:\/\/stoic-curie.212-227-153-4.plesk.page\/hr\/wp-json\/wp\/v2\/product_cat?post=741576"},{"taxonomy":"product_tag","embeddable":true,"href":"https:\/\/stoic-curie.212-227-153-4.plesk.page\/hr\/wp-json\/wp\/v2\/product_tag?post=741576"}],"curies":[{"name":"wp","href":"https:\/\/api.w.org\/{rel}","templated":true}]}}