{"id":741578,"date":"2025-03-03T18:14:39","date_gmt":"2025-03-03T17:14:39","guid":{"rendered":"https:\/\/stoic-curie.212-227-153-4.plesk.page\/producto\/duboko-melaminsko-posude-225-cm-mb-northwind-6pz\/"},"modified":"2026-02-25T00:00:54","modified_gmt":"2026-02-25T00:00:54","slug":"duboko-melaminsko-posude-225-cm-mb-northwind-6pz","status":"publish","type":"product","link":"https:\/\/stoic-curie.212-227-153-4.plesk.page\/hr\/product\/duboko-melaminsko-posude-225-cm-mb-northwind-6pz\/","title":{"rendered":"Duboko melaminsko posude 22,5 cm mb Northwind 6pz"},"content":{"rendered":"<p>Duboko melaminsko posude 22,5 cm mb Northwind 6pz &#8211; <\/p>\n<p>Northwind ukra\u0161ena duboka tanjura. Izra\u0111ena od 100% certificiranog melamina sigurnog za hranu. Periva u perilici posu\u0111a, neuni\u0161tiva i otporna na mrlje. 6 kom\/paket.<\/p>\n","protected":false},"excerpt":{"rendered":"<p>Duboko melaminsko posude 22,5 cm mb Northwind 6pz &#8211; Northwind ukra\u0161ena duboka tanjura. Izra\u0111ena od 100% certificiranog melamina sigurnog za<\/p>\n","protected":false},"featured_media":5941991,"comment_status":"open","ping_status":"closed","template":"","meta":[],"product_brand":[2232,3111],"product_cat":[1645],"product_tag":[],"class_list":{"0":"post-741578","1":"product","2":"type-product","3":"status-publish","4":"has-post-thumbnail","6":"product_brand-marine-business-mb","7":"product_brand-marine-business-mb-hr","8":"product_cat-brodsko-posude","10":"first","11":"instock","12":"shipping-taxable","13":"purchasable","14":"product-type-simple"},"_links":{"self":[{"href":"https:\/\/stoic-curie.212-227-153-4.plesk.page\/hr\/wp-json\/wp\/v2\/product\/741578","targetHints":{"allow":["GET"]}}],"collection":[{"href":"https:\/\/stoic-curie.212-227-153-4.plesk.page\/hr\/wp-json\/wp\/v2\/product"}],"about":[{"href":"https:\/\/stoic-curie.212-227-153-4.plesk.page\/hr\/wp-json\/wp\/v2\/types\/product"}],"replies":[{"embeddable":true,"href":"https:\/\/stoic-curie.212-227-153-4.plesk.page\/hr\/wp-json\/wp\/v2\/comments?post=741578"}],"version-history":[{"count":0,"href":"https:\/\/stoic-curie.212-227-153-4.plesk.page\/hr\/wp-json\/wp\/v2\/product\/741578\/revisions"}],"wp:featuredmedia":[{"embeddable":true,"href":"https:\/\/stoic-curie.212-227-153-4.plesk.page\/hr\/wp-json\/wp\/v2\/media\/5941991"}],"wp:attachment":[{"href":"https:\/\/stoic-curie.212-227-153-4.plesk.page\/hr\/wp-json\/wp\/v2\/media?parent=741578"}],"wp:term":[{"taxonomy":"product_brand","embeddable":true,"href":"https:\/\/stoic-curie.212-227-153-4.plesk.page\/hr\/wp-json\/wp\/v2\/product_brand?post=741578"},{"taxonomy":"product_cat","embeddable":true,"href":"https:\/\/stoic-curie.212-227-153-4.plesk.page\/hr\/wp-json\/wp\/v2\/product_cat?post=741578"},{"taxonomy":"product_tag","embeddable":true,"href":"https:\/\/stoic-curie.212-227-153-4.plesk.page\/hr\/wp-json\/wp\/v2\/product_tag?post=741578"}],"curies":[{"name":"wp","href":"https:\/\/api.w.org\/{rel}","templated":true}]}}