{"id":741579,"date":"2025-03-03T18:14:39","date_gmt":"2025-03-03T17:14:39","guid":{"rendered":"https:\/\/stoic-curie.212-227-153-4.plesk.page\/producto\/desertni-tanjur-mb-northwind-6-kom\/"},"modified":"2026-02-25T00:00:54","modified_gmt":"2026-02-25T00:00:54","slug":"desertni-tanjur-mb-northwind-6-kom","status":"publish","type":"product","link":"https:\/\/stoic-curie.212-227-153-4.plesk.page\/hr\/product\/desertni-tanjur-mb-northwind-6-kom\/","title":{"rendered":"Desertni tanjur MB Northwind 6 kom"},"content":{"rendered":"<p>Desertni tanjur MB Northwind 6 kom &#8211; <\/p>\n<p>Desertni tanjur ukra\u0161en Northwind. Izra\u0111en od 100% certificiranog melamina \u0431\u0435\u0437\u043e\u043f\u0430\u0441\u043d\u044b\u0445 za hranu. Mo\u017ee se prati u perilici posu\u0111a, ne mo\u017ee se slomiti i otporan na mrlje. 6 komada po pakiranju.<\/p>\n","protected":false},"excerpt":{"rendered":"<p>Desertni tanjur MB Northwind 6 kom &#8211; Desertni tanjur ukra\u0161en Northwind. Izra\u0111en od 100% certificiranog melamina \u0431\u0435\u0437\u043e\u043f\u0430\u0441\u043d\u044b\u0445 za hranu. Mo\u017ee<\/p>\n","protected":false},"featured_media":5941993,"comment_status":"open","ping_status":"closed","template":"","meta":[],"product_brand":[2232,3111],"product_cat":[1645],"product_tag":[],"class_list":{"0":"post-741579","1":"product","2":"type-product","3":"status-publish","4":"has-post-thumbnail","6":"product_brand-marine-business-mb","7":"product_brand-marine-business-mb-hr","8":"product_cat-brodsko-posude","10":"first","11":"instock","12":"shipping-taxable","13":"purchasable","14":"product-type-simple"},"_links":{"self":[{"href":"https:\/\/stoic-curie.212-227-153-4.plesk.page\/hr\/wp-json\/wp\/v2\/product\/741579","targetHints":{"allow":["GET"]}}],"collection":[{"href":"https:\/\/stoic-curie.212-227-153-4.plesk.page\/hr\/wp-json\/wp\/v2\/product"}],"about":[{"href":"https:\/\/stoic-curie.212-227-153-4.plesk.page\/hr\/wp-json\/wp\/v2\/types\/product"}],"replies":[{"embeddable":true,"href":"https:\/\/stoic-curie.212-227-153-4.plesk.page\/hr\/wp-json\/wp\/v2\/comments?post=741579"}],"version-history":[{"count":0,"href":"https:\/\/stoic-curie.212-227-153-4.plesk.page\/hr\/wp-json\/wp\/v2\/product\/741579\/revisions"}],"wp:featuredmedia":[{"embeddable":true,"href":"https:\/\/stoic-curie.212-227-153-4.plesk.page\/hr\/wp-json\/wp\/v2\/media\/5941993"}],"wp:attachment":[{"href":"https:\/\/stoic-curie.212-227-153-4.plesk.page\/hr\/wp-json\/wp\/v2\/media?parent=741579"}],"wp:term":[{"taxonomy":"product_brand","embeddable":true,"href":"https:\/\/stoic-curie.212-227-153-4.plesk.page\/hr\/wp-json\/wp\/v2\/product_brand?post=741579"},{"taxonomy":"product_cat","embeddable":true,"href":"https:\/\/stoic-curie.212-227-153-4.plesk.page\/hr\/wp-json\/wp\/v2\/product_cat?post=741579"},{"taxonomy":"product_tag","embeddable":true,"href":"https:\/\/stoic-curie.212-227-153-4.plesk.page\/hr\/wp-json\/wp\/v2\/product_tag?post=741579"}],"curies":[{"name":"wp","href":"https:\/\/api.w.org\/{rel}","templated":true}]}}