{"id":741583,"date":"2025-03-03T18:14:40","date_gmt":"2025-03-03T17:14:40","guid":{"rendered":"https:\/\/stoic-curie.212-227-153-4.plesk.page\/producto\/melaminske-salice-mb-northwind-6kom\/"},"modified":"2026-02-25T00:00:54","modified_gmt":"2026-02-25T00:00:54","slug":"melaminske-salice-mb-northwind-6kom","status":"publish","type":"product","link":"https:\/\/stoic-curie.212-227-153-4.plesk.page\/hr\/product\/melaminske-salice-mb-northwind-6kom\/","title":{"rendered":"Melaminske \u0161alice MB Northwind 6kom"},"content":{"rendered":"<p>Melaminske \u0161alice MB Northwind 6kom &#8211; <\/p>\n<p>\u0160alica ukra\u0161ena sjevernim vjetrom. Izra\u0111ena od 100% certificiranog melamina sigurnog za hranu. Periva u perilici posu\u0111a, neprobojna i otporna na mrlje. 6 komada po pakiranju.<\/p>\n","protected":false},"excerpt":{"rendered":"<p>Melaminske \u0161alice MB Northwind 6kom &#8211; \u0160alica ukra\u0161ena sjevernim vjetrom. Izra\u0111ena od 100% certificiranog melamina sigurnog za hranu. Periva u<\/p>\n","protected":false},"featured_media":5942000,"comment_status":"open","ping_status":"closed","template":"","meta":[],"product_brand":[2232,3111],"product_cat":[1645],"product_tag":[],"class_list":{"0":"post-741583","1":"product","2":"type-product","3":"status-publish","4":"has-post-thumbnail","6":"product_brand-marine-business-mb","7":"product_brand-marine-business-mb-hr","8":"product_cat-brodsko-posude","10":"first","11":"instock","12":"shipping-taxable","13":"purchasable","14":"product-type-simple"},"_links":{"self":[{"href":"https:\/\/stoic-curie.212-227-153-4.plesk.page\/hr\/wp-json\/wp\/v2\/product\/741583","targetHints":{"allow":["GET"]}}],"collection":[{"href":"https:\/\/stoic-curie.212-227-153-4.plesk.page\/hr\/wp-json\/wp\/v2\/product"}],"about":[{"href":"https:\/\/stoic-curie.212-227-153-4.plesk.page\/hr\/wp-json\/wp\/v2\/types\/product"}],"replies":[{"embeddable":true,"href":"https:\/\/stoic-curie.212-227-153-4.plesk.page\/hr\/wp-json\/wp\/v2\/comments?post=741583"}],"version-history":[{"count":0,"href":"https:\/\/stoic-curie.212-227-153-4.plesk.page\/hr\/wp-json\/wp\/v2\/product\/741583\/revisions"}],"wp:featuredmedia":[{"embeddable":true,"href":"https:\/\/stoic-curie.212-227-153-4.plesk.page\/hr\/wp-json\/wp\/v2\/media\/5942000"}],"wp:attachment":[{"href":"https:\/\/stoic-curie.212-227-153-4.plesk.page\/hr\/wp-json\/wp\/v2\/media?parent=741583"}],"wp:term":[{"taxonomy":"product_brand","embeddable":true,"href":"https:\/\/stoic-curie.212-227-153-4.plesk.page\/hr\/wp-json\/wp\/v2\/product_brand?post=741583"},{"taxonomy":"product_cat","embeddable":true,"href":"https:\/\/stoic-curie.212-227-153-4.plesk.page\/hr\/wp-json\/wp\/v2\/product_cat?post=741583"},{"taxonomy":"product_tag","embeddable":true,"href":"https:\/\/stoic-curie.212-227-153-4.plesk.page\/hr\/wp-json\/wp\/v2\/product_tag?post=741583"}],"curies":[{"name":"wp","href":"https:\/\/api.w.org\/{rel}","templated":true}]}}