{"id":741593,"date":"2025-03-03T18:14:43","date_gmt":"2025-03-03T17:14:43","guid":{"rendered":"https:\/\/stoic-curie.212-227-153-4.plesk.page\/producto\/case-za-vodu-s-kliznom-podlogom-9-x-h10-cm-6-kom\/"},"modified":"2026-02-25T00:00:54","modified_gmt":"2026-02-25T00:00:54","slug":"case-za-vodu-s-kliznom-podlogom-9-x-h10-cm-6-kom","status":"publish","type":"product","link":"https:\/\/stoic-curie.212-227-153-4.plesk.page\/hr\/product\/case-za-vodu-s-kliznom-podlogom-9-x-h10-cm-6-kom\/","title":{"rendered":"\u010ca\u0161e za vodu s kliznom podlogom 9 x H10 cm 6 kom."},"content":{"rendered":"<p>\u010ca\u0161e za vodu s kliznom podlogom 9 x H10 cm 6 kom. &#8211; <\/p>\n<p>Elegantne \u010da\u0161e s nelepljivom bazom. Napravljene od 100% certificiranog hrane sigurnog Tritana. Perive u perilici su\u0111a, nezlomljive i otporne na mrlje. 6 komada po pakiranju.<\/p>\n","protected":false},"excerpt":{"rendered":"<p>\u010ca\u0161e za vodu s kliznom podlogom 9 x H10 cm 6 kom. &#8211; Elegantne \u010da\u0161e s nelepljivom bazom. Napravljene od<\/p>\n","protected":false},"featured_media":5942026,"comment_status":"open","ping_status":"closed","template":"","meta":[],"product_brand":[2232,3111],"product_cat":[1645],"product_tag":[],"class_list":{"0":"post-741593","1":"product","2":"type-product","3":"status-publish","4":"has-post-thumbnail","6":"product_brand-marine-business-mb","7":"product_brand-marine-business-mb-hr","8":"product_cat-brodsko-posude","10":"first","11":"instock","12":"shipping-taxable","13":"purchasable","14":"product-type-simple"},"_links":{"self":[{"href":"https:\/\/stoic-curie.212-227-153-4.plesk.page\/hr\/wp-json\/wp\/v2\/product\/741593","targetHints":{"allow":["GET"]}}],"collection":[{"href":"https:\/\/stoic-curie.212-227-153-4.plesk.page\/hr\/wp-json\/wp\/v2\/product"}],"about":[{"href":"https:\/\/stoic-curie.212-227-153-4.plesk.page\/hr\/wp-json\/wp\/v2\/types\/product"}],"replies":[{"embeddable":true,"href":"https:\/\/stoic-curie.212-227-153-4.plesk.page\/hr\/wp-json\/wp\/v2\/comments?post=741593"}],"version-history":[{"count":0,"href":"https:\/\/stoic-curie.212-227-153-4.plesk.page\/hr\/wp-json\/wp\/v2\/product\/741593\/revisions"}],"wp:featuredmedia":[{"embeddable":true,"href":"https:\/\/stoic-curie.212-227-153-4.plesk.page\/hr\/wp-json\/wp\/v2\/media\/5942026"}],"wp:attachment":[{"href":"https:\/\/stoic-curie.212-227-153-4.plesk.page\/hr\/wp-json\/wp\/v2\/media?parent=741593"}],"wp:term":[{"taxonomy":"product_brand","embeddable":true,"href":"https:\/\/stoic-curie.212-227-153-4.plesk.page\/hr\/wp-json\/wp\/v2\/product_brand?post=741593"},{"taxonomy":"product_cat","embeddable":true,"href":"https:\/\/stoic-curie.212-227-153-4.plesk.page\/hr\/wp-json\/wp\/v2\/product_cat?post=741593"},{"taxonomy":"product_tag","embeddable":true,"href":"https:\/\/stoic-curie.212-227-153-4.plesk.page\/hr\/wp-json\/wp\/v2\/product_tag?post=741593"}],"curies":[{"name":"wp","href":"https:\/\/api.w.org\/{rel}","templated":true}]}}