{"id":741607,"date":"2025-03-03T18:14:47","date_gmt":"2025-03-03T17:14:47","guid":{"rendered":"https:\/\/stoic-curie.212-227-153-4.plesk.page\/producto\/elasticne-pamucne-plahte-plava-tip-g\/"},"modified":"2026-02-25T00:00:54","modified_gmt":"2026-02-25T00:00:54","slug":"elasticne-pamucne-plahte-plava-tip-g","status":"publish","type":"product","link":"https:\/\/stoic-curie.212-227-153-4.plesk.page\/hr\/product\/elasticne-pamucne-plahte-plava-tip-g\/","title":{"rendered":"Elasticne pamucne plahte &#8211; plava &#8211; tip G"},"content":{"rendered":"<p>Elasticne pamucne plahte &#8211; plava &#8211; tip G &#8211; <\/p>\n<p>Elasti\u010dni pamu\u010dni plahti s oja\u010danim elasti\u010dnim pojasom. Savr\u0161eno pristaju svim madracima i sofama. 96 % pamuk i 4 % elastan s elasti\u010dno\u0161\u0107u od 25 %.<\/p>\n","protected":false},"excerpt":{"rendered":"<p>Elasticne pamucne plahte &#8211; plava &#8211; tip G &#8211; Elasti\u010dni pamu\u010dni plahti s oja\u010danim elasti\u010dnim pojasom. Savr\u0161eno pristaju svim madracima<\/p>\n","protected":false},"featured_media":5942039,"comment_status":"open","ping_status":"closed","template":"","meta":[],"product_brand":[3111],"product_cat":[1643],"product_tag":[],"class_list":{"0":"post-741607","1":"product","2":"type-product","3":"status-publish","4":"has-post-thumbnail","6":"product_brand-marine-business-mb-hr","7":"product_cat-tepisi-i-presvlake","9":"first","10":"instock","11":"shipping-taxable","12":"purchasable","13":"product-type-simple"},"_links":{"self":[{"href":"https:\/\/stoic-curie.212-227-153-4.plesk.page\/hr\/wp-json\/wp\/v2\/product\/741607","targetHints":{"allow":["GET"]}}],"collection":[{"href":"https:\/\/stoic-curie.212-227-153-4.plesk.page\/hr\/wp-json\/wp\/v2\/product"}],"about":[{"href":"https:\/\/stoic-curie.212-227-153-4.plesk.page\/hr\/wp-json\/wp\/v2\/types\/product"}],"replies":[{"embeddable":true,"href":"https:\/\/stoic-curie.212-227-153-4.plesk.page\/hr\/wp-json\/wp\/v2\/comments?post=741607"}],"version-history":[{"count":0,"href":"https:\/\/stoic-curie.212-227-153-4.plesk.page\/hr\/wp-json\/wp\/v2\/product\/741607\/revisions"}],"wp:featuredmedia":[{"embeddable":true,"href":"https:\/\/stoic-curie.212-227-153-4.plesk.page\/hr\/wp-json\/wp\/v2\/media\/5942039"}],"wp:attachment":[{"href":"https:\/\/stoic-curie.212-227-153-4.plesk.page\/hr\/wp-json\/wp\/v2\/media?parent=741607"}],"wp:term":[{"taxonomy":"product_brand","embeddable":true,"href":"https:\/\/stoic-curie.212-227-153-4.plesk.page\/hr\/wp-json\/wp\/v2\/product_brand?post=741607"},{"taxonomy":"product_cat","embeddable":true,"href":"https:\/\/stoic-curie.212-227-153-4.plesk.page\/hr\/wp-json\/wp\/v2\/product_cat?post=741607"},{"taxonomy":"product_tag","embeddable":true,"href":"https:\/\/stoic-curie.212-227-153-4.plesk.page\/hr\/wp-json\/wp\/v2\/product_tag?post=741607"}],"curies":[{"name":"wp","href":"https:\/\/api.w.org\/{rel}","templated":true}]}}