{"id":741608,"date":"2025-03-03T18:14:47","date_gmt":"2025-03-03T17:14:47","guid":{"rendered":"https:\/\/stoic-curie.212-227-153-4.plesk.page\/producto\/tunel-od-stakloplastike-za-quick-btq140-140mm-x-100cm\/"},"modified":"2026-02-25T00:00:54","modified_gmt":"2026-02-25T00:00:54","slug":"tunel-od-stakloplastike-za-quick-btq140-140mm-x-100cm","status":"publish","type":"product","link":"https:\/\/stoic-curie.212-227-153-4.plesk.page\/hr\/product\/tunel-od-stakloplastike-za-quick-btq140-140mm-x-100cm\/","title":{"rendered":"Tunel od stakloplastike 140mm X 100cm"},"content":{"rendered":"<p>Tunel od stakloplastike 140mm X 100cm &#8211; <\/p>\n<p>Ovaj fiberglasni tunel pa\u017eljivo je izra\u0111en s precizno\u0161\u0107u kako bi olak\u0161ao ugradnju pogona za krmenu osovinu, \u010dine\u0107i ga idealnim izborom za ljubitelje \u010damaca. Kompatibilan je s brandovima Quick i Vetus, osiguravaju\u0107i svestranost za razne plovne primene. S du\u017einom od 1 metra i promjerom od 140 mm, ovaj tunel je dizajniran kako bi u\u010dinkovito udovoljio va\u0161im specifi\u010dnim potrebama na plovilu.<\/p>\n<p><strong>Specifikacije:<\/strong><\/p>\n<ul>\n<li><strong>Materijal:<\/strong> Plastika oja\u010dana staklenim vlaknima (GRP), poznata po svojoj izdr\u017eljivosti i \u010dvrsto\u0107i<\/li>\n<li><strong>Brand:<\/strong> Quick, pouzdan naziv u industriji<\/li>\n<li><strong>Du\u017eina:<\/strong> 1000 mm, pru\u017eaju\u0107i dovoljno prostora za ugradnju<\/li>\n<li><strong>Promjer:<\/strong> 140 mm, osiguravaju\u0107i pravilno pristajanje za va\u0161 pogon za krmenu osovinu<\/li>\n<li><strong>Debljina:<\/strong> 5,5 mm, koja nudi robusnu konstrukciju za dugotrajne performanse<\/li>\n<\/ul>\n<p>Ovaj proizvod je odli\u010dna opcija za pobolj\u0161anje va\u0161eg iskustva na \u010damcu<\/p>\n","protected":false},"excerpt":{"rendered":"<p>Tunel od stakloplastike 140mm X 100cm &#8211; Ovaj fiberglasni tunel pa\u017eljivo je izra\u0111en s precizno\u0161\u0107u kako bi olak\u0161ao ugradnju pogona<\/p>\n","protected":false},"featured_media":5942044,"comment_status":"open","ping_status":"closed","template":"","meta":[],"product_brand":[3281],"product_cat":[1610,1609],"product_tag":[],"class_list":{"0":"post-741608","1":"product","2":"type-product","3":"status-publish","4":"has-post-thumbnail","6":"product_brand-quick-hr","7":"product_cat-pramcani-potisnici-quick","8":"product_cat-pramcani-potisnici-vetus","10":"first","11":"instock","12":"shipping-taxable","13":"purchasable","14":"product-type-simple"},"_links":{"self":[{"href":"https:\/\/stoic-curie.212-227-153-4.plesk.page\/hr\/wp-json\/wp\/v2\/product\/741608","targetHints":{"allow":["GET"]}}],"collection":[{"href":"https:\/\/stoic-curie.212-227-153-4.plesk.page\/hr\/wp-json\/wp\/v2\/product"}],"about":[{"href":"https:\/\/stoic-curie.212-227-153-4.plesk.page\/hr\/wp-json\/wp\/v2\/types\/product"}],"replies":[{"embeddable":true,"href":"https:\/\/stoic-curie.212-227-153-4.plesk.page\/hr\/wp-json\/wp\/v2\/comments?post=741608"}],"version-history":[{"count":0,"href":"https:\/\/stoic-curie.212-227-153-4.plesk.page\/hr\/wp-json\/wp\/v2\/product\/741608\/revisions"}],"wp:featuredmedia":[{"embeddable":true,"href":"https:\/\/stoic-curie.212-227-153-4.plesk.page\/hr\/wp-json\/wp\/v2\/media\/5942044"}],"wp:attachment":[{"href":"https:\/\/stoic-curie.212-227-153-4.plesk.page\/hr\/wp-json\/wp\/v2\/media?parent=741608"}],"wp:term":[{"taxonomy":"product_brand","embeddable":true,"href":"https:\/\/stoic-curie.212-227-153-4.plesk.page\/hr\/wp-json\/wp\/v2\/product_brand?post=741608"},{"taxonomy":"product_cat","embeddable":true,"href":"https:\/\/stoic-curie.212-227-153-4.plesk.page\/hr\/wp-json\/wp\/v2\/product_cat?post=741608"},{"taxonomy":"product_tag","embeddable":true,"href":"https:\/\/stoic-curie.212-227-153-4.plesk.page\/hr\/wp-json\/wp\/v2\/product_tag?post=741608"}],"curies":[{"name":"wp","href":"https:\/\/api.w.org\/{rel}","templated":true}]}}