{"id":741610,"date":"2025-03-03T18:14:48","date_gmt":"2025-03-03T17:14:48","guid":{"rendered":"https:\/\/stoic-curie.212-227-153-4.plesk.page\/producto\/tunel-od-stakloplastike-za-pramcani-potisnik-vetus-125-160-o-250mm-x-200cm\/"},"modified":"2026-02-25T00:00:54","modified_gmt":"2026-02-25T00:00:54","slug":"tunel-od-stakloplastike-za-pramcani-potisnik-vetus-125-160-o-250mm-x-200cm","status":"publish","type":"product","link":"https:\/\/stoic-curie.212-227-153-4.plesk.page\/hr\/product\/tunel-od-stakloplastike-za-pramcani-potisnik-vetus-125-160-o-250mm-x-200cm\/","title":{"rendered":"Fiberglasni tunel 250mm x 200cm"},"content":{"rendered":"<p>Fiberglasni tunel 250mm x 200cm &#8211; <\/p>\n<p style=\"color: rgb(34, 34, 34); font-family: Arial, Helvetica, sans-serif; font-size: small;\">Fiberglass tunel za instalaciju bo\u010dnog propulzora<\/p>\n<p style=\"color: rgb(34, 34, 34); font-family: Arial, Helvetica, sans-serif; font-size: small;\">Ovaj fiberglass tunel ima du\u017einu od 2 metra i promjer od 250 mm.<\/p>\n<p style=\"color: rgb(34, 34, 34); font-family: Arial, Helvetica, sans-serif; font-size: small;\">GRP tuneli<\/p>\n<p style=\"color: rgb(34, 34, 34); font-family: Arial, Helvetica, sans-serif; font-size: small;\">Na\u0161i tuneli od stakloplastike (GRP) dizajnirani su za preciznost i izdr\u017eljivost. Dolaze u raznim du\u017einama i promjerima kako bi osigurali savr\u0161eno uklapanje za va\u0161 Vetus ili Quick propulzora. GRP materijal nudi izvrsnu \u010dvrsto\u0107u uz odr\u017eavanje male te\u017eine, \u0161to olak\u0161ava instalaciju.<\/p>\n<p style=\"color: rgb(34, 34, 34); font-family: Arial, Helvetica, sans-serif; font-size: small;\">Specifikacije:<\/p>\n<ul style=\"color: rgb(34, 34, 34); font-family: Arial, Helvetica, sans-serif; font-size: small; font-style: normal; font-variant-ligatures: normal; font-variant-caps: normal; font-weight: 400; letter-spacing: normal; orphans: 2; text-align: start; text-indent: 0px; text-transform: none; widows: 2; word-spacing: 0px; -webkit-text-stroke-width: 0px; white-space: normal; text-decoration-thickness: initial; text-decoration-style: initial; text-decoration-color: initial;\">\n<li>Osnovna konstrukcija: GRP<\/li>\n<li>Brend: Quick<\/li>\n<li>Du\u017eina: 2000 mm<\/li>\n<li>Promjer: 250 mm<\/li>\n<li>Debljina: 6.5 mm<\/li>\n<\/ul>\n","protected":false},"excerpt":{"rendered":"<p>Fiberglasni tunel 250mm x 200cm &#8211; Fiberglass tunel za instalaciju bo\u010dnog propulzora Ovaj fiberglass tunel ima du\u017einu od 2 metra<\/p>\n","protected":false},"featured_media":5942044,"comment_status":"open","ping_status":"closed","template":"","meta":[],"product_brand":[3281],"product_cat":[1610],"product_tag":[],"class_list":{"0":"post-741610","1":"product","2":"type-product","3":"status-publish","4":"has-post-thumbnail","6":"product_brand-quick-hr","7":"product_cat-pramcani-potisnici-quick","9":"first","10":"instock","11":"shipping-taxable","12":"purchasable","13":"product-type-simple"},"_links":{"self":[{"href":"https:\/\/stoic-curie.212-227-153-4.plesk.page\/hr\/wp-json\/wp\/v2\/product\/741610","targetHints":{"allow":["GET"]}}],"collection":[{"href":"https:\/\/stoic-curie.212-227-153-4.plesk.page\/hr\/wp-json\/wp\/v2\/product"}],"about":[{"href":"https:\/\/stoic-curie.212-227-153-4.plesk.page\/hr\/wp-json\/wp\/v2\/types\/product"}],"replies":[{"embeddable":true,"href":"https:\/\/stoic-curie.212-227-153-4.plesk.page\/hr\/wp-json\/wp\/v2\/comments?post=741610"}],"version-history":[{"count":0,"href":"https:\/\/stoic-curie.212-227-153-4.plesk.page\/hr\/wp-json\/wp\/v2\/product\/741610\/revisions"}],"wp:featuredmedia":[{"embeddable":true,"href":"https:\/\/stoic-curie.212-227-153-4.plesk.page\/hr\/wp-json\/wp\/v2\/media\/5942044"}],"wp:attachment":[{"href":"https:\/\/stoic-curie.212-227-153-4.plesk.page\/hr\/wp-json\/wp\/v2\/media?parent=741610"}],"wp:term":[{"taxonomy":"product_brand","embeddable":true,"href":"https:\/\/stoic-curie.212-227-153-4.plesk.page\/hr\/wp-json\/wp\/v2\/product_brand?post=741610"},{"taxonomy":"product_cat","embeddable":true,"href":"https:\/\/stoic-curie.212-227-153-4.plesk.page\/hr\/wp-json\/wp\/v2\/product_cat?post=741610"},{"taxonomy":"product_tag","embeddable":true,"href":"https:\/\/stoic-curie.212-227-153-4.plesk.page\/hr\/wp-json\/wp\/v2\/product_tag?post=741610"}],"curies":[{"name":"wp","href":"https:\/\/api.w.org\/{rel}","templated":true}]}}