{"id":741615,"date":"2025-03-03T18:14:49","date_gmt":"2025-03-03T17:14:49","guid":{"rendered":"https:\/\/stoic-curie.212-227-153-4.plesk.page\/producto\/sredstvo-za-ciscenje-kamenca-star-brite-380-l\/"},"modified":"2026-02-25T00:00:54","modified_gmt":"2026-02-25T00:00:54","slug":"sredstvo-za-ciscenje-kamenca-star-brite-380-l","status":"publish","type":"product","link":"https:\/\/stoic-curie.212-227-153-4.plesk.page\/hr\/product\/sredstvo-za-ciscenje-kamenca-star-brite-380-l\/","title":{"rendered":"Sredstvo za ci\u0161\u0107enje kamenca Star Brite 3,80 l"},"content":{"rendered":"<p>Sredstvo za ci\u0161\u0107enje kamenca Star Brite 3,80 l &#8211; <\/p>\n<p>\u00e2\u0080\u00a2 Uklanja naslage sa svih brodskih motora \u00e2\u0080\u00a2 Omogu\u0107uje motorima da rade hladnije i u\u010dinkovitije \u00e2\u0080\u00a2 Ne o\u0161te\u0107uje brtve, gumice ili impellere motora<\/p>\n","protected":false},"excerpt":{"rendered":"<p>Sredstvo za ci\u0161\u0107enje kamenca Star Brite 3,80 l &#8211; \u00e2\u0080\u00a2 Uklanja naslage sa svih brodskih motora \u00e2\u0080\u00a2 Omogu\u0107uje motorima da<\/p>\n","protected":false},"featured_media":5942065,"comment_status":"open","ping_status":"closed","template":"","meta":[],"product_brand":[3436],"product_cat":[1793],"product_tag":[],"class_list":{"0":"post-741615","1":"product","2":"type-product","3":"status-publish","4":"has-post-thumbnail","6":"product_brand-starbrite-hr","7":"product_cat-aditivi-za-brodski-motor","9":"first","10":"instock","11":"shipping-taxable","12":"purchasable","13":"product-type-simple"},"_links":{"self":[{"href":"https:\/\/stoic-curie.212-227-153-4.plesk.page\/hr\/wp-json\/wp\/v2\/product\/741615","targetHints":{"allow":["GET"]}}],"collection":[{"href":"https:\/\/stoic-curie.212-227-153-4.plesk.page\/hr\/wp-json\/wp\/v2\/product"}],"about":[{"href":"https:\/\/stoic-curie.212-227-153-4.plesk.page\/hr\/wp-json\/wp\/v2\/types\/product"}],"replies":[{"embeddable":true,"href":"https:\/\/stoic-curie.212-227-153-4.plesk.page\/hr\/wp-json\/wp\/v2\/comments?post=741615"}],"version-history":[{"count":0,"href":"https:\/\/stoic-curie.212-227-153-4.plesk.page\/hr\/wp-json\/wp\/v2\/product\/741615\/revisions"}],"wp:featuredmedia":[{"embeddable":true,"href":"https:\/\/stoic-curie.212-227-153-4.plesk.page\/hr\/wp-json\/wp\/v2\/media\/5942065"}],"wp:attachment":[{"href":"https:\/\/stoic-curie.212-227-153-4.plesk.page\/hr\/wp-json\/wp\/v2\/media?parent=741615"}],"wp:term":[{"taxonomy":"product_brand","embeddable":true,"href":"https:\/\/stoic-curie.212-227-153-4.plesk.page\/hr\/wp-json\/wp\/v2\/product_brand?post=741615"},{"taxonomy":"product_cat","embeddable":true,"href":"https:\/\/stoic-curie.212-227-153-4.plesk.page\/hr\/wp-json\/wp\/v2\/product_cat?post=741615"},{"taxonomy":"product_tag","embeddable":true,"href":"https:\/\/stoic-curie.212-227-153-4.plesk.page\/hr\/wp-json\/wp\/v2\/product_tag?post=741615"}],"curies":[{"name":"wp","href":"https:\/\/api.w.org\/{rel}","templated":true}]}}