{"id":741620,"date":"2025-03-03T18:14:50","date_gmt":"2025-03-03T17:14:50","guid":{"rendered":"https:\/\/stoic-curie.212-227-153-4.plesk.page\/producto\/dalekozor-nikon-aculon-t01-orange-8-x-21\/"},"modified":"2026-02-25T00:00:54","modified_gmt":"2026-02-25T00:00:54","slug":"dalekozor-nikon-aculon-t01-orange-8-x-21","status":"publish","type":"product","link":"https:\/\/stoic-curie.212-227-153-4.plesk.page\/hr\/product\/dalekozor-nikon-aculon-t01-orange-8-x-21\/","title":{"rendered":"Dalekozor Nikon Aculon T01 Orange 8 x 21"},"content":{"rendered":"<p>Dalekozor Nikon Aculon T01 Orange 8 x 21 &#8211; <\/p>\n<p>Elegantni i kompaktnog dizajna, pri\u010da u d\u017eepnoj veli\u010dini. Lagani i laki za rukovanje. Vi\u0161eslojne premazane le\u0107e za svijetle i visokokontrastne slike, ekolo\u0161ki stakleni opti\u010dki dijelovi bez olova ili arsenika. 10 godina jamstva.<\/p>\n","protected":false},"excerpt":{"rendered":"<p>Dalekozor Nikon Aculon T01 Orange 8 x 21 &#8211; Elegantni i kompaktnog dizajna, pri\u010da u d\u017eepnoj veli\u010dini. Lagani i laki<\/p>\n","protected":false},"featured_media":5937483,"comment_status":"open","ping_status":"closed","template":"","meta":[],"product_brand":[3196],"product_cat":[1779],"product_tag":[],"class_list":{"0":"post-741620","1":"product","2":"type-product","3":"status-publish","4":"has-post-thumbnail","6":"product_brand-nikon-marine-hr","7":"product_cat-brodski-dalekozor","9":"first","10":"outofstock","11":"shipping-taxable","12":"purchasable","13":"product-type-simple"},"_links":{"self":[{"href":"https:\/\/stoic-curie.212-227-153-4.plesk.page\/hr\/wp-json\/wp\/v2\/product\/741620","targetHints":{"allow":["GET"]}}],"collection":[{"href":"https:\/\/stoic-curie.212-227-153-4.plesk.page\/hr\/wp-json\/wp\/v2\/product"}],"about":[{"href":"https:\/\/stoic-curie.212-227-153-4.plesk.page\/hr\/wp-json\/wp\/v2\/types\/product"}],"replies":[{"embeddable":true,"href":"https:\/\/stoic-curie.212-227-153-4.plesk.page\/hr\/wp-json\/wp\/v2\/comments?post=741620"}],"version-history":[{"count":0,"href":"https:\/\/stoic-curie.212-227-153-4.plesk.page\/hr\/wp-json\/wp\/v2\/product\/741620\/revisions"}],"wp:featuredmedia":[{"embeddable":true,"href":"https:\/\/stoic-curie.212-227-153-4.plesk.page\/hr\/wp-json\/wp\/v2\/media\/5937483"}],"wp:attachment":[{"href":"https:\/\/stoic-curie.212-227-153-4.plesk.page\/hr\/wp-json\/wp\/v2\/media?parent=741620"}],"wp:term":[{"taxonomy":"product_brand","embeddable":true,"href":"https:\/\/stoic-curie.212-227-153-4.plesk.page\/hr\/wp-json\/wp\/v2\/product_brand?post=741620"},{"taxonomy":"product_cat","embeddable":true,"href":"https:\/\/stoic-curie.212-227-153-4.plesk.page\/hr\/wp-json\/wp\/v2\/product_cat?post=741620"},{"taxonomy":"product_tag","embeddable":true,"href":"https:\/\/stoic-curie.212-227-153-4.plesk.page\/hr\/wp-json\/wp\/v2\/product_tag?post=741620"}],"curies":[{"name":"wp","href":"https:\/\/api.w.org\/{rel}","templated":true}]}}