{"id":741621,"date":"2025-03-03T18:14:50","date_gmt":"2025-03-03T17:14:50","guid":{"rendered":"https:\/\/stoic-curie.212-227-153-4.plesk.page\/producto\/laserski-hipsometar-daljinomjer-nikon-forestry-pro-130x69x45-mm\/"},"modified":"2026-02-25T00:00:54","modified_gmt":"2026-02-25T00:00:54","slug":"laserski-hipsometar-daljinomjer-nikon-forestry-pro-130x69x45-mm","status":"publish","type":"product","link":"https:\/\/stoic-curie.212-227-153-4.plesk.page\/hr\/product\/laserski-hipsometar-daljinomjer-nikon-forestry-pro-130x69x45-mm\/","title":{"rendered":"Laserski hipsometar (daljinomjer) Nikon Forestry Pro 130x69x45 mm"},"content":{"rendered":"<p>Laserski hipsometar (daljinomjer) Nikon Forestry Pro 130x69x45 mm &#8211; <\/p>\n<p>Graduirani laserski hipsometar, savr\u0161en za osnovna topografska istra\u017eivanja koja mjere stvarne udaljenosti, horizontalne udaljenosti i pravu visinu. Opremljen sustavom mjerenja s tri to\u010dke koji omogu\u0107ava mjerenje visine objekta \u010dak i ako su osnovi ili vrh pokriveni. Raspon mjerenja: 10 &#8211; 500 m. S internim i vanjskim LCD ekranima i monokularom visoke kvalitete s vi\u0161eslojnim premazom za svijetle slike. Duga udaljenost oka za jasan vid za nositelje nao\u010dala. Vodootporan do 1 metra dubine tijekom 10 minuta. 2 godine jamstva.<\/p>\n","protected":false},"excerpt":{"rendered":"<p>Laserski hipsometar (daljinomjer) Nikon Forestry Pro 130x69x45 mm &#8211; Graduirani laserski hipsometar, savr\u0161en za osnovna topografska istra\u017eivanja koja mjere stvarne<\/p>\n","protected":false},"featured_media":5942078,"comment_status":"open","ping_status":"closed","template":"","meta":[],"product_brand":[3196],"product_cat":[1779],"product_tag":[],"class_list":{"0":"post-741621","1":"product","2":"type-product","3":"status-publish","4":"has-post-thumbnail","6":"product_brand-nikon-marine-hr","7":"product_cat-brodski-dalekozor","9":"first","10":"instock","11":"shipping-taxable","12":"purchasable","13":"product-type-simple"},"_links":{"self":[{"href":"https:\/\/stoic-curie.212-227-153-4.plesk.page\/hr\/wp-json\/wp\/v2\/product\/741621","targetHints":{"allow":["GET"]}}],"collection":[{"href":"https:\/\/stoic-curie.212-227-153-4.plesk.page\/hr\/wp-json\/wp\/v2\/product"}],"about":[{"href":"https:\/\/stoic-curie.212-227-153-4.plesk.page\/hr\/wp-json\/wp\/v2\/types\/product"}],"replies":[{"embeddable":true,"href":"https:\/\/stoic-curie.212-227-153-4.plesk.page\/hr\/wp-json\/wp\/v2\/comments?post=741621"}],"version-history":[{"count":0,"href":"https:\/\/stoic-curie.212-227-153-4.plesk.page\/hr\/wp-json\/wp\/v2\/product\/741621\/revisions"}],"wp:featuredmedia":[{"embeddable":true,"href":"https:\/\/stoic-curie.212-227-153-4.plesk.page\/hr\/wp-json\/wp\/v2\/media\/5942078"}],"wp:attachment":[{"href":"https:\/\/stoic-curie.212-227-153-4.plesk.page\/hr\/wp-json\/wp\/v2\/media?parent=741621"}],"wp:term":[{"taxonomy":"product_brand","embeddable":true,"href":"https:\/\/stoic-curie.212-227-153-4.plesk.page\/hr\/wp-json\/wp\/v2\/product_brand?post=741621"},{"taxonomy":"product_cat","embeddable":true,"href":"https:\/\/stoic-curie.212-227-153-4.plesk.page\/hr\/wp-json\/wp\/v2\/product_cat?post=741621"},{"taxonomy":"product_tag","embeddable":true,"href":"https:\/\/stoic-curie.212-227-153-4.plesk.page\/hr\/wp-json\/wp\/v2\/product_tag?post=741621"}],"curies":[{"name":"wp","href":"https:\/\/api.w.org\/{rel}","templated":true}]}}