{"id":741622,"date":"2025-03-03T18:14:50","date_gmt":"2025-03-03T17:14:50","guid":{"rendered":"https:\/\/stoic-curie.212-227-153-4.plesk.page\/producto\/crna-elektricna-ploca-s-6-prekidaca-i-digitalnim-testerom-baterije-za-2-baterije-115-x-241-mm\/"},"modified":"2026-02-25T00:00:54","modified_gmt":"2026-02-25T00:00:54","slug":"crna-elektricna-ploca-s-6-prekidaca-i-digitalnim-testerom-baterije-za-2-baterije-115-x-241-mm","status":"publish","type":"product","link":"https:\/\/stoic-curie.212-227-153-4.plesk.page\/hr\/product\/crna-elektricna-ploca-s-6-prekidaca-i-digitalnim-testerom-baterije-za-2-baterije-115-x-241-mm\/","title":{"rendered":"Crna elektricna ploca s 6 prekidaca i digitalnim testerom baterije za 2 baterije 115 x 241 mm"},"content":{"rendered":"<p>Crna elektricna ploca s 6 prekidaca i digitalnim testerom baterije za 2 baterije 115 x 241 mm &#8211; <\/p>\n<p>Aluminijski tester panel sa \u017eicom 12V za\u0161ti\u0107en IP65 s unaprijed ispisanim oznakama. S digitalnim zaslonom za dvije 12V baterije, vodootpornim prekida\u010dima opremljenim LED indikatorima i osigura\u010dima.<\/p>\n","protected":false},"excerpt":{"rendered":"<p>Crna elektricna ploca s 6 prekidaca i digitalnim testerom baterije za 2 baterije 115 x 241 mm &#8211; Aluminijski tester<\/p>\n","protected":false},"featured_media":5942079,"comment_status":"open","ping_status":"closed","template":"","meta":[],"product_brand":[2831],"product_cat":[1729,1746],"product_tag":[],"class_list":{"0":"post-741622","1":"product","2":"type-product","3":"status-publish","4":"has-post-thumbnail","6":"product_brand-blue-sea-systems-hr","7":"product_cat-baterije","8":"product_cat-elektricne-ploce-prekidaca","10":"first","11":"instock","12":"shipping-taxable","13":"purchasable","14":"product-type-simple"},"_links":{"self":[{"href":"https:\/\/stoic-curie.212-227-153-4.plesk.page\/hr\/wp-json\/wp\/v2\/product\/741622","targetHints":{"allow":["GET"]}}],"collection":[{"href":"https:\/\/stoic-curie.212-227-153-4.plesk.page\/hr\/wp-json\/wp\/v2\/product"}],"about":[{"href":"https:\/\/stoic-curie.212-227-153-4.plesk.page\/hr\/wp-json\/wp\/v2\/types\/product"}],"replies":[{"embeddable":true,"href":"https:\/\/stoic-curie.212-227-153-4.plesk.page\/hr\/wp-json\/wp\/v2\/comments?post=741622"}],"version-history":[{"count":0,"href":"https:\/\/stoic-curie.212-227-153-4.plesk.page\/hr\/wp-json\/wp\/v2\/product\/741622\/revisions"}],"wp:featuredmedia":[{"embeddable":true,"href":"https:\/\/stoic-curie.212-227-153-4.plesk.page\/hr\/wp-json\/wp\/v2\/media\/5942079"}],"wp:attachment":[{"href":"https:\/\/stoic-curie.212-227-153-4.plesk.page\/hr\/wp-json\/wp\/v2\/media?parent=741622"}],"wp:term":[{"taxonomy":"product_brand","embeddable":true,"href":"https:\/\/stoic-curie.212-227-153-4.plesk.page\/hr\/wp-json\/wp\/v2\/product_brand?post=741622"},{"taxonomy":"product_cat","embeddable":true,"href":"https:\/\/stoic-curie.212-227-153-4.plesk.page\/hr\/wp-json\/wp\/v2\/product_cat?post=741622"},{"taxonomy":"product_tag","embeddable":true,"href":"https:\/\/stoic-curie.212-227-153-4.plesk.page\/hr\/wp-json\/wp\/v2\/product_tag?post=741622"}],"curies":[{"name":"wp","href":"https:\/\/api.w.org\/{rel}","templated":true}]}}