{"id":741624,"date":"2025-03-03T18:14:51","date_gmt":"2025-03-03T17:14:51","guid":{"rendered":"https:\/\/stoic-curie.212-227-153-4.plesk.page\/producto\/startech-elektricna-ploca-s-8-led-prekidaca-235-x-100-mm\/"},"modified":"2026-02-25T00:00:54","modified_gmt":"2026-02-25T00:00:54","slug":"startech-elektricna-ploca-s-8-led-prekidaca-235-x-100-mm","status":"publish","type":"product","link":"https:\/\/stoic-curie.212-227-153-4.plesk.page\/hr\/product\/startech-elektricna-ploca-s-8-led-prekidaca-235-x-100-mm\/","title":{"rendered":"Startech elektricna ploca s 8 LED prekidaca 235 x 100 mm"},"content":{"rendered":"<p>Startech elektricna ploca s 8 LED prekidaca 235 x 100 mm &#8211; <\/p>\n<p>UV-otporne stabilizirane plasti\u010dne panele za\u0161ti\u0107ene IP65. Cablirani, s vodonepropusnim prekida\u010dima opremljenim LED svjetlima, osigura\u010dima i unaprijed otisnutim etiketama. Prvi prekida\u010d je (ON)-OFF za sirenu. Mo\u017ee se nadopuniti raznim nadogradnim dijelovima.<\/p>\n","protected":false},"excerpt":{"rendered":"<p>Startech elektricna ploca s 8 LED prekidaca 235 x 100 mm &#8211; UV-otporne stabilizirane plasti\u010dne panele za\u0161ti\u0107ene IP65. Cablirani, s<\/p>\n","protected":false},"featured_media":5942082,"comment_status":"open","ping_status":"closed","template":"","meta":[],"product_brand":[2831],"product_cat":[1746],"product_tag":[],"class_list":{"0":"post-741624","1":"product","2":"type-product","3":"status-publish","4":"has-post-thumbnail","6":"product_brand-blue-sea-systems-hr","7":"product_cat-elektricne-ploce-prekidaca","9":"first","10":"instock","11":"shipping-taxable","12":"purchasable","13":"product-type-simple"},"_links":{"self":[{"href":"https:\/\/stoic-curie.212-227-153-4.plesk.page\/hr\/wp-json\/wp\/v2\/product\/741624","targetHints":{"allow":["GET"]}}],"collection":[{"href":"https:\/\/stoic-curie.212-227-153-4.plesk.page\/hr\/wp-json\/wp\/v2\/product"}],"about":[{"href":"https:\/\/stoic-curie.212-227-153-4.plesk.page\/hr\/wp-json\/wp\/v2\/types\/product"}],"replies":[{"embeddable":true,"href":"https:\/\/stoic-curie.212-227-153-4.plesk.page\/hr\/wp-json\/wp\/v2\/comments?post=741624"}],"version-history":[{"count":0,"href":"https:\/\/stoic-curie.212-227-153-4.plesk.page\/hr\/wp-json\/wp\/v2\/product\/741624\/revisions"}],"wp:featuredmedia":[{"embeddable":true,"href":"https:\/\/stoic-curie.212-227-153-4.plesk.page\/hr\/wp-json\/wp\/v2\/media\/5942082"}],"wp:attachment":[{"href":"https:\/\/stoic-curie.212-227-153-4.plesk.page\/hr\/wp-json\/wp\/v2\/media?parent=741624"}],"wp:term":[{"taxonomy":"product_brand","embeddable":true,"href":"https:\/\/stoic-curie.212-227-153-4.plesk.page\/hr\/wp-json\/wp\/v2\/product_brand?post=741624"},{"taxonomy":"product_cat","embeddable":true,"href":"https:\/\/stoic-curie.212-227-153-4.plesk.page\/hr\/wp-json\/wp\/v2\/product_cat?post=741624"},{"taxonomy":"product_tag","embeddable":true,"href":"https:\/\/stoic-curie.212-227-153-4.plesk.page\/hr\/wp-json\/wp\/v2\/product_tag?post=741624"}],"curies":[{"name":"wp","href":"https:\/\/api.w.org\/{rel}","templated":true}]}}