{"id":741627,"date":"2025-03-03T18:14:52","date_gmt":"2025-03-03T17:14:52","guid":{"rendered":"https:\/\/stoic-curie.212-227-153-4.plesk.page\/producto\/tender-eurovinil-ev-rib-222cm\/"},"modified":"2026-02-25T00:00:54","modified_gmt":"2026-02-25T00:00:54","slug":"tender-eurovinil-ev-rib-222cm","status":"publish","type":"product","link":"https:\/\/stoic-curie.212-227-153-4.plesk.page\/hr\/product\/tender-eurovinil-ev-rib-222cm\/","title":{"rendered":"Tender Eurovinil EV RIB 222cm"},"content":{"rendered":"<p>Tender Eurovinil EV RIB 222cm &#8211; Polu-rigidni tender Eurovinil EV RIB 222 cm ima fiberglasnu podlogu izgra\u0111enu pomo\u0107u napredne vakuumske tehnologije, \u0161to rezultira proizvodom koji je istovremeno robustan i lagan, a pru\u017ea izvanredne performanse \u010dak i s manjim motorima. Izra\u0111en od visokotvrdog 1100D PVC mre\u017ee, ovaj tender osigurava dugovje\u010dnost i u\u010dinkovitost, \u010dak i kada ga upravljaju manje sna\u017eni motori. Njegov \u0161iroki tubularni dizajn i fenderi otporni na prskanje pru\u017eaju izvrsnu udobnost tijekom navigacije.<\/p>\n<p>Ova serija proizvoda odlikuje se pa\u017eljivom pozorno\u0161\u0107u na detalje i stylish estetikom. Prostrana tubularna konstrukcija, zajedno s ki\u0161nim za\u0161titnim pla\u0161tom, pove\u0107ava udobnost i \u0161titi putnike od prodiranja vode.<\/p>\n<p>Polu-rigidni \u010damci, karakterizirani elegantnim bijelim finishem, dizajnirani su da se nadopunjuju s bilo kojim plovilom, predstavljaju\u0107i besprijekornu kombinaciju elegancije, jednostavnosti i performansi.<\/p>\n<p>Standardna oprema uklju\u010dena s tenderom sastoji se od:<\/p>\n<ul>\n<li>Pumpa<\/li>\n<li>Set za popravak<\/li>\n<li>Jedra<\/li>\n<li>Torba za \u010damac<\/li>\n<li>U\u017ee za vezivanje<\/li>\n<li>Klupa<\/li>\n<\/ul>\n<p>Specifikacije za polu-rigidni tender:<\/p>\n<table>\n<thead>\n<tr>\n<th>Model<\/th>\n<th>200<\/th>\n<th>220<\/th>\n<th>250<\/th>\n<th>285<\/th>\n<\/tr>\n<\/thead>\n<tbody>\n<tr>\n<td>Ukupna duljina (cm)<\/td>\n<td>200<\/td>\n<td>220<\/td>\n<td>250<\/td>\n<td>290<\/td>\n<\/tr>\n<tr>\n<td>Ukupna \u0161irina (cm)<\/td>\n<td>147<\/td>\n<td>147<\/td>\n<td>150<\/td>\n<td>168<\/td>\n<\/tr>\n<tr>\n<td>Visina transoma (cm)<\/td>\n<td>38<\/td>\n<td>38<\/td>\n<td>38<\/td>\n<td>39<\/td>\n<\/tr>\n<tr>\n<td>Promjer tubularnih struktura (cm, prosje\u010dno)<\/td>\n<td>38<\/td>\n<td>38<\/td>\n<td>42<\/td>\n<td>43<\/td>\n<\/tr>\n<tr>\n<td>Broj osoba<\/td>\n<td>2<\/td>\n<td>2<\/td>\n<td>3<\/td>\n<td>3<\/td>\n<\/tr>\n<tr>\n<td>Maksimalno optere\u0107enje (kg)<\/td>\n<td>180<\/td>\n<td>280<\/td>\n<td>450<\/td>\n<td>550<\/td>\n<\/tr>\n<tr>\n<td>Broj prostorija<\/td>\n<td>3<\/td>\n<td>3<\/td>\n<td>3<\/td>\n<td>3<\/td>\n<\/tr>\n<tr>\n<td>Te\u017eina (kg)<\/td>\n<td>37<\/td>\n<td>39<\/td>\n<td>50<\/td>\n<td>65<\/td>\n<\/tr>\n<tr>\n<td>Maksimalna snaga (HP)<\/td>\n<td>4,5<\/td>\n<td>10<\/td>\n<td>10<\/td>\n<td>10<\/td>\n<\/tr>\n<tr>\n<td>Osovina<\/td>\n<td>Kratka<\/td>\n<td>Kratka<\/td>\n<td>Kratka<\/td>\n<td>Kratka<\/td>\n<\/tr>\n<tr>\n<td>Kategorija dizajna<\/td>\n<td>D<\/td>\n<td>D<\/td>\n<td>D<\/td>\n<td>D<\/td>\n<\/tr>\n<\/tbody>\n<\/table>\n<p>Ovaj detaljan pregled pru\u017ea vam sve potrebne informacije za dono\u0161enje informirane odluke o va\u0161im potrebama za polu-rigidnim tenderom.<\/p>\n","protected":false},"excerpt":{"rendered":"<p>Tender Eurovinil EV RIB 222cm &#8211; Polu-rigidni tender Eurovinil EV RIB 222 cm ima fiberglasnu podlogu izgra\u0111enu pomo\u0107u napredne vakuumske<\/p>\n","protected":false},"featured_media":5942138,"comment_status":"open","ping_status":"closed","template":"","meta":[],"product_brand":[2926],"product_cat":[1833],"product_tag":[],"class_list":{"0":"post-741627","1":"product","2":"type-product","3":"status-publish","4":"has-post-thumbnail","6":"product_brand-eurovinil-hr","7":"product_cat-pomocni-camci","9":"first","10":"instock","11":"shipping-taxable","12":"purchasable","13":"product-type-simple"},"_links":{"self":[{"href":"https:\/\/stoic-curie.212-227-153-4.plesk.page\/hr\/wp-json\/wp\/v2\/product\/741627","targetHints":{"allow":["GET"]}}],"collection":[{"href":"https:\/\/stoic-curie.212-227-153-4.plesk.page\/hr\/wp-json\/wp\/v2\/product"}],"about":[{"href":"https:\/\/stoic-curie.212-227-153-4.plesk.page\/hr\/wp-json\/wp\/v2\/types\/product"}],"replies":[{"embeddable":true,"href":"https:\/\/stoic-curie.212-227-153-4.plesk.page\/hr\/wp-json\/wp\/v2\/comments?post=741627"}],"version-history":[{"count":0,"href":"https:\/\/stoic-curie.212-227-153-4.plesk.page\/hr\/wp-json\/wp\/v2\/product\/741627\/revisions"}],"wp:featuredmedia":[{"embeddable":true,"href":"https:\/\/stoic-curie.212-227-153-4.plesk.page\/hr\/wp-json\/wp\/v2\/media\/5942138"}],"wp:attachment":[{"href":"https:\/\/stoic-curie.212-227-153-4.plesk.page\/hr\/wp-json\/wp\/v2\/media?parent=741627"}],"wp:term":[{"taxonomy":"product_brand","embeddable":true,"href":"https:\/\/stoic-curie.212-227-153-4.plesk.page\/hr\/wp-json\/wp\/v2\/product_brand?post=741627"},{"taxonomy":"product_cat","embeddable":true,"href":"https:\/\/stoic-curie.212-227-153-4.plesk.page\/hr\/wp-json\/wp\/v2\/product_cat?post=741627"},{"taxonomy":"product_tag","embeddable":true,"href":"https:\/\/stoic-curie.212-227-153-4.plesk.page\/hr\/wp-json\/wp\/v2\/product_tag?post=741627"}],"curies":[{"name":"wp","href":"https:\/\/api.w.org\/{rel}","templated":true}]}}